{"id":9217,"date":"2021-07-20T18:11:32","date_gmt":"2021-07-20T17:11:32","guid":{"rendered":"https:\/\/www.gecp.pt\/?page_id=9217"},"modified":"2021-07-22T17:29:52","modified_gmt":"2021-07-22T16:29:52","slug":"publicacoes","status":"publish","type":"page","link":"https:\/\/www.gecp.pt\/en\/publicacoes\/","title":{"rendered":"PUBLICATIONS"},"content":{"rendered":"<p class=\"qtranxs-available-languages-message qtranxs-available-languages-message-en translation-block\">Sorry, this entry is only available in      <a href=\"https:\/\/www.gecp.pt\/pt\/?trp-edit-translation=preview\" class=\"qtranxs-available-language-link qtranxs-available-language-link-pt\" title=\"Portugu\u00eas\" target=\"_self\">European Portuguese<\/a>.<\/p>","protected":false},"excerpt":{"rendered":"<p>PUBLICA\u00c7\u00d5ESAcesso online para consulta ou download das &#8220;nossas&#8221; publica\u00e7\u00f5es&#8230; 100 Perguntas chave no CANCRO DO PULM\u00c3O CANCRO DO PULM\u00c3O O QUE DEVO SABER Guia para doentes e cuidadores PARAR DE FUMAR DEPOIS DO DIAGN\u00d3STICO DE CANCRO Orienta\u00e7\u00f5es para doentes e&#8230;<!-- AddThis Advanced Settings generic via filter on get_the_excerpt --><!-- AddThis Share Buttons generic via filter on get_the_excerpt --><\/p>","protected":false},"author":1,"featured_media":0,"parent":0,"menu_order":0,"comment_status":"closed","ping_status":"closed","template":"","meta":{"om_disable_all_campaigns":false,"_monsterinsights_skip_tracking":false,"_monsterinsights_sitenote_active":false,"_monsterinsights_sitenote_note":"","_monsterinsights_sitenote_category":0,"ngg_post_thumbnail":0},"_links":{"self":[{"href":"https:\/\/www.gecp.pt\/en\/wp-json\/wp\/v2\/pages\/9217"}],"collection":[{"href":"https:\/\/www.gecp.pt\/en\/wp-json\/wp\/v2\/pages"}],"about":[{"href":"https:\/\/www.gecp.pt\/en\/wp-json\/wp\/v2\/types\/page"}],"author":[{"embeddable":true,"href":"https:\/\/www.gecp.pt\/en\/wp-json\/wp\/v2\/users\/1"}],"replies":[{"embeddable":true,"href":"https:\/\/www.gecp.pt\/en\/wp-json\/wp\/v2\/comments?post=9217"}],"version-history":[{"count":5,"href":"https:\/\/www.gecp.pt\/en\/wp-json\/wp\/v2\/pages\/9217\/revisions"}],"predecessor-version":[{"id":9272,"href":"https:\/\/www.gecp.pt\/en\/wp-json\/wp\/v2\/pages\/9217\/revisions\/9272"}],"wp:attachment":[{"href":"https:\/\/www.gecp.pt\/en\/wp-json\/wp\/v2\/media?parent=9217"}],"curies":[{"name":"wp","href":"https:\/\/api.w.org\/{rel}","templated":true}]}}