{"id":9070,"date":"2021-06-20T19:46:45","date_gmt":"2021-06-20T18:46:45","guid":{"rendered":"https:\/\/www.gecp.pt\/?page_id=9070"},"modified":"2026-01-29T14:42:22","modified_gmt":"2026-01-29T14:42:22","slug":"novos-socios","status":"publish","type":"page","link":"https:\/\/www.gecp.pt\/en\/novos-socios\/","title":{"rendered":"Novos S\u00f3cios"},"content":{"rendered":"<!--themify_builder_content-->\n<div id=\"themify_builder_content-9070\" data-postid=\"9070\" class=\"themify_builder_content themify_builder_content-9070 themify_builder tf_clear\">\n                    <div  data-lazy=\"1\" class=\"module_row themify_builder_row tb_5dsh381 tb_first tf_w\">\n                        <div class=\"row_inner col_align_top tb_col_count_1 tf_box tf_rel\">\n                        <div  data-lazy=\"1\" class=\"module_column tb-column col-full tb_vbof382 first\">\n                    <!-- module fancy heading -->\n<div  class=\"module module-fancy-heading tb_b1ez205  tb_hide_divider\" data-lazy=\"1\">\n        <h3 class=\"fancy-heading tf_textc\">\n    <span class=\"main-head tf_block\">\n                    Join Us...            <\/span>\n\n    \n    <span class=\"sub-head tf_block tf_rel\">\n                    how to be a member            <\/span>\n    <\/h3>\n<\/div>\n<!-- \/module fancy heading -->\n        <\/div>\n                        <\/div>\n        <\/div>\n                        <div  data-lazy=\"1\" class=\"module_row themify_builder_row tb_qomc609 tf_w\">\n                        <div class=\"row_inner col_align_top tb_col_count_2 tf_box tf_rel\">\n                        <div  data-lazy=\"1\" class=\"module_column tb-column tb_tcri610 first\">\n                    <!-- module text -->\n<div  class=\"module module-text tb_kdu3114\" data-lazy=\"1\">\n        <div  class=\"tb_text_wrap\">\n        <p><span style=\"font-family: Lato;\">The GECP is a private, independent social solidarity institution whose objective has been, since its creation in 2000, to promote the study and research on lung cancer.<\/span><\/p><p><span style=\"font-family: Lato;\"><br><\/span><\/p>\n<h5><strong>Who can be a GECP member?<\/strong><\/h5>\n<p>To be a member of the GECP, it is essential that your professional activity is related to the treatment and\/or research of lung cancer.<\/p>\n<h5><strong>Value of membership fees and payment methods:<\/strong><\/h5>\n<p>Valor das quotas \u00e9 de 25 euros por ano (pagamento por transferencia banc\u00e1ria). Depois de admitido como s\u00f3cio enviaremos os detalhes de pagamento.<\/p>    <\/div>\n<\/div>\n<!-- \/module text -->        <\/div>\n                    <div  data-lazy=\"1\" class=\"module_column tb-column tb_h9tt610 last\">\n                    <!-- module text -->\n<div  class=\"module module-text tb_yh1m628\" data-lazy=\"1\">\n        <div  class=\"tb_text_wrap\">\n        <p><strong style=\"color: rgb(64, 64, 64); font-family: Roboto; font-size: 16px; text-transform: uppercase;\">How can I join?<\/strong><br><\/p>\n<p>Para aderir, por favor <a href=\"https:\/\/forms.gle\/KcrK4aR4kLBtLupj9\" target=\"_blank\" rel=\"noopener\">preencha o  formul\u00e1rio<\/a> e indique dois s\u00f3cios proponentes que entraremos em contato em breve.<\/p>    <\/div>\n<\/div>\n<!-- \/module text -->        <div  data-lazy=\"1\" class=\"module_subrow themify_builder_sub_row tf_w col_align_top tb_col_count_1 tb_fs8e476\">\n                <div  data-lazy=\"1\" class=\"module_column sub_column col-full tb_1nj2476 first\">\n                    <!-- module image -->\n<div  class=\"module module-image tb_7mlh857 image-top   tf_mw\" data-lazy=\"1\">\n        <div class=\"image-wrap tf_rel tf_mw\">\n            <a href=\"https:\/\/forms.gle\/KcrK4aR4kLBtLupj9\" rel=\"noopener\" target=\"_blank\">\n                   <img src=\"https:\/\/www.gecp.pt\/wp-content\/uploads\/2026\/01\/2343563-120x120.png\" width=\"120\" height=\"120\" class=\"wp-post-image wp-image-18623\" title=\"form gecp\" alt=\"form gecp\" srcset=\"https:\/\/www.gecp.pt\/wp-content\/uploads\/2026\/01\/2343563-120x120.png 120w, https:\/\/www.gecp.pt\/wp-content\/uploads\/2026\/01\/2343563-300x300.png 300w, https:\/\/www.gecp.pt\/wp-content\/uploads\/2026\/01\/2343563-150x150.png 150w, https:\/\/www.gecp.pt\/wp-content\/uploads\/2026\/01\/2343563-12x12.png 12w, https:\/\/www.gecp.pt\/wp-content\/uploads\/2026\/01\/2343563-220x220.png 220w, https:\/\/www.gecp.pt\/wp-content\/uploads\/2026\/01\/2343563-200x200.png 200w, https:\/\/www.gecp.pt\/wp-content\/uploads\/2026\/01\/2343563.png 512w\" sizes=\"(max-width: 120px) 100vw, 120px\" \/>        <\/a>\n    \n        <\/div>\n    <!-- \/image-wrap -->\n    \n        <\/div>\n<!-- \/module image -->        <\/div>\n                    <\/div>\n                <\/div>\n                        <\/div>\n        <\/div>\n                        <div  data-lazy=\"1\" class=\"module_row themify_builder_row tb_5ita356 tf_w\">\n                        <div class=\"row_inner col_align_top tb_col_count_1 tf_box tf_rel\">\n                        <div  data-lazy=\"1\" class=\"module_column tb-column col-full tb_0t0r357 first\">\n                            <\/div>\n                        <\/div>\n        <\/div>\n        <\/div>\n<!--\/themify_builder_content-->\r\n\r\n<p><\/p><!-- AddThis Advanced Settings generic via filter on the_content --><!-- AddThis Share Buttons generic via filter on the_content -->","protected":false},"excerpt":{"rendered":"<p><!-- AddThis Advanced Settings generic via filter on get_the_excerpt --><!-- AddThis Share Buttons generic via filter on get_the_excerpt --><\/p>","protected":false},"author":1,"featured_media":0,"parent":0,"menu_order":0,"comment_status":"closed","ping_status":"closed","template":"","meta":{"om_disable_all_campaigns":false,"_monsterinsights_skip_tracking":false,"_monsterinsights_sitenote_active":false,"_monsterinsights_sitenote_note":"","_monsterinsights_sitenote_category":0,"ngg_post_thumbnail":0},"_links":{"self":[{"href":"https:\/\/www.gecp.pt\/en\/wp-json\/wp\/v2\/pages\/9070"}],"collection":[{"href":"https:\/\/www.gecp.pt\/en\/wp-json\/wp\/v2\/pages"}],"about":[{"href":"https:\/\/www.gecp.pt\/en\/wp-json\/wp\/v2\/types\/page"}],"author":[{"embeddable":true,"href":"https:\/\/www.gecp.pt\/en\/wp-json\/wp\/v2\/users\/1"}],"replies":[{"embeddable":true,"href":"https:\/\/www.gecp.pt\/en\/wp-json\/wp\/v2\/comments?post=9070"}],"version-history":[{"count":77,"href":"https:\/\/www.gecp.pt\/en\/wp-json\/wp\/v2\/pages\/9070\/revisions"}],"predecessor-version":[{"id":18643,"href":"https:\/\/www.gecp.pt\/en\/wp-json\/wp\/v2\/pages\/9070\/revisions\/18643"}],"wp:attachment":[{"href":"https:\/\/www.gecp.pt\/en\/wp-json\/wp\/v2\/media?parent=9070"}],"curies":[{"name":"wp","href":"https:\/\/api.w.org\/{rel}","templated":true}]}}