{"id":7264,"date":"2020-05-18T00:51:19","date_gmt":"2020-05-18T00:51:19","guid":{"rendered":"https:\/\/www.gecp.pt\/?page_id=7264"},"modified":"2020-05-18T01:26:00","modified_gmt":"2020-05-18T01:26:00","slug":"tabaco-e-covid19-dgs","status":"publish","type":"page","link":"https:\/\/www.gecp.pt\/en\/tabaco-e-covid19-dgs\/","title":{"rendered":"Tabaco e covid dgs"},"content":{"rendered":"<!--themify_builder_content-->\n<div id=\"themify_builder_content-7264\" data-postid=\"7264\" class=\"themify_builder_content themify_builder_content-7264 themify_builder tf_clear\">\n                    <div  data-lazy=\"1\" class=\"module_row themify_builder_row tb_236t722 tb_first tf_w\">\n                        <div class=\"row_inner col_align_top tb_col_count_1 tf_box tf_rel\">\n                        <div  data-lazy=\"1\" class=\"module_column tb-column col-full tb_2luu723 first\">\n                    <!-- module fancy heading -->\n<div  class=\"module module-fancy-heading tb_35nj157  tb_hide_divider\" data-lazy=\"1\">\n        <h3 class=\"fancy-heading tf_textc\">\n    <span class=\"main-head tf_block\">\n                    TOBACCO AND COVID-19            <\/span>\n\n    \n    <span class=\"sub-head tf_block tf_rel\">\n                    Dire\u00e7\u00e3o-Geral de Sa\u00fade            <\/span>\n    <\/h3>\n<\/div>\n<!-- \/module fancy heading -->\n        <div  data-lazy=\"1\" class=\"module_subrow themify_builder_sub_row tf_w col_align_top tb_col_count_4 tb_g7yr456\">\n                <div  data-lazy=\"1\" class=\"module_column sub_column col4-1 tb_kn5l457 first\">\n                    <!-- module image -->\n<div  class=\"module module-image tb_kxxo823 image-top   tf_mw\" data-lazy=\"1\">\n        <div class=\"image-wrap tf_rel tf_mw\">\n            <a href=\"https:\/\/www.gecp.pt\/wp-content\/uploads\/2020\/05\/1.png\" class=\"lightbox-builder themify_lightbox\">\n                   <img src=\"https:\/\/www.gecp.pt\/wp-content\/uploads\/2020\/05\/1.png\" class=\"wp-post-image wp-image-7265\" title=\"1\" alt=\"1\" srcset=\"https:\/\/www.gecp.pt\/wp-content\/uploads\/2020\/05\/1.png 4001w, https:\/\/www.gecp.pt\/wp-content\/uploads\/2020\/05\/1-300x300.png 300w, https:\/\/www.gecp.pt\/wp-content\/uploads\/2020\/05\/1-1024x1024.png 1024w, https:\/\/www.gecp.pt\/wp-content\/uploads\/2020\/05\/1-150x150.png 150w, https:\/\/www.gecp.pt\/wp-content\/uploads\/2020\/05\/1-768x768.png 768w, https:\/\/www.gecp.pt\/wp-content\/uploads\/2020\/05\/1-1536x1536.png 1536w, https:\/\/www.gecp.pt\/wp-content\/uploads\/2020\/05\/1-2048x2048.png 2048w\" sizes=\"(max-width: 4001px) 100vw, 4001px\" \/>        <\/a>\n    \n        <\/div>\n    <!-- \/image-wrap -->\n    \n        <\/div>\n<!-- \/module image --><!-- module image -->\n<div  class=\"module module-image tb_4tvb438 image-top   tf_mw\" data-lazy=\"1\">\n        <div class=\"image-wrap tf_rel tf_mw\">\n            <a href=\"https:\/\/www.gecp.pt\/wp-content\/uploads\/2020\/05\/5.png\" class=\"lightbox-builder themify_lightbox\">\n                   <img src=\"https:\/\/www.gecp.pt\/wp-content\/uploads\/2020\/05\/5.png\" class=\"wp-post-image wp-image-7269\" title=\"5\" alt=\"5\" srcset=\"https:\/\/www.gecp.pt\/wp-content\/uploads\/2020\/05\/5.png 4001w, https:\/\/www.gecp.pt\/wp-content\/uploads\/2020\/05\/5-300x300.png 300w, https:\/\/www.gecp.pt\/wp-content\/uploads\/2020\/05\/5-1024x1024.png 1024w, https:\/\/www.gecp.pt\/wp-content\/uploads\/2020\/05\/5-150x150.png 150w, https:\/\/www.gecp.pt\/wp-content\/uploads\/2020\/05\/5-768x768.png 768w, https:\/\/www.gecp.pt\/wp-content\/uploads\/2020\/05\/5-1536x1536.png 1536w, https:\/\/www.gecp.pt\/wp-content\/uploads\/2020\/05\/5-2048x2048.png 2048w\" sizes=\"(max-width: 4001px) 100vw, 4001px\" \/>        <\/a>\n    \n        <\/div>\n    <!-- \/image-wrap -->\n    \n        <\/div>\n<!-- \/module image --><!-- module image -->\n<div  class=\"module module-image tb_4xy8958 image-top   tf_mw\" data-lazy=\"1\">\n        <div class=\"image-wrap tf_rel tf_mw\">\n            <a href=\"https:\/\/www.gecp.pt\/wp-content\/uploads\/2020\/05\/9.png\" class=\"lightbox-builder themify_lightbox\">\n                   <img src=\"https:\/\/www.gecp.pt\/wp-content\/uploads\/2020\/05\/9.png\" class=\"wp-post-image wp-image-7273\" title=\"9\" alt=\"9\" srcset=\"https:\/\/www.gecp.pt\/wp-content\/uploads\/2020\/05\/9.png 4001w, https:\/\/www.gecp.pt\/wp-content\/uploads\/2020\/05\/9-300x300.png 300w, https:\/\/www.gecp.pt\/wp-content\/uploads\/2020\/05\/9-1024x1024.png 1024w, https:\/\/www.gecp.pt\/wp-content\/uploads\/2020\/05\/9-150x150.png 150w, https:\/\/www.gecp.pt\/wp-content\/uploads\/2020\/05\/9-768x768.png 768w, https:\/\/www.gecp.pt\/wp-content\/uploads\/2020\/05\/9-1536x1536.png 1536w, https:\/\/www.gecp.pt\/wp-content\/uploads\/2020\/05\/9-2048x2048.png 2048w\" sizes=\"(max-width: 4001px) 100vw, 4001px\" \/>        <\/a>\n    \n        <\/div>\n    <!-- \/image-wrap -->\n    \n        <\/div>\n<!-- \/module image -->        <\/div>\n                    <div  data-lazy=\"1\" class=\"module_column sub_column col4-1 tb_zjax457\">\n                    <!-- module image -->\n<div  class=\"module module-image tb_zxh6631 image-top   tf_mw\" data-lazy=\"1\">\n        <div class=\"image-wrap tf_rel tf_mw\">\n            <a href=\"https:\/\/www.gecp.pt\/wp-content\/uploads\/2020\/05\/2.png\" class=\"lightbox-builder themify_lightbox\">\n                   <img src=\"https:\/\/www.gecp.pt\/wp-content\/uploads\/2020\/05\/2.png\" class=\"wp-post-image wp-image-7266\" title=\"2\" alt=\"2\" srcset=\"https:\/\/www.gecp.pt\/wp-content\/uploads\/2020\/05\/2.png 4001w, https:\/\/www.gecp.pt\/wp-content\/uploads\/2020\/05\/2-300x300.png 300w, https:\/\/www.gecp.pt\/wp-content\/uploads\/2020\/05\/2-1024x1024.png 1024w, https:\/\/www.gecp.pt\/wp-content\/uploads\/2020\/05\/2-150x150.png 150w, https:\/\/www.gecp.pt\/wp-content\/uploads\/2020\/05\/2-768x768.png 768w, https:\/\/www.gecp.pt\/wp-content\/uploads\/2020\/05\/2-1536x1536.png 1536w, https:\/\/www.gecp.pt\/wp-content\/uploads\/2020\/05\/2-2048x2048.png 2048w\" sizes=\"(max-width: 4001px) 100vw, 4001px\" \/>        <\/a>\n    \n        <\/div>\n    <!-- \/image-wrap -->\n    \n        <\/div>\n<!-- \/module image --><!-- module image -->\n<div  class=\"module module-image tb_jihl805 image-top   tf_mw\" data-lazy=\"1\">\n        <div class=\"image-wrap tf_rel tf_mw\">\n            <a href=\"https:\/\/www.gecp.pt\/wp-content\/uploads\/2020\/05\/6.png\" class=\"lightbox-builder themify_lightbox\">\n                   <img src=\"https:\/\/www.gecp.pt\/wp-content\/uploads\/2020\/05\/6.png\" class=\"wp-post-image wp-image-7270\" title=\"6\" alt=\"6\" srcset=\"https:\/\/www.gecp.pt\/wp-content\/uploads\/2020\/05\/6.png 4001w, https:\/\/www.gecp.pt\/wp-content\/uploads\/2020\/05\/6-300x300.png 300w, https:\/\/www.gecp.pt\/wp-content\/uploads\/2020\/05\/6-1024x1024.png 1024w, https:\/\/www.gecp.pt\/wp-content\/uploads\/2020\/05\/6-150x150.png 150w, https:\/\/www.gecp.pt\/wp-content\/uploads\/2020\/05\/6-768x768.png 768w, https:\/\/www.gecp.pt\/wp-content\/uploads\/2020\/05\/6-1536x1536.png 1536w, https:\/\/www.gecp.pt\/wp-content\/uploads\/2020\/05\/6-2048x2048.png 2048w\" sizes=\"(max-width: 4001px) 100vw, 4001px\" \/>        <\/a>\n    \n        <\/div>\n    <!-- \/image-wrap -->\n    \n        <\/div>\n<!-- \/module image --><!-- module image -->\n<div  class=\"module module-image tb_atty94 image-top   tf_mw\" data-lazy=\"1\">\n        <div class=\"image-wrap tf_rel tf_mw\">\n            <a href=\"https:\/\/www.gecp.pt\/wp-content\/uploads\/2020\/05\/10.png\" class=\"lightbox-builder themify_lightbox\">\n                   <img src=\"https:\/\/www.gecp.pt\/wp-content\/uploads\/2020\/05\/10.png\" class=\"wp-post-image wp-image-7274\" title=\"10\" alt=\"10\" srcset=\"https:\/\/www.gecp.pt\/wp-content\/uploads\/2020\/05\/10.png 4001w, https:\/\/www.gecp.pt\/wp-content\/uploads\/2020\/05\/10-300x300.png 300w, https:\/\/www.gecp.pt\/wp-content\/uploads\/2020\/05\/10-1024x1024.png 1024w, https:\/\/www.gecp.pt\/wp-content\/uploads\/2020\/05\/10-150x150.png 150w, https:\/\/www.gecp.pt\/wp-content\/uploads\/2020\/05\/10-768x768.png 768w, https:\/\/www.gecp.pt\/wp-content\/uploads\/2020\/05\/10-1536x1536.png 1536w, https:\/\/www.gecp.pt\/wp-content\/uploads\/2020\/05\/10-2048x2048.png 2048w\" sizes=\"(max-width: 4001px) 100vw, 4001px\" \/>        <\/a>\n    \n        <\/div>\n    <!-- \/image-wrap -->\n    \n        <\/div>\n<!-- \/module image -->        <\/div>\n                    <div  data-lazy=\"1\" class=\"module_column sub_column col4-1 tb_4bu4457\">\n                    <!-- module image -->\n<div  class=\"module module-image tb_kc5i955 image-top   tf_mw\" data-lazy=\"1\">\n        <div class=\"image-wrap tf_rel tf_mw\">\n            <a href=\"https:\/\/www.gecp.pt\/wp-content\/uploads\/2020\/05\/3.png\" class=\"lightbox-builder themify_lightbox\">\n                   <img src=\"https:\/\/www.gecp.pt\/wp-content\/uploads\/2020\/05\/3.png\" class=\"wp-post-image wp-image-7267\" title=\"3\" alt=\"3\" srcset=\"https:\/\/www.gecp.pt\/wp-content\/uploads\/2020\/05\/3.png 4001w, https:\/\/www.gecp.pt\/wp-content\/uploads\/2020\/05\/3-300x300.png 300w, https:\/\/www.gecp.pt\/wp-content\/uploads\/2020\/05\/3-1024x1024.png 1024w, https:\/\/www.gecp.pt\/wp-content\/uploads\/2020\/05\/3-150x150.png 150w, https:\/\/www.gecp.pt\/wp-content\/uploads\/2020\/05\/3-768x768.png 768w, https:\/\/www.gecp.pt\/wp-content\/uploads\/2020\/05\/3-1536x1536.png 1536w, https:\/\/www.gecp.pt\/wp-content\/uploads\/2020\/05\/3-2048x2048.png 2048w\" sizes=\"(max-width: 4001px) 100vw, 4001px\" \/>        <\/a>\n    \n        <\/div>\n    <!-- \/image-wrap -->\n    \n        <\/div>\n<!-- \/module image --><!-- module image -->\n<div  class=\"module module-image tb_ti7540 image-top   tf_mw\" data-lazy=\"1\">\n        <div class=\"image-wrap tf_rel tf_mw\">\n            <a href=\"https:\/\/www.gecp.pt\/wp-content\/uploads\/2020\/05\/7.png\" class=\"lightbox-builder themify_lightbox\">\n                   <img src=\"https:\/\/www.gecp.pt\/wp-content\/uploads\/2020\/05\/7.png\" class=\"wp-post-image wp-image-7271\" title=\"7\" alt=\"7\" srcset=\"https:\/\/www.gecp.pt\/wp-content\/uploads\/2020\/05\/7.png 4001w, https:\/\/www.gecp.pt\/wp-content\/uploads\/2020\/05\/7-300x300.png 300w, https:\/\/www.gecp.pt\/wp-content\/uploads\/2020\/05\/7-1024x1024.png 1024w, https:\/\/www.gecp.pt\/wp-content\/uploads\/2020\/05\/7-150x150.png 150w, https:\/\/www.gecp.pt\/wp-content\/uploads\/2020\/05\/7-768x768.png 768w, https:\/\/www.gecp.pt\/wp-content\/uploads\/2020\/05\/7-1536x1536.png 1536w, https:\/\/www.gecp.pt\/wp-content\/uploads\/2020\/05\/7-2048x2048.png 2048w\" sizes=\"(max-width: 4001px) 100vw, 4001px\" \/>        <\/a>\n    \n        <\/div>\n    <!-- \/image-wrap -->\n    \n        <\/div>\n<!-- \/module image --><!-- module image -->\n<div  class=\"module module-image tb_ugtj311 image-top   tf_mw\" data-lazy=\"1\">\n        <div class=\"image-wrap tf_rel tf_mw\">\n            <a href=\"https:\/\/www.gecp.pt\/wp-content\/uploads\/2020\/05\/11.png\" class=\"lightbox-builder themify_lightbox\">\n                   <img src=\"https:\/\/www.gecp.pt\/wp-content\/uploads\/2020\/05\/11.png\" class=\"wp-post-image wp-image-7275\" title=\"11\" alt=\"11\" srcset=\"https:\/\/www.gecp.pt\/wp-content\/uploads\/2020\/05\/11.png 4001w, https:\/\/www.gecp.pt\/wp-content\/uploads\/2020\/05\/11-300x300.png 300w, https:\/\/www.gecp.pt\/wp-content\/uploads\/2020\/05\/11-1024x1024.png 1024w, https:\/\/www.gecp.pt\/wp-content\/uploads\/2020\/05\/11-150x150.png 150w, https:\/\/www.gecp.pt\/wp-content\/uploads\/2020\/05\/11-768x768.png 768w, https:\/\/www.gecp.pt\/wp-content\/uploads\/2020\/05\/11-1536x1536.png 1536w, https:\/\/www.gecp.pt\/wp-content\/uploads\/2020\/05\/11-2048x2048.png 2048w\" sizes=\"(max-width: 4001px) 100vw, 4001px\" \/>        <\/a>\n    \n        <\/div>\n    <!-- \/image-wrap -->\n    \n        <\/div>\n<!-- \/module image -->        <\/div>\n                    <div  data-lazy=\"1\" class=\"module_column sub_column col4-1 tb_y163457 last\">\n                    <!-- module image -->\n<div  class=\"module module-image tb_j4ow49 image-top   tf_mw\" data-lazy=\"1\">\n        <div class=\"image-wrap tf_rel tf_mw\">\n            <a href=\"https:\/\/www.gecp.pt\/wp-content\/uploads\/2020\/05\/4.png\" class=\"lightbox-builder themify_lightbox\">\n                   <img src=\"https:\/\/www.gecp.pt\/wp-content\/uploads\/2020\/05\/4.png\" class=\"wp-post-image wp-image-7268\" title=\"4\" alt=\"4\" srcset=\"https:\/\/www.gecp.pt\/wp-content\/uploads\/2020\/05\/4.png 4001w, https:\/\/www.gecp.pt\/wp-content\/uploads\/2020\/05\/4-300x300.png 300w, https:\/\/www.gecp.pt\/wp-content\/uploads\/2020\/05\/4-1024x1024.png 1024w, https:\/\/www.gecp.pt\/wp-content\/uploads\/2020\/05\/4-150x150.png 150w, https:\/\/www.gecp.pt\/wp-content\/uploads\/2020\/05\/4-768x768.png 768w, https:\/\/www.gecp.pt\/wp-content\/uploads\/2020\/05\/4-1536x1536.png 1536w, https:\/\/www.gecp.pt\/wp-content\/uploads\/2020\/05\/4-2048x2048.png 2048w\" sizes=\"(max-width: 4001px) 100vw, 4001px\" \/>        <\/a>\n    \n        <\/div>\n    <!-- \/image-wrap -->\n    \n        <\/div>\n<!-- \/module image --><!-- module image -->\n<div  class=\"module module-image tb_b6pb392 image-top   tf_mw\" data-lazy=\"1\">\n        <div class=\"image-wrap tf_rel tf_mw\">\n            <a href=\"https:\/\/www.gecp.pt\/wp-content\/uploads\/2020\/05\/8.png\" class=\"lightbox-builder themify_lightbox\">\n                   <img src=\"https:\/\/www.gecp.pt\/wp-content\/uploads\/2020\/05\/8.png\" class=\"wp-post-image wp-image-7272\" title=\"8\" alt=\"8\" srcset=\"https:\/\/www.gecp.pt\/wp-content\/uploads\/2020\/05\/8.png 4001w, https:\/\/www.gecp.pt\/wp-content\/uploads\/2020\/05\/8-300x300.png 300w, https:\/\/www.gecp.pt\/wp-content\/uploads\/2020\/05\/8-1024x1024.png 1024w, https:\/\/www.gecp.pt\/wp-content\/uploads\/2020\/05\/8-150x150.png 150w, https:\/\/www.gecp.pt\/wp-content\/uploads\/2020\/05\/8-768x768.png 768w, https:\/\/www.gecp.pt\/wp-content\/uploads\/2020\/05\/8-1536x1536.png 1536w, https:\/\/www.gecp.pt\/wp-content\/uploads\/2020\/05\/8-2048x2048.png 2048w\" sizes=\"(max-width: 4001px) 100vw, 4001px\" \/>        <\/a>\n    \n        <\/div>\n    <!-- \/image-wrap -->\n    \n        <\/div>\n<!-- \/module image -->        <\/div>\n                    <\/div>\n                <\/div>\n                        <\/div>\n        <\/div>\n        <\/div>\n<!--\/themify_builder_content-->\n<!-- AddThis Advanced Settings generic via filter on the_content --><!-- AddThis Share Buttons generic via filter on the_content -->","protected":false},"excerpt":{"rendered":"<p><!-- AddThis Advanced Settings generic via filter on get_the_excerpt --><!-- AddThis Share Buttons generic via filter on get_the_excerpt --><\/p>","protected":false},"author":1,"featured_media":0,"parent":0,"menu_order":0,"comment_status":"closed","ping_status":"closed","template":"","meta":{"om_disable_all_campaigns":false,"_monsterinsights_skip_tracking":false,"_monsterinsights_sitenote_active":false,"_monsterinsights_sitenote_note":"","_monsterinsights_sitenote_category":0,"ngg_post_thumbnail":0},"_links":{"self":[{"href":"https:\/\/www.gecp.pt\/en\/wp-json\/wp\/v2\/pages\/7264"}],"collection":[{"href":"https:\/\/www.gecp.pt\/en\/wp-json\/wp\/v2\/pages"}],"about":[{"href":"https:\/\/www.gecp.pt\/en\/wp-json\/wp\/v2\/types\/page"}],"author":[{"embeddable":true,"href":"https:\/\/www.gecp.pt\/en\/wp-json\/wp\/v2\/users\/1"}],"replies":[{"embeddable":true,"href":"https:\/\/www.gecp.pt\/en\/wp-json\/wp\/v2\/comments?post=7264"}],"version-history":[{"count":25,"href":"https:\/\/www.gecp.pt\/en\/wp-json\/wp\/v2\/pages\/7264\/revisions"}],"predecessor-version":[{"id":7323,"href":"https:\/\/www.gecp.pt\/en\/wp-json\/wp\/v2\/pages\/7264\/revisions\/7323"}],"wp:attachment":[{"href":"https:\/\/www.gecp.pt\/en\/wp-json\/wp\/v2\/media?parent=7264"}],"curies":[{"name":"wp","href":"https:\/\/api.w.org\/{rel}","templated":true}]}}