{"id":5645,"date":"2020-05-01T22:38:33","date_gmt":"2020-05-01T22:38:33","guid":{"rendered":"https:\/\/www.gecp.pt\/?page_id=5645"},"modified":"2020-08-12T09:06:06","modified_gmt":"2020-08-12T08:06:06","slug":"covid-normas","status":"publish","type":"page","link":"https:\/\/www.gecp.pt\/en\/covid-normas\/","title":{"rendered":"covid normas"},"content":{"rendered":"<p><\/p>\n<!--themify_builder_content-->\n<div id=\"themify_builder_content-5645\" data-postid=\"5645\" class=\"themify_builder_content themify_builder_content-5645 themify_builder tf_clear\">\n                    <div  data-lazy=\"1\" class=\"module_row themify_builder_row tb_eng6111 tb_first tf_w\">\n                        <div class=\"row_inner col_align_top tb_col_count_1 tf_box tf_rel\">\n                        <div  data-lazy=\"1\" class=\"module_column tb-column col-full tb_s066112 first\">\n                    <!-- module fancy heading -->\n<div  class=\"module module-fancy-heading tb_p4jg805  tb_hide_divider\" data-lazy=\"1\">\n        <h3 class=\"fancy-heading tf_textc\">\n    <span class=\"main-head tf_block\">\n                    RECOMMENDATIONS            <\/span>\n\n    \n    <span class=\"sub-head tf_block tf_rel\">\n                    COVID-19            <\/span>\n    <\/h3>\n<\/div>\n<!-- \/module fancy heading -->\n        <\/div>\n                        <\/div>\n        <\/div>\n                        <div  data-lazy=\"1\" class=\"module_row themify_builder_row tb_h8s7859 tf_w\">\n                        <div class=\"row_inner col_align_top tb_col_count_2 tf_box tf_rel\">\n                        <div  data-lazy=\"1\" class=\"module_column tb-column col2-1 tb_qtdh859 first\">\n                    <!-- module accordion -->\n<div  class=\"module module-accordion tb_1usi318\" data-behavior=\"toggle\" data-lazy=\"1\">\n    \n    <ul class=\"ui module-accordion   light-blue\">\n            <li class=\"builder-accordion-active\">\n            <div class=\"accordion-title tf_rel\">\n                <a href=\"#acc-1usi318-0\" class=\"tb_title_accordion\" aria-controls=\"acc-1usi318-0-content\" aria-expanded=\"true\">\n                    <i class=\"accordion-icon tf_hide\"><svg  class=\"tf_fa tf-fas-caret-down\" aria-hidden=\"true\"><use href=\"#tf-fas-caret-down\"><\/use><\/svg><\/i>                    <i class=\"accordion-active-icon\"><svg  class=\"tf_fa tf-fas-caret-up\" aria-hidden=\"true\"><use href=\"#tf-fas-caret-up\"><\/use><\/svg><\/i>                    <span class=\"accordion-title-wrap\">NATIONAL RECOMMENDATIONS<\/span>                <\/a>\n            <\/div><!-- .accordion-title -->\n            <div id=\"acc-1usi318-0-content\" data-id=\"acc-1usi318-0\" aria-hidden=\"false\" class=\"accordion-content tf_clearfix\">\n                                    <div class=\"tb_text_wrap\">\n                        <ul>\n<li><a href=\"https:\/\/gecp.pt\/wp-content\/uploads\/covid-19\/nomas-nacionais\/CEIC-novos-procedimentos-face_a_Covid19_23-4-2020.pdf\" target=\"_blank\" rel=\"noopener\">CEIC novos procedimentos face \u00e0 Covid19 23-4-2020<\/a><\/li>\n<li>C<a href=\"https:\/\/gecp.pt\/wp-content\/uploads\/covid-19\/nomas-nacionais\/CEIC-sobre-Ensaios-Clinicos-ou-Estudos-de%20intervencao-com-DM-Covid-19_31-03-2020.pdf\" target=\"_blank\" rel=\"noopener\">EIC sobre Ensaios Cl\u00ednicos ou Estudos de interven\u00e7\u00e3o com DM Covid-19 31-03-2020<\/a><\/li>\n<li><a href=\"https:\/\/gecp.pt\/wp-content\/uploads\/covid-19\/nomas-nacionais\/CT-Colegio-da-Especialidade-Cirurgia-Toracica-recomendacoes-COVID19.pdf\" target=\"_blank\" rel=\"noopener\">CT &#8211; Col\u00e9gio da Especialidade Cirurgia-Tor\u00e1cica-recomenda\u00e7\u00f5es-COVID19<\/a><\/li>\n<li><a href=\"https:\/\/gecp.pt\/wp-content\/uploads\/covid-19\/nomas-nacionais\/DGS-covid-e-cancro-2-4-2020.pdf\" target=\"_blank\" rel=\"noopener\">DGS covid e cancro 2-4-2020<\/a><\/li>\n<li><strong><a href=\"https:\/\/gecp.pt\/wp-content\/uploads\/covid-19\/nomas-nacionais\/GECPeSPP-Recomendacoes-COVID-19.pdf\" target=\"_blank\" rel=\"noopener\">GECP e SPP &#8211; RECOMENDA\u00c7\u00d5ES COVID-19<\/a><\/strong><\/li>\n<li><a href=\"https:\/\/gecp.pt\/wp-content\/uploads\/covid-19\/nomas-nacionais\/OM-Colegio-da-Especialidade-Oncologia-Medica-restricao-atividade-COVID-19.pdf\" target=\"_blank\" rel=\"noopener\">OM &#8211; Col\u00e9gio da Especialidade Oncologia M\u00e9dica &#8211; restri\u00e7\u00e3o atividade COVID19<\/a><\/li>\n<li><a href=\"https:\/\/gecp.pt\/wp-content\/uploads\/covid-19\/nomas-nacionais\/Radioncologia-restricao-atividade-COVID19.pdf\" target=\"_blank\" rel=\"noopener\">Radioncologia &#8211; restri\u00e7\u00e3o atividade COVID19<\/a><\/li>\n<li><a href=\"https:\/\/gecp.pt\/wp-content\/uploads\/covid-19\/nomas-nacionais\/SPO-RECOMENDACOES-PARA-O-TRATAMENTO-DE-DOENTES-COM-CANCRO-E-O-COVID-19.pdf\" target=\"_blank\" rel=\"noopener\">SPO &#8211; Recomenda\u00e7\u00f5es para o tratamento de doentes com Cancro e o COVID-19<\/a><\/li>\n<\/ul>                    <\/div>\n                            <\/div><!-- .accordion-content -->\n        <\/li>\n        <\/ul>\n\n<\/div><!-- \/module accordion -->        <\/div>\n                    <div  data-lazy=\"1\" class=\"module_column tb-column col2-1 tb_ldkp859 last\">\n                    <!-- module accordion -->\n<div  class=\"module module-accordion tb_3ch2573\" data-behavior=\"toggle\" data-lazy=\"1\">\n    \n    <ul class=\"ui module-accordion   light-blue\">\n            <li class=\"builder-accordion-active\">\n            <div class=\"accordion-title tf_rel\">\n                <a href=\"#acc-3ch2573-0\" class=\"tb_title_accordion\" aria-controls=\"acc-3ch2573-0-content\" aria-expanded=\"true\">\n                    <i class=\"accordion-icon tf_hide\"><svg  class=\"tf_fa tf-fas-caret-down\" aria-hidden=\"true\"><use href=\"#tf-fas-caret-down\"><\/use><\/svg><\/i>                    <i class=\"accordion-active-icon\"><svg  class=\"tf_fa tf-fas-caret-up\" aria-hidden=\"true\"><use href=\"#tf-fas-caret-up\"><\/use><\/svg><\/i>                    <span class=\"accordion-title-wrap\">INTERNATIONAL RECOMMENDATIONS<\/span>                <\/a>\n            <\/div><!-- .accordion-title -->\n            <div id=\"acc-3ch2573-0-content\" data-id=\"acc-3ch2573-0\" aria-hidden=\"false\" class=\"accordion-content tf_clearfix\">\n                                    <div class=\"tb_text_wrap\">\n                        <ul>\n<li><a href=\"https:\/\/www.gecp.pt\/wp-content\/uploads\/covid-19\/normas-internacionais\/ASCO%20-%20Ethics%20and%20Resource%20Scarcity-%20ASCO%20Recommendations%20for%20the%20Oncology%20Community%20During%20the%20COVID19%20Pandemic%20JCO.pdf\" target=\"_blank\" rel=\"noopener\">ASCO &#8211; Ethics and Resource Scarcity- ASCO Recommendations for the Oncology Community During the COVID19 Pandemic JCO<\/a><\/li>\n<li><a href=\"https:\/\/www.gecp.pt\/wp-content\/uploads\/covid-19\/normas-internacionais\/Cancer%20Core%20Europe%20-%20Caring%20for%20patients%20with%20cancer%20in%20the%20COVID-19%20era.pdf\" target=\"_blank\" rel=\"noopener\">Cancer Core Europe &#8211; Caring for patients with cancer in the COVID-19 era<\/a><\/li>\n<li><a href=\"https:\/\/www.gecp.pt\/wp-content\/uploads\/covid-19\/normas-internacionais\/Cancer%20guidelines%20during%20the%20COVID-19%20pandemic%20lancet.pdf\" target=\"_blank\" rel=\"noopener\">Cancer guidelines during the COVID-19 pandemic lancet<\/a><\/li>\n<li><a href=\"https:\/\/gecp.pt\/wp-content\/uploads\/covid-19\/normas-internacionais\/Clinical%20Trials%20NCI%20%20-%20Guidance%20for%20Patients%20on%20Clinical%20Trials%20%20Supported%20by%20the%20NCI%20covid19%20mar%C3%83%C2%A7o20.pdf\" target=\"_blank\" rel=\"noopener\">Clinical Trials NCI &#8211; Guidance for Patients on Clinical Trials Supported by the NCI covid19 mar\u00e7o20<\/a><\/li>\n<li><a href=\"https:\/\/gecp.pt\/wp-content\/uploads\/covid-19\/normas-internacionais\/COVID-19%20Guidance%20for%20Triage%20of%20Operations%20for%20Thoracic%20Malignancies%20-%20A%20Consensus%20Statement%20from%20Thoracic%20Surgery%20Outcomes%20Research%20Network.pdf\" target=\"_blank\" rel=\"noopener\">COVID-19 Guidance for Triage of Operations for Thoracic Malignancies &#8211; A Consensus Statement from Thoracic Surgery Outcomes Research Network<\/a><\/li>\n<li><a href=\"https:\/\/gecp.pt\/wp-content\/uploads\/covid-19\/normas-internacionais\/ERJ%20-%20CANCER%20IN%20THE%20TIME%20OF%20COVID-%20Expert%20opinion%20on%20how%20to%20adapt%20current%20practice.pdf\" target=\"_blank\" rel=\"noopener\">ERJ &#8211; CANCER IN THE TIME OF COVID- Expert opinion on how to adapt current practice<\/a><\/li>\n<li><a href=\"https:\/\/gecp.pt\/wp-content\/uploads\/covid-19\/normas-internacionais\/ESMO%20-%20SUPPORTIVE%20CARE%20STRATEGIES%20DURING%20THE%20COVID.pdf\" target=\"_blank\" rel=\"noopener\">ESMO &#8211; SUPPORTIVE CARE STRATEGIES DURING THE COVID<\/a><\/li>\n<li><a href=\"https:\/\/gecp.pt\/wp-content\/uploads\/covid-19\/normas-internacionais\/ESMO%20MANAGEMENT%20AND%20TREATMENT%20ADAPTED%20RECOMMENDATIONS%20IN%20THE%20COVID-19%20ERA%20-%20LUNG%20CANCER.pdf\" target=\"_blank\" rel=\"noopener\">ESMO MANAGEMENT AND TREATMENT ADAPTED RECOMMENDATIONS IN THE COVID-19 ERA &#8211; LUNG CANCER<\/a><\/li>\n<li><a href=\"https:\/\/gecp.pt\/wp-content\/uploads\/covid-19\/normas-internacionais\/ESTRO-ASTRO%20consensus%20statement%20Practice%20recommendations%20for%20lung%20cancer%20radiotherapy%20during%20the%20COVID-19%20pandemic.pdf\" target=\"_blank\" rel=\"noopener\">ESTRO-ASTRO consensus statement Practice recommendations for lung cancer radiotherapy during the COVID-19 pandemic<\/a><\/li>\n<li><a href=\"https:\/\/gecp.pt\/wp-content\/uploads\/covid-19\/normas-internacionais\/How%20we%20treat%20patients%20with%20lung%20cancer%20during%20the%20SARS-CoV-2%20pandemic%20-%20ESMO%20Open%202020.pdf\" target=\"_blank\" rel=\"noopener\">How we treat patients with lung cancer during the SARS-CoV-2 pandemic &#8211; ESMO Open 2020<\/a><\/li>\n<li><a href=\"https:\/\/gecp.pt\/wp-content\/uploads\/covid-19\/normas-internacionais\/IASLC%20covid.pdf\" target=\"_blank\" rel=\"noopener\">IASLC covid<\/a><\/li>\n<li><a href=\"https:\/\/gecp.pt\/wp-content\/uploads\/covid-19\/normas-internacionais\/IASLC%20PERTINENT%20QUESTIONS%20Regarding%20the%20CARE%20of%20PATIENTS%20WITH%20LUNG%20CANCER%20in%20the%20COVID-19%20ENVIRONMENT.pdf\" target=\"_blank\" rel=\"noopener\">IASLC PERTINENT QUESTIONS Regarding the CARE of PATIENTS WITH LUNG CANCER in the COVID-19 ENVIRONMENT<\/a><\/li>\n<li><a href=\"https:\/\/gecp.pt\/wp-content\/uploads\/covid-19\/normas-internacionais\/Lung%20cancer%20pathway%20guidance%20COVID-19%20www.brit-thoracic.org.uk.pdf\" target=\"_blank\" rel=\"noopener\">Lung cancer pathway guidance COVID-19 www.brit-thoracic.org.uk<\/a><\/li>\n<li><a href=\"https:\/\/gecp.pt\/wp-content\/uploads\/covid-19\/normas-internacionais\/NCCN%20-%20Safety%20at%20the%20Time%20of%20the%20COVID-19%20Pandemic%20-%20How%20to%20Keep%20our%20Oncology%20Patients%20and%20Healthcare%20Workers%20Safe%20.pdf\" target=\"_blank\" rel=\"noopener\">NCCN &#8211; Safety at the Time of the COVID-19 Pandemic &#8211; How to Keep our Oncology Patients and Healthcare Workers Safe<\/a><\/li>\n<li><a href=\"https:\/\/gecp.pt\/wp-content\/uploads\/covid-19\/normas-internacionais\/NHS%20Clinical%20guide%20for%20the%20management%20of%20essential%20cancer%20surgery%20for%20adults%20during%20the%20coronavirus%20pandemic%207-4-2020.pdf\" target=\"_blank\" rel=\"noopener\">NHS Clinical guide for the management of essential cancer surgery for adults during the coronavirus pandemic 7-4-2020<\/a><\/li>\n<li><a href=\"https:\/\/gecp.pt\/wp-content\/uploads\/covid-19\/normas-internacionais\/Recomendaciones_GECP.pdf\" target=\"_blank\" rel=\"noopener\">Recomendaciones_GECP<\/a><\/li>\n<li><a href=\"https:\/\/www.gecp.pt\/wp-content\/uploads\/covid-19\/normas-internacionais\/Pa%C3%8C%C2%81gina%20web.pdf\" target=\"_blank\" rel=\"noopener\">The Role of Chest Imaging in Patient Management during the COVID-19 Pandemic: A Multinational Consensus Statement from the Fleischner Society<\/a><\/li>\n<li><a href=\"https:\/\/www.gecp.pt\/wp-content\/uploads\/covid-19\/normas-internacionais\/management%20nodules%20and%20screnn%20covid%2019.pdf\" target=\"_blank\" rel=\"noopener\">Management nodules and screnn covid 19<\/a><\/li>\n<li><a href=\"https:\/\/www.gecp.pt\/wp-content\/uploads\/covid-19\/normas-internacionais\/Patients%20with%20cancer%20appear%20more%20vulnerable%20to%20SARS-COV-2.pdf\" target=\"_blank\" rel=\"noopener\">Patients with cancer appear more vulnerable to SARS-COV-2<\/a><\/li>\n<li><a href=\"https:\/\/www.gecp.pt\/wp-content\/uploads\/covid-19\/normas-internacionais\/TERAVOLT%20(Thoracic%20cancERs%20international%20coVid%2019%20cOLlaboraTion):%20First%20results%20of%20a%20global%20collaboration%20to%20address%20the%20impact%20of%20COVID-19%20in%20patients%20with%20thoracic%20malignancies.pdf\" target=\"_blank\" rel=\"noopener\">TERAVOLT (Thoracic cancERs international coVid 19 cOLlaboraTion)\/ First results of a global collaboration to address the impact of COVID-19 in patients with thoracic malignancies<\/a><\/li>\n<li><a href=\"https:\/\/www.gecp.pt\/wp-content\/uploads\/covid-19\/normas-internacionais\/Treatment%20Guidance%20for%20Lung%20Cancer%20Patients%20During%20the%20COVID-19%20Pandemic.pdf\" target=\"_blank\" rel=\"noopener\">Treatment Guidance for Lung Cancer Patients During the COVID-19 Pandemic<\/a><\/li>\n<li><a href=\"https:\/\/www.gecp.pt\/wp-content\/uploads\/covid-19\/normas-internacionais\/Managing_cancer_patients_during%20_the%20COVID-19_pandemic.pdf\" target=\"_blank\" rel=\"noopener\">ESMO &#8211; Managing cancer patients during the COVID-19 pandemic<\/a><\/li>\n<\/ul>                    <\/div>\n                            <\/div><!-- .accordion-content -->\n        <\/li>\n        <\/ul>\n\n<\/div><!-- \/module accordion -->        <\/div>\n                        <\/div>\n        <\/div>\n        <\/div>\n<!--\/themify_builder_content-->\n<!-- AddThis Advanced Settings generic via filter on the_content --><!-- AddThis Share Buttons generic via filter on the_content -->","protected":false},"excerpt":{"rendered":"<p><!-- AddThis Advanced Settings generic via filter on get_the_excerpt --><!-- AddThis Share Buttons generic via filter on get_the_excerpt --><\/p>","protected":false},"author":1,"featured_media":0,"parent":0,"menu_order":0,"comment_status":"closed","ping_status":"closed","template":"","meta":{"om_disable_all_campaigns":false,"_monsterinsights_skip_tracking":false,"_monsterinsights_sitenote_active":false,"_monsterinsights_sitenote_note":"","_monsterinsights_sitenote_category":0,"ngg_post_thumbnail":0},"_links":{"self":[{"href":"https:\/\/www.gecp.pt\/en\/wp-json\/wp\/v2\/pages\/5645"}],"collection":[{"href":"https:\/\/www.gecp.pt\/en\/wp-json\/wp\/v2\/pages"}],"about":[{"href":"https:\/\/www.gecp.pt\/en\/wp-json\/wp\/v2\/types\/page"}],"author":[{"embeddable":true,"href":"https:\/\/www.gecp.pt\/en\/wp-json\/wp\/v2\/users\/1"}],"replies":[{"embeddable":true,"href":"https:\/\/www.gecp.pt\/en\/wp-json\/wp\/v2\/comments?post=5645"}],"version-history":[{"count":103,"href":"https:\/\/www.gecp.pt\/en\/wp-json\/wp\/v2\/pages\/5645\/revisions"}],"predecessor-version":[{"id":7638,"href":"https:\/\/www.gecp.pt\/en\/wp-json\/wp\/v2\/pages\/5645\/revisions\/7638"}],"wp:attachment":[{"href":"https:\/\/www.gecp.pt\/en\/wp-json\/wp\/v2\/media?parent=5645"}],"curies":[{"name":"wp","href":"https:\/\/api.w.org\/{rel}","templated":true}]}}