{"id":5631,"date":"2020-05-01T22:20:03","date_gmt":"2020-05-01T22:20:03","guid":{"rendered":"https:\/\/www.gecp.pt\/?page_id=5631"},"modified":"2020-06-06T14:38:09","modified_gmt":"2020-06-06T13:38:09","slug":"covid-19-cancro","status":"publish","type":"page","link":"https:\/\/www.gecp.pt\/en\/covid-19-cancro\/","title":{"rendered":"covid-19-cancro"},"content":{"rendered":"<!--themify_builder_content-->\n<div id=\"themify_builder_content-5631\" data-postid=\"5631\" class=\"themify_builder_content themify_builder_content-5631 themify_builder tf_clear\">\n                    <div  data-lazy=\"1\" class=\"module_row themify_builder_row tb_v74w730 tb_first tf_w\">\n                        <div class=\"row_inner col_align_top tb_col_count_1 tf_box tf_rel\">\n                        <div  data-lazy=\"1\" class=\"module_column tb-column col-full tb_xkkx731 first\">\n                    <!-- module fancy heading -->\n<div  class=\"module module-fancy-heading tb_368l189  tb_hide_divider\" data-lazy=\"1\">\n        <h3 class=\"fancy-heading tf_textc\">\n    <span class=\"main-head tf_block\">\n                    CANCER AND COVID-19            <\/span>\n\n    \n    <span class=\"sub-head tf_block tf_rel\">\n                                <\/span>\n    <\/h3>\n<\/div>\n<!-- \/module fancy heading -->\n        <\/div>\n                        <\/div>\n        <\/div>\n                        <div  data-lazy=\"1\" class=\"module_row themify_builder_row tb_jby6312 tf_w\">\n                        <div class=\"row_inner col_align_top tb_col_count_2 tf_box tf_rel\">\n                        <div  data-lazy=\"1\" class=\"module_column tb-column col2-1 tb_yx16312 first\">\n                    <!-- module text -->\n<div  class=\"module module-text tb_f0hw356\" data-lazy=\"1\">\n        <div  class=\"tb_text_wrap\">\n        <p>A Organizac\u0327a\u0303o Mundial de Sau\u0301de declarou a COVID-19 como pandemia a 11 de marc\u0327o de 2020, com 118.326 casos confirmados, 4.292 mortes reportadas e uma taxa de mortalidade global na ordem dos 3,6%.<\/p>\n<p>A ni\u0301vel mundial, o aumento da taxa de mortalidade por SARS-CoV-2 associou-se a\u0300 idade avanc\u0327ada e a\u0300s comorbilidades associadas como a patologia cardiovascular, a diabetes ou o cancro.<\/p>\n<p>O cancro e a imunossupressa\u0303o causada pelos fa\u0301rmacos utilizados colocam os doentes oncolo\u0301gicos num grupo de alto risco para infec\u0327a\u0303o SARS-CoV-2.<\/p>\n<p>Os doentes com cancro do pulma\u0303o associam-se a um risco superior de complicac\u0327o\u0303es pulmonares pelo SARS-CoV-2, pelo que o risco\/benefi\u0301cio das terape\u0302uticas utilizadas nestes doentes em contexto pande\u0301mico, te\u0302m de ser considerados e avaliados individualmente.<\/p>\n<p>Dada a relev\u00e2ncia do contexto epidemiol\u00f3gico atual o Grupo de Estudos de Cancro do Pulma\u0303o e a Sociedade Portuguesa de Pneumologia, emitiram em conjunto recomenda\u00e7\u00f5es relativas \u00e0 melhor abordagem dos doentes com tumores tor\u00e1cicos (<a href=\"https:\/\/gecp.pt\/wp-content\/uploads\/covid-19\/nomas-nacionais\/GECPeSPP-Recomendacoes-COVID-19.pdf\" target=\"_blank\" rel=\"noopener\">recomenda\u00e7\u00f5es<\/a>).<\/p>\n<p>Na tentativa de expandir o conhecimento e facilitar a pesquisa cientifica dos s\u00f3cios do GECP decidimos fazer tamb\u00e9m uma colet\u00e2nea de v\u00e1rias<a href=\"https:\/\/www.gecp.pt\/covid-normas\/\" target=\"_blank\" rel=\"noopener\"> normas de orienta\u00e7\u00e3o nacionais e internacionais<\/a> relacionadas com COVID-19 e cancro, assim como de alguns <a href=\"https:\/\/www.gecp.pt\/covid-artigos\/\" target=\"_blank\" rel=\"noopener\">artigos<\/a> soltos que selecion\u00e1mos por nos parecerem poder ter algum interesse a quem trabalha nesta \u00e1rea.<\/p>\n<p>Para terminar gostar\u00edamos de expressar o nosso apre\u00e7o e gratid\u00e3o a todos os colegas e profissionais de outras \u00e1reas da sa\u00fade que tratam diariamente com doentes infetados com SARS- CoV-2 e tamb\u00e9m aos \u00a0que, apesar da gravidade do contexto epidemiol\u00f3gico, continuam a prestar\u00a0tratamento e um imprescind\u00edvel suporte di\u00e1rio aos doentes com tumores tor\u00e1cicos permitindo desta forma diminuir os danos colaterais desta pandemia.<\/p>\n<p>\u00a0<\/p>\n<p><span style=\"font-size: 12px;\">A informa\u00e7\u00e3o reporta a Abril de 2020.<\/span><\/p>\n<p>\u00a0<\/p>    <\/div>\n<\/div>\n<!-- \/module text -->        <\/div>\n                    <div  data-lazy=\"1\" class=\"module_column tb-column col2-1 tb_qr65313 last\">\n                    <!-- module image -->\n<div  class=\"module module-image tb_lamy53 image-center   tf_mw\" data-lazy=\"1\">\n        <div class=\"image-wrap tf_rel tf_mw\">\n            <img src=\"https:\/\/www.gecp.pt\/wp-content\/uploads\/2020\/05\/covid19_gecp-250x250.png\" width=\"250\" height=\"250\" class=\"wp-post-image wp-image-5635\" title=\"covid19_gecp\" alt=\"covid19_gecp\" srcset=\"https:\/\/www.gecp.pt\/wp-content\/uploads\/2020\/05\/covid19_gecp-250x250.png 250w, https:\/\/www.gecp.pt\/wp-content\/uploads\/2020\/05\/covid19_gecp-300x300.png 300w, https:\/\/www.gecp.pt\/wp-content\/uploads\/2020\/05\/covid19_gecp-150x150.png 150w, https:\/\/www.gecp.pt\/wp-content\/uploads\/2020\/05\/covid19_gecp.png 512w\" sizes=\"(max-width: 250px) 100vw, 250px\" \/>    \n        <\/div>\n    <!-- \/image-wrap -->\n    \n        <\/div>\n<!-- \/module image --><!-- module image -->\n<div  class=\"module module-image tb_aesw174 image-center   tf_mw\" data-lazy=\"1\">\n        <div class=\"image-wrap tf_rel tf_mw\">\n            <a href=\"https:\/\/gecp.pt\/wp-content\/uploads\/covid-19\/nomas-nacionais\/GECPeSPP-Recomendacoes-COVID-19.pdf\" rel=\"noopener\" target=\"_blank\">\n                   <img src=\"https:\/\/www.gecp.pt\/wp-content\/uploads\/2020\/05\/GECPeSPP-Recomendacoes-COVID-19-1-722x1024-300x425.jpg\" width=\"300\" height=\"425\" class=\"wp-post-image wp-image-7391\" title=\"GECPeSPP-Recomendacoes-COVID-19-1\" alt=\"GECPeSPP-Recomendacoes-COVID-19-1\" srcset=\"https:\/\/www.gecp.pt\/wp-content\/uploads\/2020\/05\/GECPeSPP-Recomendacoes-COVID-19-1-722x1024-300x425.jpg 300w, https:\/\/www.gecp.pt\/wp-content\/uploads\/2020\/05\/GECPeSPP-Recomendacoes-COVID-19-1-211x300.jpg 211w, https:\/\/www.gecp.pt\/wp-content\/uploads\/2020\/05\/GECPeSPP-Recomendacoes-COVID-19-1-722x1024.jpg 722w, https:\/\/www.gecp.pt\/wp-content\/uploads\/2020\/05\/GECPeSPP-Recomendacoes-COVID-19-1-768x1090.jpg 768w, https:\/\/www.gecp.pt\/wp-content\/uploads\/2020\/05\/GECPeSPP-Recomendacoes-COVID-19-1-1083x1536.jpg 1083w, https:\/\/www.gecp.pt\/wp-content\/uploads\/2020\/05\/GECPeSPP-Recomendacoes-COVID-19-1-1444x2048.jpg 1444w, https:\/\/www.gecp.pt\/wp-content\/uploads\/2020\/05\/GECPeSPP-Recomendacoes-COVID-19-1-722x1024-500x709.jpg 500w, https:\/\/www.gecp.pt\/wp-content\/uploads\/2020\/05\/GECPeSPP-Recomendacoes-COVID-19-1-722x1024-200x283.jpg 200w, https:\/\/www.gecp.pt\/wp-content\/uploads\/2020\/05\/GECPeSPP-Recomendacoes-COVID-19-1.jpg 1748w\" sizes=\"(max-width: 300px) 100vw, 300px\" \/>        <\/a>\n    \n        <\/div>\n    <!-- \/image-wrap -->\n    \n        <\/div>\n<!-- \/module image -->        <\/div>\n                        <\/div>\n        <\/div>\n        <\/div>\n<!--\/themify_builder_content-->\n<!-- AddThis Advanced Settings generic via filter on the_content --><!-- AddThis Share Buttons generic via filter on the_content -->","protected":false},"excerpt":{"rendered":"<p>A Organizac\u0327a\u0303o Mundial de Sau\u0301de declarou a COVID-19 como pandemia a 11 de marc\u0327o de 2020, com 118.326 casos confirmados, 4.292 mortes reportadas e uma taxa de mortalidade global na ordem dos 3,6%. A ni\u0301vel mundial, o aumento da taxa&#8230;<!-- AddThis Advanced Settings generic via filter on get_the_excerpt --><!-- AddThis Share Buttons generic via filter on get_the_excerpt --><\/p>","protected":false},"author":1,"featured_media":0,"parent":0,"menu_order":0,"comment_status":"closed","ping_status":"closed","template":"","meta":{"om_disable_all_campaigns":false,"_monsterinsights_skip_tracking":false,"_monsterinsights_sitenote_active":false,"_monsterinsights_sitenote_note":"","_monsterinsights_sitenote_category":0,"ngg_post_thumbnail":0},"_links":{"self":[{"href":"https:\/\/www.gecp.pt\/en\/wp-json\/wp\/v2\/pages\/5631"}],"collection":[{"href":"https:\/\/www.gecp.pt\/en\/wp-json\/wp\/v2\/pages"}],"about":[{"href":"https:\/\/www.gecp.pt\/en\/wp-json\/wp\/v2\/types\/page"}],"author":[{"embeddable":true,"href":"https:\/\/www.gecp.pt\/en\/wp-json\/wp\/v2\/users\/1"}],"replies":[{"embeddable":true,"href":"https:\/\/www.gecp.pt\/en\/wp-json\/wp\/v2\/comments?post=5631"}],"version-history":[{"count":20,"href":"https:\/\/www.gecp.pt\/en\/wp-json\/wp\/v2\/pages\/5631\/revisions"}],"predecessor-version":[{"id":7499,"href":"https:\/\/www.gecp.pt\/en\/wp-json\/wp\/v2\/pages\/5631\/revisions\/7499"}],"wp:attachment":[{"href":"https:\/\/www.gecp.pt\/en\/wp-json\/wp\/v2\/media?parent=5631"}],"curies":[{"name":"wp","href":"https:\/\/api.w.org\/{rel}","templated":true}]}}