{"id":5124,"date":"2020-04-29T00:51:02","date_gmt":"2020-04-29T00:51:02","guid":{"rendered":"https:\/\/www.gecp.pt\/?page_id=5124"},"modified":"2020-05-18T01:31:19","modified_gmt":"2020-05-18T01:31:19","slug":"info-nacional","status":"publish","type":"page","link":"https:\/\/www.gecp.pt\/en\/info-nacional\/","title":{"rendered":"info Nacional"},"content":{"rendered":"<p><\/p>\n<!--themify_builder_content-->\n<div id=\"themify_builder_content-5124\" data-postid=\"5124\" class=\"themify_builder_content themify_builder_content-5124 themify_builder tf_clear\">\n                    <div  data-lazy=\"1\" class=\"module_row themify_builder_row tb_4agd265 tb_first tf_w\">\n                        <div class=\"row_inner col_align_top tb_col_count_1 tf_box tf_rel\">\n                        <div  data-lazy=\"1\" class=\"module_column tb-column col-full tb_ds6i266 first\">\n                    <!-- module fancy heading -->\n<div  class=\"module module-fancy-heading tb_bd6f696  tb_hide_divider\" data-lazy=\"1\">\n        <h3 class=\"fancy-heading tf_textc\">\n    <span class=\"main-head tf_block\">\n                    INFORMATIONS            <\/span>\n\n    \n    <span class=\"sub-head tf_block tf_rel\">\n                    Nacional            <\/span>\n    <\/h3>\n<\/div>\n<!-- \/module fancy heading -->\n        <\/div>\n                        <\/div>\n        <\/div>\n                        <div  data-lazy=\"1\" class=\"module_row themify_builder_row tb_3gjy990 tf_w\">\n                        <div class=\"row_inner col_align_top tb_col_count_2 tf_box tf_rel\">\n                        <div  data-lazy=\"1\" class=\"module_column tb-column col2-1 tb_a0pm991 first\">\n                    <!-- module service menu -->\n<div  class=\"module module-service-menu tb_wepv38  image-center  no-highlight tf_mw\" data-lazy=\"1\">\n                    <div class=\"tb-image-wrap tf_left\">\n                            <a href=\"https:\/\/www.gecp.pt\/wp-content\/uploads\/folhetos\/GECP_parar_de_fumar.pdf\" rel=\"noopener\" target=\"_blank\" >\n                                           <img src=\"https:\/\/www.gecp.pt\/wp-content\/uploads\/2020\/03\/gecpulmao_logo-182x60.jpg\" height=\"60\" class=\"tb_menu_image wp-post-image wp-image-2781\" title=\"gecpulmao_logo\" alt=\"PARAR DE FUMAR DEPOIS DO DIAGN\u00d3STICO DE CANCRO: Orienta\u00e7\u00f5es para doentes e familiares\" srcset=\"https:\/\/www.gecp.pt\/wp-content\/uploads\/2020\/03\/gecpulmao_logo-182x60.jpg 182w, https:\/\/www.gecp.pt\/wp-content\/uploads\/2020\/03\/gecpulmao_logo-300x99.jpg 300w, https:\/\/www.gecp.pt\/wp-content\/uploads\/2020\/03\/gecpulmao_logo-304x100.jpg 304w, https:\/\/www.gecp.pt\/wp-content\/uploads\/2020\/03\/gecpulmao_logo.jpg 411w\" sizes=\"(max-width: 182px) 100vw, 182px\" \/>                <\/a>\n                    <\/div><!-- .tb-image-wrap -->\n    \n    <div class=\"tb-image-content tf_overflow\">\n        <div class=\"tb-menu-title-wrap\">\n                            <h4 class='tb-menu-title'>PARAR DE FUMAR DEPOIS DO DIAGN\u00d3STICO DE CANCRO: Orienta\u00e7\u00f5es para doentes e familiares<\/h4>\n            \n                            <div class=\"tb-menu-description\">\n                    Lung Cancer Study Group                <\/div>\n                    <\/div>\n        <!-- \/tb-menu-title-wrap -->\n        \n    <\/div>\n    <!-- \/tb-image-content -->\n<\/div>\n<!-- \/module service menu -->\n<!-- module service menu -->\n<div  class=\"module module-service-menu tb_fch7736  image-center  no-highlight tf_mw\" data-lazy=\"1\">\n                    <div class=\"tb-image-wrap tf_left\">\n                            <a href=\"https:\/\/www.gecp.pt\/spp-fumar-vaporizar-e-covid-19\/\" rel=\"noopener\" target=\"_blank\" >\n                                           <img src=\"https:\/\/www.gecp.pt\/wp-content\/uploads\/2020\/04\/spp1_0-135x100.jpg\" height=\"100\" class=\"tb_menu_image wp-post-image wp-image-5152\" title=\"spp1_0\" alt=\"Fumar, vaporizar e Covid-19\" srcset=\"https:\/\/www.gecp.pt\/wp-content\/uploads\/2020\/04\/spp1_0-135x100.jpg 135w, https:\/\/www.gecp.pt\/wp-content\/uploads\/2020\/04\/spp1_0-300x222.jpg 300w, https:\/\/www.gecp.pt\/wp-content\/uploads\/2020\/04\/spp1_0-200x147.jpg 200w, https:\/\/www.gecp.pt\/wp-content\/uploads\/2020\/04\/spp1_0-190x140.jpg 190w, https:\/\/www.gecp.pt\/wp-content\/uploads\/2020\/04\/spp1_0.jpg 742w\" sizes=\"(max-width: 135px) 100vw, 135px\" \/>                <\/a>\n                    <\/div><!-- .tb-image-wrap -->\n    \n    <div class=\"tb-image-content tf_overflow\">\n        <div class=\"tb-menu-title-wrap\">\n                            <h4 class='tb-menu-title'>Fumar, vaporizar e Covid-19<\/h4>\n            \n                            <div class=\"tb-menu-description\">\n                    Sociedade Portuguesa Pneumologia                <\/div>\n                    <\/div>\n        <!-- \/tb-menu-title-wrap -->\n        \n    <\/div>\n    <!-- \/tb-image-content -->\n<\/div>\n<!-- \/module service menu -->\n<!-- module service menu -->\n<div  class=\"module module-service-menu tb_iy13240  image-center  no-highlight tf_mw\" data-lazy=\"1\">\n                    <div class=\"tb-image-wrap tf_left\">\n                            <a href=\"https:\/\/www.dgs.pt\/programa-nacional-para-a-prevencao-e-controlo-do-tabagismo\/quer-deixar-de-fumar.aspx\" rel=\"noopener\" target=\"_blank\" >\n                                           <img src=\"https:\/\/www.gecp.pt\/wp-content\/uploads\/2020\/04\/Portal_Nacional_dos_Municipios_e_Freguesias_Alcobaca_20200402_111623-101x100.jpg\" height=\"100\" class=\"tb_menu_image wp-post-image wp-image-5158\" title=\"Portal_Nacional_dos_Municipios_e_Freguesias_Alcobaca_20200402_111623\" alt=\"Programa Nacional para a Preven\u00e7\u00e3o e controlo do tabagismo\" srcset=\"https:\/\/www.gecp.pt\/wp-content\/uploads\/2020\/04\/Portal_Nacional_dos_Municipios_e_Freguesias_Alcobaca_20200402_111623-101x100.jpg 101w, https:\/\/www.gecp.pt\/wp-content\/uploads\/2020\/04\/Portal_Nacional_dos_Municipios_e_Freguesias_Alcobaca_20200402_111623-300x295.jpg 300w, https:\/\/www.gecp.pt\/wp-content\/uploads\/2020\/04\/Portal_Nacional_dos_Municipios_e_Freguesias_Alcobaca_20200402_111623-150x150.jpg 150w, https:\/\/www.gecp.pt\/wp-content\/uploads\/2020\/04\/Portal_Nacional_dos_Municipios_e_Freguesias_Alcobaca_20200402_111623-768x755.jpg 768w, https:\/\/www.gecp.pt\/wp-content\/uploads\/2020\/04\/Portal_Nacional_dos_Municipios_e_Freguesias_Alcobaca_20200402_111623-190x186.jpg 190w, https:\/\/www.gecp.pt\/wp-content\/uploads\/2020\/04\/Portal_Nacional_dos_Municipios_e_Freguesias_Alcobaca_20200402_111623.jpg 800w\" sizes=\"(max-width: 101px) 100vw, 101px\" \/>                <\/a>\n                    <\/div><!-- .tb-image-wrap -->\n    \n    <div class=\"tb-image-content tf_overflow\">\n        <div class=\"tb-menu-title-wrap\">\n                            <h4 class='tb-menu-title'>Programa Nacional para a Preven\u00e7\u00e3o e controlo do tabagismo<\/h4>\n            \n                            <div class=\"tb-menu-description\">\n                    Dire\u00e7\u00e3o Geral de Sa\u00fade                <\/div>\n                    <\/div>\n        <!-- \/tb-menu-title-wrap -->\n        \n    <\/div>\n    <!-- \/tb-image-content -->\n<\/div>\n<!-- \/module service menu -->\n        <\/div>\n                    <div  data-lazy=\"1\" class=\"module_column tb-column col2-1 tb_muia991 last\">\n                    <!-- module service menu -->\n<div  class=\"module module-service-menu tb_gz2k635  image-center  no-highlight tf_mw\" data-lazy=\"1\">\n                    <div class=\"tb-image-wrap tf_left\">\n                            <a href=\"https:\/\/www.sppneumologia.pt\/uploads\/subcanais_conteudos_ficheiros\/tabaco-e-covid19.pdf\" rel=\"noopener\" target=\"_blank\" >\n                                           <img src=\"https:\/\/www.gecp.pt\/wp-content\/uploads\/2020\/04\/spp1_0-135x100.jpg\" height=\"100\" class=\"tb_menu_image wp-post-image wp-image-5152\" title=\"spp1_0\" alt=\"Tabaco e Covid-19\" srcset=\"https:\/\/www.gecp.pt\/wp-content\/uploads\/2020\/04\/spp1_0-135x100.jpg 135w, https:\/\/www.gecp.pt\/wp-content\/uploads\/2020\/04\/spp1_0-300x222.jpg 300w, https:\/\/www.gecp.pt\/wp-content\/uploads\/2020\/04\/spp1_0-200x147.jpg 200w, https:\/\/www.gecp.pt\/wp-content\/uploads\/2020\/04\/spp1_0-190x140.jpg 190w, https:\/\/www.gecp.pt\/wp-content\/uploads\/2020\/04\/spp1_0.jpg 742w\" sizes=\"(max-width: 135px) 100vw, 135px\" \/>                <\/a>\n                    <\/div><!-- .tb-image-wrap -->\n    \n    <div class=\"tb-image-content tf_overflow\">\n        <div class=\"tb-menu-title-wrap\">\n                            <h4 class='tb-menu-title'>Tobacco and Covid-19<\/h4>\n            \n                            <div class=\"tb-menu-description\">\n                    Sociedade Portuguesa Pneumologia                <\/div>\n                    <\/div>\n        <!-- \/tb-menu-title-wrap -->\n        \n    <\/div>\n    <!-- \/tb-image-content -->\n<\/div>\n<!-- \/module service menu -->\n<!-- module service menu -->\n<div  class=\"module module-service-menu tb_e1ha731  image-center  no-highlight tf_mw\" data-lazy=\"1\">\n                    <div class=\"tb-image-wrap tf_left\">\n                            <a href=\"https:\/\/www.gecp.pt\/tabaco-e-covid19-dgs\" rel=\"noopener\" target=\"_blank\" >\n                                           <img src=\"https:\/\/www.gecp.pt\/wp-content\/uploads\/2020\/04\/Portal_Nacional_dos_Municipios_e_Freguesias_Alcobaca_20200402_111623-101x100.jpg\" height=\"100\" class=\"tb_menu_image wp-post-image wp-image-5158\" title=\"Portal_Nacional_dos_Municipios_e_Freguesias_Alcobaca_20200402_111623\" alt=\"Tabaco e Covid-19\" srcset=\"https:\/\/www.gecp.pt\/wp-content\/uploads\/2020\/04\/Portal_Nacional_dos_Municipios_e_Freguesias_Alcobaca_20200402_111623-101x100.jpg 101w, https:\/\/www.gecp.pt\/wp-content\/uploads\/2020\/04\/Portal_Nacional_dos_Municipios_e_Freguesias_Alcobaca_20200402_111623-300x295.jpg 300w, https:\/\/www.gecp.pt\/wp-content\/uploads\/2020\/04\/Portal_Nacional_dos_Municipios_e_Freguesias_Alcobaca_20200402_111623-150x150.jpg 150w, https:\/\/www.gecp.pt\/wp-content\/uploads\/2020\/04\/Portal_Nacional_dos_Municipios_e_Freguesias_Alcobaca_20200402_111623-768x755.jpg 768w, https:\/\/www.gecp.pt\/wp-content\/uploads\/2020\/04\/Portal_Nacional_dos_Municipios_e_Freguesias_Alcobaca_20200402_111623-190x186.jpg 190w, https:\/\/www.gecp.pt\/wp-content\/uploads\/2020\/04\/Portal_Nacional_dos_Municipios_e_Freguesias_Alcobaca_20200402_111623.jpg 800w\" sizes=\"(max-width: 101px) 100vw, 101px\" \/>                <\/a>\n                    <\/div><!-- .tb-image-wrap -->\n    \n    <div class=\"tb-image-content tf_overflow\">\n        <div class=\"tb-menu-title-wrap\">\n                            <h4 class='tb-menu-title'>Tobacco and Covid-19<\/h4>\n            \n                            <div class=\"tb-menu-description\">\n                    11 illustrative images                <\/div>\n                    <\/div>\n        <!-- \/tb-menu-title-wrap -->\n        \n    <\/div>\n    <!-- \/tb-image-content -->\n<\/div>\n<!-- \/module service menu -->\n<!-- module service menu -->\n<div  class=\"module module-service-menu tb_fhtk566  image-center  no-highlight tf_mw\" data-lazy=\"1\">\n                    <div class=\"tb-image-wrap tf_left\">\n                            <a href=\"https:\/\/www.gecp.pt\/wp-content\/uploads\/covid-19\/nomas-nacionais\/tabaco%20e%20covid%2019%20-%2014%20abril%202020.pdf\" rel=\"noopener\" target=\"_blank\" >\n                                           <img src=\"https:\/\/www.gecp.pt\/wp-content\/uploads\/2020\/04\/Portal_Nacional_dos_Municipios_e_Freguesias_Alcobaca_20200402_111623-101x100.jpg\" height=\"100\" class=\"tb_menu_image wp-post-image wp-image-5158\" title=\"Portal_Nacional_dos_Municipios_e_Freguesias_Alcobaca_20200402_111623\" alt=\"Tabaco e Covid-19\" srcset=\"https:\/\/www.gecp.pt\/wp-content\/uploads\/2020\/04\/Portal_Nacional_dos_Municipios_e_Freguesias_Alcobaca_20200402_111623-101x100.jpg 101w, https:\/\/www.gecp.pt\/wp-content\/uploads\/2020\/04\/Portal_Nacional_dos_Municipios_e_Freguesias_Alcobaca_20200402_111623-300x295.jpg 300w, https:\/\/www.gecp.pt\/wp-content\/uploads\/2020\/04\/Portal_Nacional_dos_Municipios_e_Freguesias_Alcobaca_20200402_111623-150x150.jpg 150w, https:\/\/www.gecp.pt\/wp-content\/uploads\/2020\/04\/Portal_Nacional_dos_Municipios_e_Freguesias_Alcobaca_20200402_111623-768x755.jpg 768w, https:\/\/www.gecp.pt\/wp-content\/uploads\/2020\/04\/Portal_Nacional_dos_Municipios_e_Freguesias_Alcobaca_20200402_111623-190x186.jpg 190w, https:\/\/www.gecp.pt\/wp-content\/uploads\/2020\/04\/Portal_Nacional_dos_Municipios_e_Freguesias_Alcobaca_20200402_111623.jpg 800w\" sizes=\"(max-width: 101px) 100vw, 101px\" \/>                <\/a>\n                    <\/div><!-- .tb-image-wrap -->\n    \n    <div class=\"tb-image-content tf_overflow\">\n        <div class=\"tb-menu-title-wrap\">\n                            <h4 class='tb-menu-title'>Tobacco and Covid-19<\/h4>\n            \n                            <div class=\"tb-menu-description\">\n                    FAQs                <\/div>\n                    <\/div>\n        <!-- \/tb-menu-title-wrap -->\n        \n    <\/div>\n    <!-- \/tb-image-content -->\n<\/div>\n<!-- \/module service menu -->\n        <\/div>\n                        <\/div>\n        <\/div>\n        <\/div>\n<!--\/themify_builder_content-->\n<!-- AddThis Advanced Settings generic via filter on the_content --><!-- AddThis Share Buttons generic via filter on the_content -->","protected":false},"excerpt":{"rendered":"<p><!-- AddThis Advanced Settings generic via filter on get_the_excerpt --><!-- AddThis Share Buttons generic via filter on get_the_excerpt --><\/p>","protected":false},"author":1,"featured_media":0,"parent":0,"menu_order":0,"comment_status":"closed","ping_status":"closed","template":"","meta":{"om_disable_all_campaigns":false,"_monsterinsights_skip_tracking":false,"_monsterinsights_sitenote_active":false,"_monsterinsights_sitenote_note":"","_monsterinsights_sitenote_category":0,"ngg_post_thumbnail":0},"_links":{"self":[{"href":"https:\/\/www.gecp.pt\/en\/wp-json\/wp\/v2\/pages\/5124"}],"collection":[{"href":"https:\/\/www.gecp.pt\/en\/wp-json\/wp\/v2\/pages"}],"about":[{"href":"https:\/\/www.gecp.pt\/en\/wp-json\/wp\/v2\/types\/page"}],"author":[{"embeddable":true,"href":"https:\/\/www.gecp.pt\/en\/wp-json\/wp\/v2\/users\/1"}],"replies":[{"embeddable":true,"href":"https:\/\/www.gecp.pt\/en\/wp-json\/wp\/v2\/comments?post=5124"}],"version-history":[{"count":39,"href":"https:\/\/www.gecp.pt\/en\/wp-json\/wp\/v2\/pages\/5124\/revisions"}],"predecessor-version":[{"id":7327,"href":"https:\/\/www.gecp.pt\/en\/wp-json\/wp\/v2\/pages\/5124\/revisions\/7327"}],"wp:attachment":[{"href":"https:\/\/www.gecp.pt\/en\/wp-json\/wp\/v2\/media?parent=5124"}],"curies":[{"name":"wp","href":"https:\/\/api.w.org\/{rel}","templated":true}]}}