{"id":3124,"date":"2020-03-24T10:30:01","date_gmt":"2020-03-24T10:30:01","guid":{"rendered":"https:\/\/www.gecp.pt\/?page_id=3124"},"modified":"2024-01-17T16:31:35","modified_gmt":"2024-01-17T16:31:35","slug":"patrocinio-cientifico","status":"publish","type":"page","link":"https:\/\/www.gecp.pt\/en\/patrocinio-cientifico\/","title":{"rendered":"SCIENTIFIC SPONSORSHIP"},"content":{"rendered":"<!--themify_builder_content-->\n<div id=\"themify_builder_content-3124\" data-postid=\"3124\" class=\"themify_builder_content themify_builder_content-3124 themify_builder tf_clear\">\n                    <div  data-lazy=\"1\" class=\"module_row themify_builder_row tb_hg70289 tb_first tf_w\">\n                        <div class=\"row_inner col_align_top tb_col_count_1 tf_box tf_rel\">\n                        <div  data-lazy=\"1\" class=\"module_column tb-column col-full tb_ijyl290 first\">\n                    <!-- module fancy heading -->\n<div  class=\"module module-fancy-heading tb_04d3601  tb_hide_divider\" data-lazy=\"1\">\n        <h3 class=\"fancy-heading tf_textc\">\n    <span class=\"main-head tf_block\">\n                    SCIENTIFIC SPONSORSHIP            <\/span>\n\n    \n    <span class=\"sub-head tf_block tf_rel\">\n                    ATTRIBUTION OF SCIENTIFIC SPONSORSHIP BY GECP            <\/span>\n    <\/h3>\n<\/div>\n<!-- \/module fancy heading -->\n<!-- module text -->\n<div  class=\"module module-text tb_9oc5600\" data-lazy=\"1\">\n        <div  class=\"tb_text_wrap\">\n        <p>National or international scientific meetings in the area of Oncology and Pulmonology, which include Congresses, Symposiums, Meetings and Courses, organized by the GECP or by a group composed mostly of Doctors of recognized merit, are eligible for scientific sponsorship by the GECP.<\/p>\n<p>For sponsorship attribution, the main purpose of the meeting should be the advance in knowledge and the exchange of experiences and information between health professionals.<\/p>\n<p>For sponsorship attribution, the main purpose of the meeting should be the advance in knowledge and the exchange of experiences and information between health professionals.<\/p>\n<p>Scientific meetings linked to a pharmaceutical or medical equipment company, namely for the selective promotion of a drug or equipment, are not eligible for attribution of scientific sponsorship by the GECP.<\/p>\n<p>\u00a0<\/p>\n<h5><strong>Rules for requesting scientific sponsorship<\/strong><\/h5>\n<p><strong>\u00a0<\/strong><\/p>\n<p>1. O pedido ser\u00e1 enviado \u00e0 Dire\u00e7\u00e3o do GECP (gecpulmao@gmail.com).<\/p>\n<p>2. The following information concerning the meeting must be included:<\/p>\n<p style=\"padding-left: 40px;\">a) Title<\/p>\n<p style=\"padding-left: 40px;\">b) Date and location<\/p>\n<p style=\"padding-left: 40px;\">c) Organizing entity<\/p>\n<p style=\"padding-left: 40px;\">d) Organizing committee and \/ or Scientific Committee (names and respective affiliations)<\/p>\n<p style=\"padding-left: 40px;\">e) Objectives and target audience of the event<\/p>\n<p style=\"padding-left: 40px;\">f) Detailed scientific programe (with information concerning speakers and moderators)<\/p>\n<p style=\"padding-left: 40px;\">g) Information on other scientific sponsorships already obtained<\/p>\n<div>\u00a0<\/div>    <\/div>\n<\/div>\n<!-- \/module text -->        <div  data-lazy=\"1\" class=\"module_subrow themify_builder_sub_row tf_w col_align_top tb_col_count_1 tb_u363920\">\n                <div  data-lazy=\"1\" class=\"module_column sub_column col-full tb_voas921 first\">\n                    <!-- module text -->\n<div  class=\"module module-text tb_gpu5193\" data-lazy=\"1\">\n        <div  class=\"tb_text_wrap\">\n        <p>3. The application will not be evaluated if any of the above information is not provided. The applicant is informed in writing, and a new application can be considered after submitting the missing information.<\/p>\n<p>\u00a0<\/p>\n<h5><strong>Attribution of scientific sponsorship<\/strong><\/h5>\n<p><strong>\u00a0<\/strong><\/p>\n<p>1. The decision on the attribution of the sponsorship will be communicated in writing by the GECP, within a maximum period of 30 days after receiving the request;<\/p>\n<p>2. After communicating the attribution of the scientific sponsorship, the organizer of the meeting is authorized to advertise it in the meeting documents, in one of the following ways:<\/p>\n<p style=\"padding-left: 40px;\">a) \u201cCo-organized by the Lung Cancer Study Group\u201d (GECP is a partner in organizing the event and shares responsibility with the other co-organizer)<\/p>\n<p style=\"padding-left: 40px;\">b) \u201cScientific Sponsorship of the Lung Cancer Study Group\u201d (GECP grants scientific sponsorship and promotes its dissemination; these events are not financially supported by GECP);<\/p>\n<p>3. GECP provides its logo for exclusive use in the event materials;<\/p>\n<p>4. The GECP logo must be placed in the Scientific Sponsorship area;<\/p>\n<p>5. The final programme, with mention of the sponsorship granted, must be sent to GECP for publication on the GECP website.<\/p>\n<p>6. A significant change in the scientific programme after the granting of scientific sponsorship by the GECP, may result in its cancellation;<\/p>\n<p>7. The sponsorship awarded is valid only for the event in question, with no effect for subsequent editions of the event, even if with similar content. The misuse of the GECP name or logo is subject to legal action;<\/p>\n<p>8. All omitted cases will be subject to evaluation and decision by the GECP Board of Directors.<\/p>\n<div>\u00a0<\/div>    <\/div>\n<\/div>\n<!-- \/module text --><!-- module buttons -->\n<div  class=\"module module-buttons tb_fpvw329 buttons-horizontal solid  rounded\" data-lazy=\"1\">\n        <div class=\"module-buttons-item tf_in_flx\">\n                        <a href=\"https:\/\/docs.google.com\/forms\/d\/e\/1FAIpQLSd1CQQvkF2Iuy5QCbKIreQximjXOkJsLbYmJO4TOjSjB6bDXA\/viewform\" class=\"ui builder_button tf_in_flx red\" target=\"_blank\" rel=\"noopener\">\n                                                Fa\u00e7a aqui o seu pedido!                                        <\/a>\n                <\/div>\n            <\/div>\n<!-- \/module buttons -->\n        <\/div>\n                    <\/div>\n                <\/div>\n                        <\/div>\n        <\/div>\n        <\/div>\n<!--\/themify_builder_content--><!-- AddThis Advanced Settings generic via filter on the_content --><!-- AddThis Share Buttons generic via filter on the_content -->","protected":false},"excerpt":{"rendered":"<p>PATROC\u00cdNIO CIENT\u00cdFICOATRIBUI\u00c7\u00c3O DE PATROC\u00cdNIO CIENT\u00cdFICO PELO GECP S\u00e3o pass\u00edveis de atribui\u00e7\u00e3o de patroc\u00ednio cient\u00edfico pelo GECP as reuni\u00f5es cient\u00edficas nacionais ou internacionais da \u00e1rea da Oncologia e Pneumologia, nas quais se incluem Congressos, Simp\u00f3sios, Jornadas e Cursos, organizadas pelo GECP&#8230;<!-- AddThis Advanced Settings generic via filter on get_the_excerpt --><!-- AddThis Share Buttons generic via filter on get_the_excerpt --><\/p>","protected":false},"author":1,"featured_media":0,"parent":0,"menu_order":0,"comment_status":"closed","ping_status":"closed","template":"","meta":{"om_disable_all_campaigns":false,"_monsterinsights_skip_tracking":false,"_monsterinsights_sitenote_active":false,"_monsterinsights_sitenote_note":"","_monsterinsights_sitenote_category":0,"ngg_post_thumbnail":0},"_links":{"self":[{"href":"https:\/\/www.gecp.pt\/en\/wp-json\/wp\/v2\/pages\/3124"}],"collection":[{"href":"https:\/\/www.gecp.pt\/en\/wp-json\/wp\/v2\/pages"}],"about":[{"href":"https:\/\/www.gecp.pt\/en\/wp-json\/wp\/v2\/types\/page"}],"author":[{"embeddable":true,"href":"https:\/\/www.gecp.pt\/en\/wp-json\/wp\/v2\/users\/1"}],"replies":[{"embeddable":true,"href":"https:\/\/www.gecp.pt\/en\/wp-json\/wp\/v2\/comments?post=3124"}],"version-history":[{"count":21,"href":"https:\/\/www.gecp.pt\/en\/wp-json\/wp\/v2\/pages\/3124\/revisions"}],"predecessor-version":[{"id":13961,"href":"https:\/\/www.gecp.pt\/en\/wp-json\/wp\/v2\/pages\/3124\/revisions\/13961"}],"wp:attachment":[{"href":"https:\/\/www.gecp.pt\/en\/wp-json\/wp\/v2\/media?parent=3124"}],"curies":[{"name":"wp","href":"https:\/\/api.w.org\/{rel}","templated":true}]}}