{"id":2752,"date":"2020-03-09T16:58:26","date_gmt":"2020-03-09T16:58:26","guid":{"rendered":"https:\/\/www.gecp.pt\/?page_id=2752"},"modified":"2020-05-17T18:52:57","modified_gmt":"2020-05-17T18:52:57","slug":"newsletter","status":"publish","type":"page","link":"https:\/\/www.gecp.pt\/en\/newsletter\/","title":{"rendered":"NEWSLETTER"},"content":{"rendered":"<p><\/p>\n\n\n\n\n\n<p><\/p>\n<!--themify_builder_content-->\n<div id=\"themify_builder_content-2752\" data-postid=\"2752\" class=\"themify_builder_content themify_builder_content-2752 themify_builder tf_clear\">\n                    <div  data-lazy=\"1\" class=\"module_row themify_builder_row tb_133s745 tb_first tf_w\">\n                        <div class=\"row_inner col_align_top tb_col_count_1 tf_box tf_rel\">\n                        <div  data-lazy=\"1\" class=\"module_column tb-column col-full tb_o6ag745 first\">\n                    <!-- module fancy heading -->\n<div  class=\"module module-fancy-heading tb_cf1q20  tb_hide_divider\" data-lazy=\"1\">\n        <h3 class=\"fancy-heading tf_textc\">\n    <span class=\"main-head tf_block\">\n                    NEWSLETTER            <\/span>\n\n    \n    <span class=\"sub-head tf_block tf_rel\">\n                    Registe-se para receber a newsletter eletr\u00f3nica do GECP            <\/span>\n    <\/h3>\n<\/div>\n<!-- \/module fancy heading -->\n        <\/div>\n                        <\/div>\n        <\/div>\n                        <div  data-lazy=\"1\" class=\"module_row themify_builder_row tb_8olp52 tf_w\">\n                        <div class=\"row_inner col_align_top tb_col_count_1 tf_box tf_rel\">\n                        <div  data-lazy=\"1\" class=\"module_column tb-column col-full tb_4wgt53 first\">\n                            <div  data-lazy=\"1\" class=\"module_subrow themify_builder_sub_row tf_w col_align_top tb_col_count_2 tb_kfgg667\">\n                <div  data-lazy=\"1\" class=\"module_column sub_column col2-1 tb_5q1o668 first\">\n                    <!-- module image -->\n<div  class=\"module module-image tb_j67g597 image-center   tf_mw\" data-lazy=\"1\">\n        <div class=\"image-wrap tf_rel tf_mw\">\n            <img src=\"https:\/\/www.gecp.pt\/wp-content\/uploads\/2020\/03\/gecp_newsletter.jpg\" class=\"wp-post-image wp-image-2768\" title=\"gecp_newsletter\" alt=\"gecp_newsletter\" srcset=\"https:\/\/www.gecp.pt\/wp-content\/uploads\/2020\/03\/gecp_newsletter.jpg 1440w, https:\/\/www.gecp.pt\/wp-content\/uploads\/2020\/03\/gecp_newsletter-300x198.jpg 300w, https:\/\/www.gecp.pt\/wp-content\/uploads\/2020\/03\/gecp_newsletter-1024x676.jpg 1024w, https:\/\/www.gecp.pt\/wp-content\/uploads\/2020\/03\/gecp_newsletter-768x507.jpg 768w\" sizes=\"(max-width: 1440px) 100vw, 1440px\" \/>    \n        <\/div>\n    <!-- \/image-wrap -->\n    \n        <\/div>\n<!-- \/module image -->        <\/div>\n                    <div  data-lazy=\"1\" class=\"module_column sub_column col2-1 tb_3ads668 last\">\n                    <!-- module plain text -->\n<div  class=\"module module-plain-text tb_45mw759\" data-lazy=\"1\">\n        <div class=\"tb_text_wrap\">\n    Preencha as informa\u00e7\u00f5es solicitadas abaixo. Poder\u00e1 cancelar a subscri\u00e7\u00e3o em qualquer momento.    <\/div>\n<\/div>\n<!-- \/module plain text --><!-- module plain text -->\n<div  class=\"module module-plain-text tb_axzl494\" data-lazy=\"1\">\n        <div class=\"tb_text_wrap\">\n    [sibwp_form id=1]    <\/div>\n<\/div>\n<!-- \/module plain text -->        <\/div>\n                    <\/div>\n                <\/div>\n                        <\/div>\n        <\/div>\n        <\/div>\n<!--\/themify_builder_content-->\n<!-- AddThis Advanced Settings generic via filter on the_content --><!-- AddThis Share Buttons generic via filter on the_content -->","protected":false},"excerpt":{"rendered":"<p><!-- AddThis Advanced Settings generic via filter on get_the_excerpt --><!-- AddThis Share Buttons generic via filter on get_the_excerpt --><\/p>","protected":false},"author":1,"featured_media":2768,"parent":0,"menu_order":0,"comment_status":"closed","ping_status":"closed","template":"","meta":{"om_disable_all_campaigns":false,"_monsterinsights_skip_tracking":false,"_monsterinsights_sitenote_active":false,"_monsterinsights_sitenote_note":"","_monsterinsights_sitenote_category":0,"ngg_post_thumbnail":0},"_links":{"self":[{"href":"https:\/\/www.gecp.pt\/en\/wp-json\/wp\/v2\/pages\/2752"}],"collection":[{"href":"https:\/\/www.gecp.pt\/en\/wp-json\/wp\/v2\/pages"}],"about":[{"href":"https:\/\/www.gecp.pt\/en\/wp-json\/wp\/v2\/types\/page"}],"author":[{"embeddable":true,"href":"https:\/\/www.gecp.pt\/en\/wp-json\/wp\/v2\/users\/1"}],"replies":[{"embeddable":true,"href":"https:\/\/www.gecp.pt\/en\/wp-json\/wp\/v2\/comments?post=2752"}],"version-history":[{"count":28,"href":"https:\/\/www.gecp.pt\/en\/wp-json\/wp\/v2\/pages\/2752\/revisions"}],"predecessor-version":[{"id":7241,"href":"https:\/\/www.gecp.pt\/en\/wp-json\/wp\/v2\/pages\/2752\/revisions\/7241"}],"wp:featuredmedia":[{"embeddable":true,"href":"https:\/\/www.gecp.pt\/en\/wp-json\/wp\/v2\/media\/2768"}],"wp:attachment":[{"href":"https:\/\/www.gecp.pt\/en\/wp-json\/wp\/v2\/media?parent=2752"}],"curies":[{"name":"wp","href":"https:\/\/api.w.org\/{rel}","templated":true}]}}