{"id":2408,"date":"2020-03-07T15:52:09","date_gmt":"2020-03-07T15:52:09","guid":{"rendered":"https:\/\/www.gecp.pt\/?page_id=2408"},"modified":"2023-10-17T00:53:16","modified_gmt":"2023-10-16T23:53:16","slug":"corpos-sociais","status":"publish","type":"page","link":"https:\/\/www.gecp.pt\/en\/corpos-sociais\/","title":{"rendered":"BOARD"},"content":{"rendered":"<div style=\"height:40px\" aria-hidden=\"true\" class=\"wp-block-spacer\"><\/div>\n\n\n\n<h2 class=\"has-text-align-center\">CORPOS SOCIAIS &#8211; 2020\/23<\/h2>\n\n\n\n<div style=\"height:40px\" aria-hidden=\"true\" class=\"wp-block-spacer\"><\/div>\n\n\n\n<h4 class=\"has-text-align-center\"><strong>EXECUTIVE BOARD<\/strong><\/h4>\n\n\n\n<div style=\"height:20px\" aria-hidden=\"true\" class=\"wp-block-spacer\"><\/div>\n\n\n\n<div class=\"wp-block-columns\">\n<div class=\"wp-block-column is-vertically-aligned-top\">\n<div class=\"wp-block-image is-style-circle-mask\"><figure class=\"aligncenter size-large is-resized\"><img loading=\"lazy\" src=\"https:\/\/www.gecp.pt\/wp-content\/uploads\/2020\/04\/Teresa_Almodova_gecp.jpg\" alt=\"\" class=\"wp-image-4524\" width=\"150\" height=\"150\" srcset=\"https:\/\/www.gecp.pt\/wp-content\/uploads\/2020\/04\/Teresa_Almodova_gecp.jpg 300w, https:\/\/www.gecp.pt\/wp-content\/uploads\/2020\/04\/Teresa_Almodova_gecp-150x150.jpg 150w\" sizes=\"(max-width: 150px) 100vw, 150px\" \/><\/figure><\/div>\n\n\n\n<p class=\"has-text-align-center has-small-font-size\"><strong>President<\/strong><\/p>\n\n\n\n<h6 class=\"has-text-align-center\">Maria Teresa \u00c1guas da Silva Almodovar<\/h6>\n\n\n\n<p class=\"has-text-align-center has-small-font-size\">Pneumology<\/p>\n\n\n\n<p class=\"has-text-align-center has-small-font-size\">Instituto Portugu\u00eas de Oncologia Lisboa<\/p>\n\n\n\n<p class=\"has-text-align-center\">\t\t<a\t\t\t\thref=\"javascript:void(0)\"\r\n\t\t\t\tclass=\"sgpb-show-popup sgpb-popup-id-5461\"\r\n\t\tdata-sgpbpopupid=\"5461\"\r\n\t\tdata-popup-event=\"click\"\r\n\t\t>\r\n\t\tcv\t\t<\/a>\r\n\t\t<\/p>\n\n\n\n<div style=\"height:20px\" aria-hidden=\"true\" class=\"wp-block-spacer\"><\/div>\n<\/div>\n\n\n\n<div class=\"wp-block-column\">\n<div class=\"wp-block-image is-style-circle-mask\"><figure class=\"aligncenter size-large is-resized\"><img loading=\"lazy\" src=\"https:\/\/www.gecp.pt\/wp-content\/uploads\/2020\/05\/ana_figueiredo_gecp-1024x1024.jpg\" alt=\"\" class=\"wp-image-6011\" width=\"150\" height=\"150\" srcset=\"https:\/\/www.gecp.pt\/wp-content\/uploads\/2020\/05\/ana_figueiredo_gecp-1024x1024.jpg 1024w, https:\/\/www.gecp.pt\/wp-content\/uploads\/2020\/05\/ana_figueiredo_gecp-300x300.jpg 300w, https:\/\/www.gecp.pt\/wp-content\/uploads\/2020\/05\/ana_figueiredo_gecp-150x150.jpg 150w, https:\/\/www.gecp.pt\/wp-content\/uploads\/2020\/05\/ana_figueiredo_gecp-768x768.jpg 768w, https:\/\/www.gecp.pt\/wp-content\/uploads\/2020\/05\/ana_figueiredo_gecp.jpg 1027w\" sizes=\"(max-width: 150px) 100vw, 150px\" \/><\/figure><\/div>\n\n\n\n<p class=\"has-text-align-center has-small-font-size\"><strong>Secretary<\/strong><\/p>\n\n\n\n<h6 class=\"has-text-align-center\">Ana Maria Ferreira Rodrigues&nbsp;Figueiredo&nbsp;<\/h6>\n\n\n\n<p class=\"has-text-align-center has-small-font-size\">Pneumology<\/p>\n\n\n\n<p class=\"has-text-align-center has-small-font-size\">Centro Hospitalar Universit\u00e1rio de Coimbra<\/p>\n\n\n\n<p class=\"has-text-align-center\">\t\t<a\t\t\t\thref=\"javascript:void(0)\"\r\n\t\t\t\tclass=\"sgpb-show-popup sgpb-popup-id-5464\"\r\n\t\tdata-sgpbpopupid=\"5464\"\r\n\t\tdata-popup-event=\"click\"\r\n\t\t>\r\n\t\tcv\t\t<\/a>\r\n\t\t<\/p>\n\n\n\n<div style=\"height:20px\" aria-hidden=\"true\" class=\"wp-block-spacer\"><\/div>\n<\/div>\n\n\n\n<div class=\"wp-block-column is-vertically-aligned-top\">\n<div class=\"wp-block-image is-style-circle-mask\"><figure class=\"aligncenter size-large is-resized\"><img loading=\"lazy\" src=\"https:\/\/www.gecp.pt\/wp-content\/uploads\/2020\/04\/pauloscosta_gecp.jpg\" alt=\"\" class=\"wp-image-4528\" width=\"150\" height=\"150\"\/><\/figure><\/div>\n\n\n\n<p class=\"has-text-align-center has-small-font-size\"><strong>Treasurer<\/strong><\/p>\n\n\n\n<h6 class=\"has-text-align-center\">Paulo&nbsp;Serafim de Jesus Martins da&nbsp;Costa<\/h6>\n\n\n\n<p class=\"has-text-align-center has-small-font-size\">Radioncology <\/p>\n\n\n\n<p class=\"has-text-align-center has-small-font-size\">Cl\u00ednica de Radioterapia Hospital de Braga<\/p>\n\n\n\n<p class=\"has-text-align-center\">\t\t<a\t\t\t\thref=\"javascript:void(0)\"\r\n\t\t\t\tclass=\"sgpb-show-popup sgpb-popup-id-5465\"\r\n\t\tdata-sgpbpopupid=\"5465\"\r\n\t\tdata-popup-event=\"click\"\r\n\t\t>\r\n\t\tcv\t\t<\/a>\r\n\t\t<\/p>\n\n\n\n<div style=\"height:20px\" aria-hidden=\"true\" class=\"wp-block-spacer\"><\/div>\n<\/div>\n<\/div>\n\n\n\n<div style=\"height:20px\" aria-hidden=\"true\" class=\"wp-block-spacer\"><\/div>\n\n\n\n<div class=\"wp-block-columns\">\n<div class=\"wp-block-column is-vertically-aligned-top\">\n<div class=\"wp-block-image is-style-circle-mask\"><figure class=\"aligncenter size-large is-resized\"><img loading=\"lazy\" src=\"https:\/\/www.gecp.pt\/wp-content\/uploads\/2020\/04\/Ana_Barroso.jpg\" alt=\"\" class=\"wp-image-3702\" width=\"150\" height=\"150\" srcset=\"https:\/\/www.gecp.pt\/wp-content\/uploads\/2020\/04\/Ana_Barroso.jpg 300w, https:\/\/www.gecp.pt\/wp-content\/uploads\/2020\/04\/Ana_Barroso-150x150.jpg 150w\" sizes=\"(max-width: 150px) 100vw, 150px\" \/><\/figure><\/div>\n\n\n\n<p class=\"has-text-align-center has-small-font-size\"><strong>Vowel<\/strong><\/p>\n\n\n\n<h6 class=\"has-text-align-center\">Ana&nbsp;Maria Paix\u00e3o&nbsp;Barroso<\/h6>\n\n\n\n<p class=\"has-text-align-center has-small-font-size\">Pneumology<\/p>\n\n\n\n<p class=\"has-text-align-center has-small-font-size\">Centro Hospitalar V.N. Gaia \/Espinho<\/p>\n\n\n\n<p class=\"has-text-align-center\">\t\t<a\t\t\t\thref=\"javascript:void(0)\"\r\n\t\t\t\tclass=\"sgpb-show-popup sgpb-popup-id-5466\"\r\n\t\tdata-sgpbpopupid=\"5466\"\r\n\t\tdata-popup-event=\"click\"\r\n\t\t>\r\n\t\tcv\t\t<\/a>\r\n\t\t<\/p>\n<\/div>\n\n\n\n<div class=\"wp-block-column\">\n<div class=\"wp-block-image is-style-circle-mask\"><figure class=\"aligncenter size-large is-resized\"><img loading=\"lazy\" src=\"https:\/\/www.gecp.pt\/wp-content\/uploads\/2020\/04\/Marta_Rocha_gecp-.jpg\" alt=\"\" class=\"wp-image-4070\" width=\"150\" height=\"150\" srcset=\"https:\/\/www.gecp.pt\/wp-content\/uploads\/2020\/04\/Marta_Rocha_gecp-.jpg 300w, https:\/\/www.gecp.pt\/wp-content\/uploads\/2020\/04\/Marta_Rocha_gecp--150x150.jpg 150w\" sizes=\"(max-width: 150px) 100vw, 150px\" \/><\/figure><\/div>\n\n\n\n<p class=\"has-text-align-center has-small-font-size\"><strong>Vowel<\/strong><\/p>\n\n\n\n<h6 class=\"has-text-align-center\">Marta&nbsp;Alexandra Silva&nbsp;Soares<\/h6>\n\n\n\n<p class=\"has-text-align-center has-small-font-size\">Medical Oncology<\/p>\n\n\n\n<p class=\"has-text-align-center has-small-font-size\">Instituto Portugu\u00eas de Oncologia Porto<\/p>\n\n\n\n<p class=\"has-text-align-center\">\t\t<a\t\t\t\thref=\"javascript:void(0)\"\r\n\t\t\t\tclass=\"sgpb-show-popup sgpb-popup-id-5467\"\r\n\t\tdata-sgpbpopupid=\"5467\"\r\n\t\tdata-popup-event=\"click\"\r\n\t\t>\r\n\t\tcv\t\t<\/a>\r\n\t\t<\/p>\n<\/div>\n\n\n\n<div class=\"wp-block-column is-vertically-aligned-top\">\n<p class=\"has-text-align-center has-small-font-size\"><\/p>\n\n\n\n<h6 class=\"has-text-align-center\"><\/h6>\n\n\n\n<p class=\"has-text-align-center has-small-font-size\"><\/p>\n\n\n\n<p class=\"has-text-align-center has-small-font-size\"><\/p>\n<\/div>\n<\/div>\n\n\n\n<div style=\"height:40px\" aria-hidden=\"true\" class=\"wp-block-spacer\"><\/div>\n\n\n\n<h4 class=\"has-text-align-center\"><strong>GENERAL ASSEMBLY<\/strong><\/h4>\n\n\n\n<div style=\"height:20px\" aria-hidden=\"true\" class=\"wp-block-spacer\"><\/div>\n\n\n\n<div class=\"wp-block-columns\">\n<div class=\"wp-block-column is-vertically-aligned-top\">\n<div class=\"wp-block-image is-style-circle-mask\"><figure class=\"aligncenter size-large is-resized\"><img loading=\"lazy\" src=\"https:\/\/www.gecp.pt\/wp-content\/uploads\/2020\/05\/barbara_parente_gecp_.jpg\" alt=\"\" class=\"wp-image-6839\" width=\"150\" height=\"150\" srcset=\"https:\/\/www.gecp.pt\/wp-content\/uploads\/2020\/05\/barbara_parente_gecp_.jpg 300w, https:\/\/www.gecp.pt\/wp-content\/uploads\/2020\/05\/barbara_parente_gecp_-150x150.jpg 150w\" sizes=\"(max-width: 150px) 100vw, 150px\" \/><\/figure><\/div>\n\n\n\n<p class=\"has-text-align-center has-small-font-size\"><strong>President<\/strong><\/p>\n\n\n\n<h6 class=\"has-text-align-center\">Maria Barbara Mendes da Costa Soeira&nbsp;Parente<\/h6>\n\n\n\n<p class=\"has-text-align-center has-small-font-size\">Pneumology<\/p>\n\n\n\n<p class=\"has-text-align-center has-small-font-size\">Hospital CUF Porto<\/p>\n\n\n\n<p class=\"has-text-align-center\">\t\t<a\t\t\t\thref=\"javascript:void(0)\"\r\n\t\t\t\tclass=\"sgpb-show-popup sgpb-popup-id-5469\"\r\n\t\tdata-sgpbpopupid=\"5469\"\r\n\t\tdata-popup-event=\"click\"\r\n\t\t>\r\n\t\tcv\t\t<\/a>\r\n\t\t<\/p>\n\n\n\n<div style=\"height:20px\" aria-hidden=\"true\" class=\"wp-block-spacer\"><\/div>\n<\/div>\n\n\n\n<div class=\"wp-block-column\">\n<div class=\"wp-block-image is-style-circle-mask\"><figure class=\"aligncenter size-large is-resized\"><img loading=\"lazy\" src=\"https:\/\/www.gecp.pt\/wp-content\/uploads\/2020\/04\/teresacardoso_gecp.jpg\" alt=\"\" class=\"wp-image-4526\" width=\"150\" height=\"150\" srcset=\"https:\/\/www.gecp.pt\/wp-content\/uploads\/2020\/04\/teresacardoso_gecp.jpg 300w, https:\/\/www.gecp.pt\/wp-content\/uploads\/2020\/04\/teresacardoso_gecp-150x150.jpg 150w\" sizes=\"(max-width: 150px) 100vw, 150px\" \/><\/figure><\/div>\n\n\n\n<p class=\"has-text-align-center has-small-font-size\"><strong>Secret\u00e1rio<\/strong><\/p>\n\n\n\n<h6 class=\"has-text-align-center\">Maria&nbsp;Teresa&nbsp;Gomes&nbsp;Cardoso<\/h6>\n\n\n\n<p class=\"has-text-align-center has-small-font-size\">Pneumology<\/p>\n\n\n\n<p class=\"has-text-align-center has-small-font-size\">Hospital do Esp\u00edrito Santo de \u00c9vora<\/p>\n\n\n\n<p class=\"has-text-align-center\">\t\t<a\t\t\t\thref=\"javascript:void(0)\"\r\n\t\t\t\tclass=\"sgpb-show-popup sgpb-popup-id-5472\"\r\n\t\tdata-sgpbpopupid=\"5472\"\r\n\t\tdata-popup-event=\"click\"\r\n\t\t>\r\n\t\tcv\t\t<\/a>\r\n\t\t<\/p>\n\n\n\n<div style=\"height:20px\" aria-hidden=\"true\" class=\"wp-block-spacer\"><\/div>\n<\/div>\n\n\n\n<div class=\"wp-block-column is-vertically-aligned-top\">\n<div class=\"wp-block-image is-style-circle-mask\"><figure class=\"aligncenter size-large is-resized\"><img loading=\"lazy\" src=\"https:\/\/www.gecp.pt\/wp-content\/uploads\/2020\/04\/Ana_Cleto_gecp.jpg\" alt=\"\" class=\"wp-image-4143\" width=\"150\" height=\"150\" srcset=\"https:\/\/www.gecp.pt\/wp-content\/uploads\/2020\/04\/Ana_Cleto_gecp.jpg 300w, https:\/\/www.gecp.pt\/wp-content\/uploads\/2020\/04\/Ana_Cleto_gecp-150x150.jpg 150w\" sizes=\"(max-width: 150px) 100vw, 150px\" \/><\/figure><\/div>\n\n\n\n<p class=\"has-text-align-center has-small-font-size\"><strong>Vowel<\/strong><\/p>\n\n\n\n<h6 class=\"has-text-align-center\">Ana Cristina dos Santos Marques&nbsp;Cleto<\/h6>\n\n\n\n<p class=\"has-text-align-center has-small-font-size\">Radioncology <\/p>\n\n\n\n<p class=\"has-text-align-center has-small-font-size\">Centro Hospitalar Universit\u00e1rio de Coimbra&nbsp;<\/p>\n\n\n\n<p class=\"has-text-align-center\">\t\t<a\t\t\t\thref=\"javascript:void(0)\"\r\n\t\t\t\tclass=\"sgpb-show-popup sgpb-popup-id-5474\"\r\n\t\tdata-sgpbpopupid=\"5474\"\r\n\t\tdata-popup-event=\"click\"\r\n\t\t>\r\n\t\tcv\t\t<\/a>\r\n\t\t<\/p>\n\n\n\n<div style=\"height:20px\" aria-hidden=\"true\" class=\"wp-block-spacer\"><\/div>\n<\/div>\n<\/div>\n\n\n\n<div style=\"height:40px\" aria-hidden=\"true\" class=\"wp-block-spacer\"><\/div>\n\n\n\n<h4 class=\"has-text-align-center\"><strong>Fiscal Council<\/strong><\/h4>\n\n\n\n<div style=\"height:20px\" aria-hidden=\"true\" class=\"wp-block-spacer\"><\/div>\n\n\n\n<div class=\"wp-block-columns\">\n<div class=\"wp-block-column is-vertically-aligned-top\">\n<div class=\"wp-block-image is-style-circle-mask\"><figure class=\"aligncenter size-large is-resized\"><img loading=\"lazy\" src=\"https:\/\/www.gecp.pt\/wp-content\/uploads\/2020\/05\/gecp_Lurdes-Barradas.jpg\" alt=\"\" class=\"wp-image-6013\" width=\"150\" height=\"150\" srcset=\"https:\/\/www.gecp.pt\/wp-content\/uploads\/2020\/05\/gecp_Lurdes-Barradas.jpg 200w, https:\/\/www.gecp.pt\/wp-content\/uploads\/2020\/05\/gecp_Lurdes-Barradas-150x150.jpg 150w\" sizes=\"(max-width: 150px) 100vw, 150px\" \/><\/figure><\/div>\n\n\n\n<p class=\"has-text-align-center has-small-font-size\"><strong>President<\/strong><\/p>\n\n\n\n<h6 class=\"has-text-align-center\">Maria de&nbsp;Lurdes&nbsp;Silva&nbsp;Barradas&nbsp;Lopes<\/h6>\n\n\n\n<p class=\"has-text-align-center has-small-font-size\">Pneumology<\/p>\n\n\n\n<p class=\"has-text-align-center has-small-font-size\">Instituto Portugu\u00eas Oncologia Coimbra<\/p>\n\n\n\n<p class=\"has-text-align-center\">\t\t<a\t\t\t\thref=\"javascript:void(0)\"\r\n\t\t\t\tclass=\"sgpb-show-popup sgpb-popup-id-5475\"\r\n\t\tdata-sgpbpopupid=\"5475\"\r\n\t\tdata-popup-event=\"click\"\r\n\t\t>\r\n\t\tcv\t\t<\/a>\r\n\t\t<\/p>\n\n\n\n<div style=\"height:20px\" aria-hidden=\"true\" class=\"wp-block-spacer\"><\/div>\n<\/div>\n\n\n\n<div class=\"wp-block-column\">\n<div class=\"wp-block-image is-style-circle-mask\"><figure class=\"aligncenter size-large is-resized\"><img loading=\"lazy\" src=\"https:\/\/www.gecp.pt\/wp-content\/uploads\/2020\/04\/ulisses_brito_gecp.jpg\" alt=\"\" class=\"wp-image-3720\" width=\"150\" height=\"150\" srcset=\"https:\/\/www.gecp.pt\/wp-content\/uploads\/2020\/04\/ulisses_brito_gecp.jpg 200w, https:\/\/www.gecp.pt\/wp-content\/uploads\/2020\/04\/ulisses_brito_gecp-150x150.jpg 150w\" sizes=\"(max-width: 150px) 100vw, 150px\" \/><\/figure><\/div>\n\n\n\n<p class=\"has-text-align-center has-small-font-size\"><strong>1\u00ba Vogal<\/strong><\/p>\n\n\n\n<h6 class=\"has-text-align-center\">Ulisses&nbsp;Saturnino Duarte de&nbsp;Brito<\/h6>\n\n\n\n<p class=\"has-text-align-center has-small-font-size\">Pneumology<\/p>\n\n\n\n<p class=\"has-text-align-center has-small-font-size\">Hospital de Faro<\/p>\n\n\n\n<p class=\"has-text-align-center\">\t\t<a\t\t\t\thref=\"javascript:void(0)\"\r\n\t\t\t\tclass=\"sgpb-show-popup sgpb-popup-id-5476\"\r\n\t\tdata-sgpbpopupid=\"5476\"\r\n\t\tdata-popup-event=\"click\"\r\n\t\t>\r\n\t\tcv\t\t<\/a>\r\n\t\t<\/p>\n\n\n\n<div style=\"height:20px\" aria-hidden=\"true\" class=\"wp-block-spacer\"><\/div>\n<\/div>\n\n\n\n<div class=\"wp-block-column is-vertically-aligned-top\">\n<div class=\"wp-block-image is-style-circle-mask\"><figure class=\"aligncenter size-large\"><img loading=\"lazy\" width=\"150\" height=\"150\" src=\"https:\/\/www.gecp.pt\/wp-content\/uploads\/2020\/04\/Lurdes_Ferreira_gecp.jpg\" alt=\"\" class=\"wp-image-3719\"\/><\/figure><\/div>\n\n\n\n<p class=\"has-text-align-center has-small-font-size\"><strong>2\u00aa Vogal<\/strong><\/p>\n\n\n\n<h6 class=\"has-text-align-center\">Maria de&nbsp;Lurdes&nbsp;Silva&nbsp;Ferreira<\/h6>\n\n\n\n<p class=\"has-text-align-center has-small-font-size\">Radioncology <\/p>\n\n\n\n<p class=\"has-text-align-center has-small-font-size\">Hospital de Braga<\/p>\n\n\n\n<p class=\"has-text-align-center\">\t\t<a\t\t\t\thref=\"javascript:void(0)\"\r\n\t\t\t\tclass=\"sgpb-show-popup sgpb-popup-id-5478\"\r\n\t\tdata-sgpbpopupid=\"5478\"\r\n\t\tdata-popup-event=\"click\"\r\n\t\t>\r\n\t\tcv\t\t<\/a>\r\n\t\t<\/p>\n\n\n\n<div style=\"height:20px\" aria-hidden=\"true\" class=\"wp-block-spacer\"><\/div>\n<\/div>\n<\/div>\n\n\n\n<div style=\"height:20px\" aria-hidden=\"true\" class=\"wp-block-spacer\"><\/div>\n\n\n\n<p><\/p>\n\n\n<!--themify_builder_content-->\n<div id=\"themify_builder_content-2408\" data-postid=\"2408\" class=\"themify_builder_content themify_builder_content-2408 themify_builder tf_clear\">\n    <\/div>\n<!--\/themify_builder_content-->\n<!-- AddThis Advanced Settings generic via filter on the_content --><!-- AddThis Share Buttons generic via filter on the_content -->","protected":false},"excerpt":{"rendered":"<p>CORPOS SOCIAIS &#8211; 2020\/23 DIREC\u00c7\u00c3O EXECUTIVA Presidente Maria Teresa \u00c1guas da Silva Almodovar Pneumologia Instituto Portugu\u00eas de Oncologia Lisboa Secret\u00e1ria Ana Maria Ferreira Rodrigues&nbsp;Figueiredo&nbsp; Pneumologia Centro Hospitalar Universit\u00e1rio de Coimbra Tesoureiro Paulo&nbsp;Serafim de Jesus Martins da&nbsp;Costa Radioncologia Cl\u00ednica de Radioterapia&#8230;<!-- AddThis Advanced Settings generic via filter on get_the_excerpt --><!-- AddThis Share Buttons generic via filter on get_the_excerpt --><\/p>","protected":false},"author":1,"featured_media":0,"parent":0,"menu_order":0,"comment_status":"closed","ping_status":"closed","template":"","meta":{"om_disable_all_campaigns":false,"_monsterinsights_skip_tracking":false,"_monsterinsights_sitenote_active":false,"_monsterinsights_sitenote_note":"","_monsterinsights_sitenote_category":0,"ngg_post_thumbnail":0},"_links":{"self":[{"href":"https:\/\/www.gecp.pt\/en\/wp-json\/wp\/v2\/pages\/2408"}],"collection":[{"href":"https:\/\/www.gecp.pt\/en\/wp-json\/wp\/v2\/pages"}],"about":[{"href":"https:\/\/www.gecp.pt\/en\/wp-json\/wp\/v2\/types\/page"}],"author":[{"embeddable":true,"href":"https:\/\/www.gecp.pt\/en\/wp-json\/wp\/v2\/users\/1"}],"replies":[{"embeddable":true,"href":"https:\/\/www.gecp.pt\/en\/wp-json\/wp\/v2\/comments?post=2408"}],"version-history":[{"count":120,"href":"https:\/\/www.gecp.pt\/en\/wp-json\/wp\/v2\/pages\/2408\/revisions"}],"predecessor-version":[{"id":13168,"href":"https:\/\/www.gecp.pt\/en\/wp-json\/wp\/v2\/pages\/2408\/revisions\/13168"}],"wp:attachment":[{"href":"https:\/\/www.gecp.pt\/en\/wp-json\/wp\/v2\/media?parent=2408"}],"curies":[{"name":"wp","href":"https:\/\/api.w.org\/{rel}","templated":true}]}}