{"id":18596,"date":"2026-01-29T11:07:48","date_gmt":"2026-01-29T11:07:48","guid":{"rendered":"https:\/\/www.gecp.pt\/?page_id=18596"},"modified":"2026-02-27T09:53:49","modified_gmt":"2026-02-27T09:53:49","slug":"plano-de-acao-2026","status":"publish","type":"page","link":"https:\/\/www.gecp.pt\/en\/plano-de-acao-2026\/","title":{"rendered":"PLANO DE AC\u00c7\u00c3O 2026"},"content":{"rendered":"<!--themify_builder_content-->\n<div id=\"themify_builder_content-18596\" data-postid=\"18596\" class=\"themify_builder_content themify_builder_content-18596 themify_builder tf_clear\">\n                    <div  data-lazy=\"1\" class=\"module_row themify_builder_row tb_5f5k808 tb_first tf_w\">\n                        <div class=\"row_inner col_align_top tb_col_count_1 tf_box tf_rel\">\n                        <div  data-lazy=\"1\" class=\"module_column tb-column col-full tb_mr61809 first\">\n                    <!-- module fancy heading -->\n<div  class=\"module module-fancy-heading tb_1udv504  tb_hide_divider\" data-lazy=\"1\">\n        <h3 class=\"fancy-heading tf_textc\">\n    <span class=\"main-head tf_block\">\n                    PLANO DE A\u00c7\u00c3O 2026            <\/span>\n\n    \n    <span class=\"sub-head tf_block tf_rel\">\n                    Propomos...            <\/span>\n    <\/h3>\n<\/div>\n<!-- \/module fancy heading -->\n<!-- module feature -->\n<div  class=\"module module-feature tb_b7yq787 with-chart layout-icon-left size-custom\" data-layout-mobile=\"icon-top\" data-layout-desktop=\"icon-left\" data-lazy=\"1\">\n        <div class=\"module-feature-image tf_textc tf_rel\">\n                            <span class=\"module-feature-chart-html5 tf_box tf_rel tf_inline_b\" style=\"width:75px;height:75px;\">\n                                    <svg class=\"tf_abs tf_w tf_h\">\n                    <circle class=\"tb_feature_fill\" r=\"calc(50% - 1.50px)\" cx=\"50%\" cy=\"50%\" stroke-width=\"3\"\/>\n                    <circle class=\"tb_feature_stroke\" r=\"calc(50% - 1.50px)\" cx=\"50%\" cy=\"50%\" stroke=\"#286fa0\" stroke-width=\"3\" data-progress=\"100\" stroke-dasharray=\"0,10000\"\/>\n                                        <\/svg>\n                                <span class=\"chart-html5-circle tf_w tf_h\">\n                                            <em class=\"module-feature-icon tf_rel\" style=\"color:#286fa0\"><svg  class=\"tf_fa tf-fas-stethoscope\" aria-hidden=\"true\"><use href=\"#tf-fas-stethoscope\"><\/use><\/svg><\/em>\n                                    <\/span>\n\n                \n            <\/span>\n                <\/div>\n    <div class=\"module-feature-content tf_textc\">\n                    <h3 class=\"module-feature-title\">\n                            RESEARCH ACTIVITY                        <\/h3>\n                    <div class=\"tb_text_wrap\">\n            <p style=\"color: #000000\">Dinamizar o ensaio EPICAT.\n<\/p>\n<p style=\"color: #000000\">Promover e patrocinar ensaios da iniciativa do investigador.<\/p>        <\/div>\n    <\/div>\n<\/div>\n<!-- \/module feature -->\n<!-- module feature -->\n<div  class=\"module module-feature tb_bw75739 with-chart layout-icon-left size-custom\" data-layout-mobile=\"icon-top\" data-layout-desktop=\"icon-left\" data-lazy=\"1\">\n        <div class=\"module-feature-image tf_textc tf_rel\">\n                            <span class=\"module-feature-chart-html5 tf_box tf_rel tf_inline_b\" style=\"width:75px;height:75px;\">\n                                    <svg class=\"tf_abs tf_w tf_h\">\n                    <circle class=\"tb_feature_fill\" r=\"calc(50% - 1.50px)\" cx=\"50%\" cy=\"50%\" stroke-width=\"3\"\/>\n                    <circle class=\"tb_feature_stroke\" r=\"calc(50% - 1.50px)\" cx=\"50%\" cy=\"50%\" stroke=\"#286fa0\" stroke-width=\"3\" data-progress=\"100\" stroke-dasharray=\"0,10000\"\/>\n                                        <\/svg>\n                                <span class=\"chart-html5-circle tf_w tf_h\">\n                                            <em class=\"module-feature-icon tf_rel\" style=\"color:#286fa0\"><svg  class=\"tf_fa tf-fas-flask\" aria-hidden=\"true\"><use href=\"#tf-fas-flask\"><\/use><\/svg><\/em>\n                                    <\/span>\n\n                \n            <\/span>\n                <\/div>\n    <div class=\"module-feature-content tf_textc\">\n                    <h3 class=\"module-feature-title\">\n                            SCIENTIFIC ACTIVITY                        <\/h3>\n                    <div class=\"tb_text_wrap\">\n            <p style=\"color: #000000\">Realizar uma reuni\u00e3o no in\u00edcio do ano (Reuni\u00e3o de Brainstorming) e o 3.\u00ba Congresso Portugu\u00eas do Cancro do Pulm\u00e3o.<\/p>\n<p style=\"color: #000000\">Publicar os Consensos para o Diagn\u00f3stico, Estadiamento, Tratamento e Seguimento do Cancro do Pulm\u00e3o em revista (s) indexada(s).\u00a0<\/p>        <\/div>\n    <\/div>\n<\/div>\n<!-- \/module feature -->\n<!-- module feature -->\n<div  class=\"module module-feature tb_kuao321 with-chart layout-icon-left size-custom\" data-layout-mobile=\"icon-top\" data-layout-desktop=\"icon-left\" data-lazy=\"1\">\n        <div class=\"module-feature-image tf_textc tf_rel\">\n                            <span class=\"module-feature-chart-html5 tf_box tf_rel tf_inline_b\" style=\"width:75px;height:75px;\">\n                                    <svg class=\"tf_abs tf_w tf_h\">\n                    <circle class=\"tb_feature_fill\" r=\"calc(50% - 1.50px)\" cx=\"50%\" cy=\"50%\" stroke-width=\"3\"\/>\n                    <circle class=\"tb_feature_stroke\" r=\"calc(50% - 1.50px)\" cx=\"50%\" cy=\"50%\" stroke=\"#286fa0\" stroke-width=\"3\" data-progress=\"100\" stroke-dasharray=\"0,10000\"\/>\n                                        <\/svg>\n                                <span class=\"chart-html5-circle tf_w tf_h\">\n                                            <em class=\"module-feature-icon tf_rel\" style=\"color:#286fa0\"><svg  class=\"tf_fa tf-fas-arrow-up-right-dots\" aria-hidden=\"true\"><use href=\"#tf-fas-arrow-up-right-dots\"><\/use><\/svg><\/em>\n                                    <\/span>\n\n                \n            <\/span>\n                <\/div>\n    <div class=\"module-feature-content tf_textc\">\n                    <h3 class=\"module-feature-title\">\n                            PREVEN\u00c7\u00c3O E DIAGN\u00d3STICO PRECOCE                        <\/h3>\n                    <div class=\"tb_text_wrap\">\n            <p style=\"color: #000000\">Continuar a criar campanhas de sensibiliza\u00e7\u00e3o e comunica\u00e7\u00e3o, tanto digitais como presenciais, junto do p\u00fablico em geral. Em 2026, vamos repetir a Caminhada no Ritmo da Sa\u00fade (3.\u00aa edi\u00e7\u00e3o).<\/p>\n<p style=\"color: #000000\">Promover e apoiar estrat\u00e9gias que reforcem o diagn\u00f3stico precoce e a implementa\u00e7\u00e3o do rastreio do cancro do pulm\u00e3o em Portugal.<\/p>        <\/div>\n    <\/div>\n<\/div>\n<!-- \/module feature -->\n<!-- module feature -->\n<div  class=\"module module-feature tb_3asz84 with-chart layout-icon-left size-custom\" data-layout-mobile=\"icon-top\" data-layout-desktop=\"icon-left\" data-lazy=\"1\">\n        <div class=\"module-feature-image tf_textc tf_rel\">\n                            <span class=\"module-feature-chart-html5 tf_box tf_rel tf_inline_b\" style=\"width:75px;height:75px;\">\n                                    <svg class=\"tf_abs tf_w tf_h\">\n                    <circle class=\"tb_feature_fill\" r=\"calc(50% - 1.50px)\" cx=\"50%\" cy=\"50%\" stroke-width=\"3\"\/>\n                    <circle class=\"tb_feature_stroke\" r=\"calc(50% - 1.50px)\" cx=\"50%\" cy=\"50%\" stroke=\"#286fa0\" stroke-width=\"3\" data-progress=\"100\" stroke-dasharray=\"0,10000\"\/>\n                                        <\/svg>\n                                <span class=\"chart-html5-circle tf_w tf_h\">\n                                            <em class=\"module-feature-icon tf_rel\" style=\"color:#286fa0\"><svg  class=\"tf_fa tf-fas-shield-alt\" aria-hidden=\"true\"><use href=\"#tf-fas-shield-alt\"><\/use><\/svg><\/em>\n                                    <\/span>\n\n                \n            <\/span>\n                <\/div>\n    <div class=\"module-feature-content tf_textc\">\n                    <h3 class=\"module-feature-title\">\n                            ADVOCACY                        <\/h3>\n                    <div class=\"tb_text_wrap\">\n            <p style=\"color: #000000\">Continuar a lutar por cuidados de excel\u00eancia em oncologia pulmonar e tor\u00e1cica, fortalecendo a colabora\u00e7\u00e3o estreita com os respons\u00e1veis pelas pol\u00edticas de sa\u00fade na defini\u00e7\u00e3o de estrat\u00e9gias eficazes para o combate \u00e0s doen\u00e7as oncol\u00f3gicas.<\/p>        <\/div>\n    <\/div>\n<\/div>\n<!-- \/module feature -->\n<!-- module feature -->\n<div  class=\"module module-feature tb_kxyg438 with-chart layout-icon-left size-custom\" data-layout-mobile=\"icon-top\" data-layout-desktop=\"icon-left\" data-lazy=\"1\">\n        <div class=\"module-feature-image tf_textc tf_rel\">\n                            <span class=\"module-feature-chart-html5 tf_box tf_rel tf_inline_b\" style=\"width:75px;height:75px;\">\n                                    <svg class=\"tf_abs tf_w tf_h\">\n                    <circle class=\"tb_feature_fill\" r=\"calc(50% - 1.50px)\" cx=\"50%\" cy=\"50%\" stroke-width=\"3\"\/>\n                    <circle class=\"tb_feature_stroke\" r=\"calc(50% - 1.50px)\" cx=\"50%\" cy=\"50%\" stroke=\"#286fa0\" stroke-width=\"3\" data-progress=\"100\" stroke-dasharray=\"0,10000\"\/>\n                                        <\/svg>\n                                <span class=\"chart-html5-circle tf_w tf_h\">\n                                            <em class=\"module-feature-icon tf_rel\" style=\"color:#286fa0\"><svg  class=\"tf_fa tf-fas-handshake\" aria-hidden=\"true\"><use href=\"#tf-fas-handshake\"><\/use><\/svg><\/em>\n                                    <\/span>\n\n                \n            <\/span>\n                <\/div>\n    <div class=\"module-feature-content tf_textc\">\n                    <h3 class=\"module-feature-title\">\n                            PARCERIAS                        <\/h3>\n                    <div class=\"tb_text_wrap\">\n            <p style=\"color: #000000\">Manter as parcerias com:<\/p>\n<p>\u2022\tiOncoCare<\/p>\n<p>\u2022\tAlian\u00e7a para o Cancro do Pulm\u00e3o<\/p>\n<p>\u2022\tCPSA (Conselho Portugu\u00eas para a Sa\u00fade e Ambiente)  <\/p>\n<p>\u2022\tAEOP (Associa\u00e7\u00e3o de Enfermagem Oncol\u00f3gica Portuguesa) <\/p>\n        <\/div>\n    <\/div>\n<\/div>\n<!-- \/module feature -->\n<!-- module feature -->\n<div  class=\"module module-feature tb_lyr1133 with-chart layout-icon-left size-custom\" data-layout-mobile=\"icon-top\" data-layout-desktop=\"icon-left\" data-lazy=\"1\">\n        <div class=\"module-feature-image tf_textc tf_rel\">\n                            <span class=\"module-feature-chart-html5 tf_box tf_rel tf_inline_b\" style=\"width:75px;height:75px;\">\n                                    <svg class=\"tf_abs tf_w tf_h\">\n                    <circle class=\"tb_feature_fill\" r=\"calc(50% - 1.50px)\" cx=\"50%\" cy=\"50%\" stroke-width=\"3\"\/>\n                    <circle class=\"tb_feature_stroke\" r=\"calc(50% - 1.50px)\" cx=\"50%\" cy=\"50%\" stroke=\"#286fa0\" stroke-width=\"3\" data-progress=\"100\" stroke-dasharray=\"0,10000\"\/>\n                                        <\/svg>\n                                <span class=\"chart-html5-circle tf_w tf_h\">\n                                            <em class=\"module-feature-icon tf_rel\" style=\"color:#286fa0\"><svg  class=\"tf_fa tf-far-file-alt\" aria-hidden=\"true\"><use href=\"#tf-far-file-alt\"><\/use><\/svg><\/em>\n                                    <\/span>\n\n                \n            <\/span>\n                <\/div>\n    <div class=\"module-feature-content tf_textc\">\n                    <h3 class=\"module-feature-title\">\n                            SOCIAL AWARENESS ACTIVITY                        <\/h3>\n                    <div class=\"tb_text_wrap\">\n            <p style=\"font-weight: normal\">Continuar o processo de indexa\u00e7\u00e3o e dinamiza\u00e7\u00e3o da Revista do GECP \u2013 THORAC;<\/p>\n<p style=\"font-weight: normal\">Continuar a dinamizar o website do GECP na internet; <\/p>\n<p style=\"font-weight: normal\">Manter as newsletters mensais para os s\u00f3cios;<\/p>\n<p style=\"font-weight: normal\">Manter a publica\u00e7\u00e3o de conte\u00fados nas redes sociais (Facebook, Instagram e LinkedIn), adaptadas a cada canal e com diversos formatos (imagens, v\u00eddeos, links) de acordo com a natureza da informa\u00e7\u00e3o transmitida;<\/p>\n<p style=\"font-weight: normal\">Manter a assessoria medi\u00e1tica regular, com envio de Comunicados de Imprensa e propostas de divulga\u00e7\u00e3o aos media, mantendo o GECP e o seu \u00e2mbito de a\u00e7\u00e3o na agenda medi\u00e1tica. <\/p>        <\/div>\n    <\/div>\n<\/div>\n<!-- \/module feature -->\n<!-- module feature -->\n<div  class=\"module module-feature tb_aum0770 no-chart layout-icon-left size-custom\" data-layout-mobile=\"icon-top\" data-layout-desktop=\"icon-left\" data-lazy=\"1\">\n        <div class=\"module-feature-image tf_textc tf_rel\">\n                            <span class=\"module-feature-chart-html5 tf_box tf_rel tf_inline_b\" style=\"width:75px;height:75px;\">\n                                <span class=\"chart-html5-circle tf_w tf_h\">\n                                    <\/span>\n\n                \n            <\/span>\n                <\/div>\n    <div class=\"module-feature-content tf_textc\">\n                <div class=\"tb_text_wrap\">\n            <p><em>Outubro 2025<\/em><\/p>\n<p><em>GECP Executive Board<\/em><\/p>        <\/div>\n    <\/div>\n<\/div>\n<!-- \/module feature -->\n        <\/div>\n                        <\/div>\n        <\/div>\n        <\/div>\n<!--\/themify_builder_content--><!-- AddThis Advanced Settings generic via filter on the_content --><!-- AddThis Share Buttons generic via filter on the_content -->","protected":false},"excerpt":{"rendered":"<p><!-- AddThis Advanced Settings generic via filter on get_the_excerpt --><!-- AddThis Share Buttons generic via filter on get_the_excerpt --><\/p>","protected":false},"author":1,"featured_media":0,"parent":0,"menu_order":0,"comment_status":"closed","ping_status":"closed","template":"","meta":{"om_disable_all_campaigns":false,"_monsterinsights_skip_tracking":false,"_monsterinsights_sitenote_active":false,"_monsterinsights_sitenote_note":"","_monsterinsights_sitenote_category":0,"ngg_post_thumbnail":0},"_links":{"self":[{"href":"https:\/\/www.gecp.pt\/en\/wp-json\/wp\/v2\/pages\/18596"}],"collection":[{"href":"https:\/\/www.gecp.pt\/en\/wp-json\/wp\/v2\/pages"}],"about":[{"href":"https:\/\/www.gecp.pt\/en\/wp-json\/wp\/v2\/types\/page"}],"author":[{"embeddable":true,"href":"https:\/\/www.gecp.pt\/en\/wp-json\/wp\/v2\/users\/1"}],"replies":[{"embeddable":true,"href":"https:\/\/www.gecp.pt\/en\/wp-json\/wp\/v2\/comments?post=18596"}],"version-history":[{"count":27,"href":"https:\/\/www.gecp.pt\/en\/wp-json\/wp\/v2\/pages\/18596\/revisions"}],"predecessor-version":[{"id":18704,"href":"https:\/\/www.gecp.pt\/en\/wp-json\/wp\/v2\/pages\/18596\/revisions\/18704"}],"wp:attachment":[{"href":"https:\/\/www.gecp.pt\/en\/wp-json\/wp\/v2\/media?parent=18596"}],"curies":[{"name":"wp","href":"https:\/\/api.w.org\/{rel}","templated":true}]}}