{"id":13141,"date":"2023-10-17T00:46:07","date_gmt":"2023-10-16T23:46:07","guid":{"rendered":"https:\/\/www.gecp.pt\/?page_id=13141"},"modified":"2024-10-16T17:35:16","modified_gmt":"2024-10-16T16:35:16","slug":"corpos-sociais-gecp-2023","status":"publish","type":"page","link":"https:\/\/www.gecp.pt\/en\/corpos-sociais-gecp-2023\/","title":{"rendered":"(Portugu\u00eas) CORPOS SOCIAIS"},"content":{"rendered":"<p><\/p>\n\n\n\n\n<!--themify_builder_content-->\n<div id=\"themify_builder_content-13141\" data-postid=\"13141\" class=\"themify_builder_content themify_builder_content-13141 themify_builder tf_clear\">\n                    <div  data-lazy=\"1\" class=\"module_row themify_builder_row tb_o4cz873 tb_first tf_w\">\n                        <div class=\"row_inner col_align_top tb_col_count_1 tf_box tf_rel\">\n                        <div  data-lazy=\"1\" class=\"module_column tb-column col-full tb_88tg873 first\">\n                    <!-- module text -->\n<div  class=\"module module-text tb_1bca28\" data-lazy=\"1\">\n        <div  class=\"tb_text_wrap\">\n        <h3 style=\"text-align: center;\">BOARD<\/h3>    <\/div>\n<\/div>\n<!-- \/module text --><!-- module divider -->\n<div  class=\"module tf_mw module-divider tb_l7yi621 solid\" style=\"border-width: 0px;\" data-lazy=\"1\">\n    <\/div>\n<!-- \/module divider -->\n<!-- module text -->\n<div  class=\"module module-text tb_pfve126\" data-lazy=\"1\">\n        <div  class=\"tb_text_wrap\">\n        <h4 style=\"text-align: center;\"><strong>EXECUTIVE DIRECTION<\/strong><\/h4>    <\/div>\n<\/div>\n<!-- \/module text -->        <\/div>\n                        <\/div>\n        <\/div>\n                        <div  data-lazy=\"1\" class=\"module_row themify_builder_row tb_5m9s858 tf_w\">\n                        <div class=\"row_inner col_align_top tb_col_count_1 tf_box tf_rel\">\n                        <div  data-lazy=\"1\" class=\"module_column tb-column col-full tb_uby5859 first\">\n                            <div  data-lazy=\"1\" class=\"module_subrow themify_builder_sub_row tf_w col_align_top gutter-none tb_col_count_3 tb_6yqb859\">\n                <div  data-lazy=\"1\" class=\"module_column sub_column col3-1 tb_q30d859 first\">\n                    <!-- module image -->\n<div  class=\"module module-image tb_zv65860 image-center circle  tf_mw\" data-lazy=\"1\">\n        <div class=\"image-wrap tf_rel tf_mw\">\n            <img src=\"https:\/\/www.gecp.pt\/wp-content\/uploads\/2020\/04\/Ana_Figueiredo_gecp-150x150.jpg\" width=\"150\" height=\"150\" class=\"wp-post-image wp-image-3704\" title=\"PRESIDENT\" alt=\"Ana Maria Ferreira Rodrigues FigueiredoPneumologia - ULS Coimbra\" srcset=\"https:\/\/www.gecp.pt\/wp-content\/uploads\/2020\/04\/Ana_Figueiredo_gecp-150x150.jpg 150w, https:\/\/www.gecp.pt\/wp-content\/uploads\/2020\/04\/Ana_Figueiredo_gecp.jpg 300w\" sizes=\"(max-width: 150px) 100vw, 150px\" \/>    \n        <\/div>\n    <!-- \/image-wrap -->\n    \n        <div class=\"image-content\">\n                    <h3 class=\"image-title\">\n                                    PRESIDENT                            <\/h3>\n                        <div class=\"image-caption tb_text_wrap\">\n            Ana Maria Ferreira Rodrigues Figueiredo<br>\nPneumologia &#8211; ULS Coimbra        <\/div>\n        <!-- \/image-caption -->\n            <\/div>\n    <!-- \/image-content -->\n        <\/div>\n<!-- \/module image -->        <\/div>\n                    <div  data-lazy=\"1\" class=\"module_column sub_column col3-1 tb_axfo860\">\n                    <!-- module image -->\n<div  class=\"module module-image tb_67br860 image-center circle  tf_mw\" data-lazy=\"1\">\n        <div class=\"image-wrap tf_rel tf_mw\">\n            <img src=\"https:\/\/www.gecp.pt\/wp-content\/uploads\/2020\/04\/Gabriela_gecp-150x150.jpg\" width=\"150\" height=\"150\" class=\"wp-post-image wp-image-4544\" title=\"SECRETARY\" alt=\"Maria Gabriela Oliveira FernandesPneumologia \u2013 ULS S\u00e3o Jo\u00e3o\" srcset=\"https:\/\/www.gecp.pt\/wp-content\/uploads\/2020\/04\/Gabriela_gecp-150x150.jpg 150w, https:\/\/www.gecp.pt\/wp-content\/uploads\/2020\/04\/Gabriela_gecp.jpg 272w\" sizes=\"(max-width: 150px) 100vw, 150px\" \/>    \n        <\/div>\n    <!-- \/image-wrap -->\n    \n        <div class=\"image-content\">\n                    <h3 class=\"image-title\">\n                                    SECRETARY                            <\/h3>\n                        <div class=\"image-caption tb_text_wrap\">\n            Maria Gabriela Oliveira Fernandes<br>\nPneumologia \u2013 ULS S\u00e3o Jo\u00e3o        <\/div>\n        <!-- \/image-caption -->\n            <\/div>\n    <!-- \/image-content -->\n        <\/div>\n<!-- \/module image -->        <\/div>\n                    <div  data-lazy=\"1\" class=\"module_column sub_column col3-1 tb_xr9z861 last\">\n                    <!-- module image -->\n<div  class=\"module module-image tb_38vz861 image-center circle  tf_mw\" data-lazy=\"1\">\n        <div class=\"image-wrap tf_rel tf_mw\">\n            <img src=\"https:\/\/www.gecp.pt\/wp-content\/uploads\/2020\/04\/Ana_Barroso-150x150.jpg\" width=\"150\" height=\"150\" class=\"wp-post-image wp-image-3702\" title=\"SECRETARY\" alt=\"Ana Maria Paix\u00e3o BarrosoPneumologia \u2013 ULS Gaia e Espinho\" srcset=\"https:\/\/www.gecp.pt\/wp-content\/uploads\/2020\/04\/Ana_Barroso-150x150.jpg 150w, https:\/\/www.gecp.pt\/wp-content\/uploads\/2020\/04\/Ana_Barroso.jpg 300w\" sizes=\"(max-width: 150px) 100vw, 150px\" \/>    \n        <\/div>\n    <!-- \/image-wrap -->\n    \n        <div class=\"image-content\">\n                    <h3 class=\"image-title\">\n                                    SECRETARY                            <\/h3>\n                        <div class=\"image-caption tb_text_wrap\">\n            Ana Maria Paix\u00e3o Barroso<br>\nPneumologia \u2013 ULS Gaia e Espinho        <\/div>\n        <!-- \/image-caption -->\n            <\/div>\n    <!-- \/image-content -->\n        <\/div>\n<!-- \/module image -->        <\/div>\n                    <\/div>\n                <div  data-lazy=\"1\" class=\"module_subrow themify_builder_sub_row tf_w col_align_top gutter-none tb_col_count_3 tb_b4ql861\">\n                <div  data-lazy=\"1\" class=\"module_column sub_column col3-1 tb_e8zi862 first\">\n                    <!-- module image -->\n<div  class=\"module module-image tb_54kw862 image-center circle  tf_mw\" data-lazy=\"1\">\n        <div class=\"image-wrap tf_rel tf_mw\">\n            <img src=\"https:\/\/www.gecp.pt\/wp-content\/uploads\/2020\/04\/CatarinaTravancinha_gecp-150x150.jpg\" width=\"150\" height=\"150\" class=\"wp-post-image wp-image-4531\" title=\"TREASURERS\" alt=\"Catarina Dias Nobre Paiva TravancinhaRadioncologia \u2013 CUFDescobertas\" srcset=\"https:\/\/www.gecp.pt\/wp-content\/uploads\/2020\/04\/CatarinaTravancinha_gecp-150x150.jpg 150w, https:\/\/www.gecp.pt\/wp-content\/uploads\/2020\/04\/CatarinaTravancinha_gecp.jpg 300w\" sizes=\"(max-width: 150px) 100vw, 150px\" \/>    \n        <\/div>\n    <!-- \/image-wrap -->\n    \n        <div class=\"image-content\">\n                    <h3 class=\"image-title\">\n                                    TREASURERS                            <\/h3>\n                        <div class=\"image-caption tb_text_wrap\">\n            Catarina Dias Nobre Paiva Travancinha<br>Radioncologia \u2013 CUFDescobertas        <\/div>\n        <!-- \/image-caption -->\n            <\/div>\n    <!-- \/image-content -->\n        <\/div>\n<!-- \/module image -->        <\/div>\n                    <div  data-lazy=\"1\" class=\"module_column sub_column col3-1 tb_rj51862\">\n                    <!-- module image -->\n<div  class=\"module module-image tb_3xpu862 image-center circle  tf_mw\" data-lazy=\"1\">\n        <div class=\"image-wrap tf_rel tf_mw\">\n            <img src=\"https:\/\/www.gecp.pt\/wp-content\/uploads\/2020\/04\/Marta_Rocha_gecp--150x150.jpg\" width=\"150\" height=\"150\" class=\"wp-post-image wp-image-4070\" title=\"VOWEL\" alt=\"Marta Alexandra Silva SoaresOncologia - IPOPorto\" srcset=\"https:\/\/www.gecp.pt\/wp-content\/uploads\/2020\/04\/Marta_Rocha_gecp--150x150.jpg 150w, https:\/\/www.gecp.pt\/wp-content\/uploads\/2020\/04\/Marta_Rocha_gecp-.jpg 300w\" sizes=\"(max-width: 150px) 100vw, 150px\" \/>    \n        <\/div>\n    <!-- \/image-wrap -->\n    \n        <div class=\"image-content\">\n                    <h3 class=\"image-title\">\n                                    VOWEL                            <\/h3>\n                        <div class=\"image-caption tb_text_wrap\">\n            Marta Alexandra Silva Soares<br>Oncologia &#8211; IPOPorto        <\/div>\n        <!-- \/image-caption -->\n            <\/div>\n    <!-- \/image-content -->\n        <\/div>\n<!-- \/module image -->        <\/div>\n                    <div  data-lazy=\"1\" class=\"module_column sub_column col3-1 tb_sc1l862 last\">\n                    <!-- module image -->\n<div  class=\"module module-image tb_dnlb863 image-center circle  tf_mw\" data-lazy=\"1\">\n        <div class=\"image-wrap tf_rel tf_mw\">\n            <img src=\"https:\/\/www.gecp.pt\/wp-content\/uploads\/2020\/05\/cristina_tavira_gecp-150x150.jpg\" width=\"150\" height=\"150\" class=\"wp-post-image wp-image-7348\" title=\"VOWEL\" alt=\"Cristina Isabel Carolino Rodrigues TaviraCirurgia Tor\u00e1cica - ULS Santa Maria\" srcset=\"https:\/\/www.gecp.pt\/wp-content\/uploads\/2020\/05\/cristina_tavira_gecp-150x150.jpg 150w, https:\/\/www.gecp.pt\/wp-content\/uploads\/2020\/05\/cristina_tavira_gecp.jpg 300w\" sizes=\"(max-width: 150px) 100vw, 150px\" \/>    \n        <\/div>\n    <!-- \/image-wrap -->\n    \n        <div class=\"image-content\">\n                    <h3 class=\"image-title\">\n                                    VOWEL                            <\/h3>\n                        <div class=\"image-caption tb_text_wrap\">\n            Cristina Isabel Carolino Rodrigues Tavira<br>Cirurgia Tor\u00e1cica &#8211; ULS Santa Maria        <\/div>\n        <!-- \/image-caption -->\n            <\/div>\n    <!-- \/image-content -->\n        <\/div>\n<!-- \/module image -->        <\/div>\n                    <\/div>\n                <div  data-lazy=\"1\" class=\"module_subrow themify_builder_sub_row tf_w col_align_top gutter-none tb_col_count_2 tb_6cmk410\">\n                <div  data-lazy=\"1\" class=\"module_column sub_column col3-1 tb_b0px411 first\">\n                    <!-- module image -->\n<div  class=\"module module-image tb_faee411 image-center circle  tf_mw\" data-lazy=\"1\">\n        <div class=\"image-wrap tf_rel tf_mw\">\n            <img src=\"https:\/\/www.gecp.pt\/wp-content\/uploads\/2020\/04\/Analisa_Ribeiro_gecp-150x150.png\" width=\"150\" height=\"150\" class=\"wp-post-image wp-image-4011\" title=\"VOWEL\" alt=\"Analisa Filomena Leal Lopes RibeiroAnatomia Patol\u00f3gica \u2013 HB.\u00c2ngelo\" srcset=\"https:\/\/www.gecp.pt\/wp-content\/uploads\/2020\/04\/Analisa_Ribeiro_gecp-150x150.png 150w, https:\/\/www.gecp.pt\/wp-content\/uploads\/2020\/04\/Analisa_Ribeiro_gecp.png 300w\" sizes=\"(max-width: 150px) 100vw, 150px\" \/>    \n        <\/div>\n    <!-- \/image-wrap -->\n    \n        <div class=\"image-content\">\n                    <h3 class=\"image-title\">\n                                    VOWEL                            <\/h3>\n                        <div class=\"image-caption tb_text_wrap\">\n            Analisa Filomena Leal Lopes Ribeiro<br>Anatomia Patol\u00f3gica \u2013 HB.\u00c2ngelo        <\/div>\n        <!-- \/image-caption -->\n            <\/div>\n    <!-- \/image-content -->\n        <\/div>\n<!-- \/module image -->        <\/div>\n                    <div  data-lazy=\"1\" class=\"module_column sub_column col3-2 tb_zcxa57 last\">\n                            <\/div>\n                    <\/div>\n                <\/div>\n                        <\/div>\n        <\/div>\n                        <div  data-lazy=\"1\" class=\"module_row themify_builder_row tb_gvov64 tf_w\">\n                        <div class=\"row_inner col_align_top tb_col_count_1 tf_box tf_rel\">\n                        <div  data-lazy=\"1\" class=\"module_column tb-column col-full tb_stzg65 first\">\n                            <\/div>\n                        <\/div>\n        <\/div>\n                        <div  data-lazy=\"1\" class=\"module_row themify_builder_row tb_hof4699 tf_w\">\n                        <div class=\"row_inner col_align_top tb_col_count_1 tf_box tf_rel\">\n                        <div  data-lazy=\"1\" class=\"module_column tb-column col-full tb_yo4f699 first\">\n                    <!-- module text -->\n<div  class=\"module module-text tb_89if55\" data-lazy=\"1\">\n        <div  class=\"tb_text_wrap\">\n        <h4 style=\"text-align: center;\"><strong>GENERAL ASSEMBLY<\/strong><\/h4>    <\/div>\n<\/div>\n<!-- \/module text -->        <\/div>\n                        <\/div>\n        <\/div>\n                        <div  data-lazy=\"1\" class=\"module_row themify_builder_row tb_5jnp954 tf_w\">\n                        <div class=\"row_inner col_align_top tb_col_count_1 tf_box tf_rel\">\n                        <div  data-lazy=\"1\" class=\"module_column tb-column col-full tb_l4pl954 first\">\n                            <div  data-lazy=\"1\" class=\"module_subrow themify_builder_sub_row tf_w col_align_top gutter-none tb_col_count_3 tb_3spf955\">\n                <div  data-lazy=\"1\" class=\"module_column sub_column col3-1 tb_4h0q955 first\">\n                    <!-- module image -->\n<div  class=\"module module-image tb_cksw955 image-center circle  tf_mw\" data-lazy=\"1\">\n        <div class=\"image-wrap tf_rel tf_mw\">\n            <img src=\"https:\/\/www.gecp.pt\/wp-content\/uploads\/2020\/04\/paulo_s_costa_gecp-2-150x150.jpg\" width=\"150\" height=\"150\" class=\"wp-post-image wp-image-3713\" title=\"PRESIDENT\" alt=\"Paulo Serafim de Jesus Martins da CostaRadioncologia \u2013 H Braga \/ CUF Porto\">    \n        <\/div>\n    <!-- \/image-wrap -->\n    \n        <div class=\"image-content\">\n                    <h3 class=\"image-title\">\n                                    PRESIDENT                            <\/h3>\n                        <div class=\"image-caption tb_text_wrap\">\n            Paulo Serafim de Jesus Martins da Costa\nRadioncologia \u2013 H Braga \/ CUF Porto        <\/div>\n        <!-- \/image-caption -->\n            <\/div>\n    <!-- \/image-content -->\n        <\/div>\n<!-- \/module image -->        <\/div>\n                    <div  data-lazy=\"1\" class=\"module_column sub_column col3-1 tb_7lab955\">\n                    <!-- module image -->\n<div  class=\"module module-image tb_hyss955 image-center circle  tf_mw\" data-lazy=\"1\">\n        <div class=\"image-wrap tf_rel tf_mw\">\n            <img src=\"https:\/\/www.gecp.pt\/wp-content\/uploads\/2023\/10\/maria-barradas-gecp-150x150.jpg\" width=\"150\" height=\"150\" class=\"wp-post-image wp-image-13200\" title=\"VICE PRESIDENT\" alt=\"Maria de Lourdes Silva Barradas LopesPneumologia \u2013 IPO Coimbra\" srcset=\"https:\/\/www.gecp.pt\/wp-content\/uploads\/2023\/10\/maria-barradas-gecp-150x150.jpg 150w, https:\/\/www.gecp.pt\/wp-content\/uploads\/2023\/10\/maria-barradas-gecp-300x300.jpg 300w, https:\/\/www.gecp.pt\/wp-content\/uploads\/2023\/10\/maria-barradas-gecp-768x768.jpg 768w, https:\/\/www.gecp.pt\/wp-content\/uploads\/2023\/10\/maria-barradas-gecp-12x12.jpg 12w, https:\/\/www.gecp.pt\/wp-content\/uploads\/2023\/10\/maria-barradas-gecp.jpg 904w\" sizes=\"(max-width: 150px) 100vw, 150px\" \/>    \n        <\/div>\n    <!-- \/image-wrap -->\n    \n        <div class=\"image-content\">\n                    <h3 class=\"image-title\">\n                                    VICE PRESIDENT                            <\/h3>\n                        <div class=\"image-caption tb_text_wrap\">\n            Maria de Lourdes Silva Barradas Lopes\nPneumologia \u2013 IPO Coimbra        <\/div>\n        <!-- \/image-caption -->\n            <\/div>\n    <!-- \/image-content -->\n        <\/div>\n<!-- \/module image -->        <\/div>\n                    <div  data-lazy=\"1\" class=\"module_column sub_column col3-1 tb_amij955 last\">\n                    <!-- module image -->\n<div  class=\"module module-image tb_v9sy956 image-center circle  tf_mw\" data-lazy=\"1\">\n        <div class=\"image-wrap tf_rel tf_mw\">\n            <img src=\"https:\/\/www.gecp.pt\/wp-content\/uploads\/2020\/04\/teresacardoso_gecp-150x150.jpg\" width=\"150\" height=\"150\" class=\"wp-post-image wp-image-4526\" title=\"SECRETARY\" alt=\"Maria Teresa Gomes CardosoPneumologia \u2013 ULS Alentejo Central\" srcset=\"https:\/\/www.gecp.pt\/wp-content\/uploads\/2020\/04\/teresacardoso_gecp-150x150.jpg 150w, https:\/\/www.gecp.pt\/wp-content\/uploads\/2020\/04\/teresacardoso_gecp.jpg 300w\" sizes=\"(max-width: 150px) 100vw, 150px\" \/>    \n        <\/div>\n    <!-- \/image-wrap -->\n    \n        <div class=\"image-content\">\n                    <h3 class=\"image-title\">\n                                    SECRETARY                            <\/h3>\n                        <div class=\"image-caption tb_text_wrap\">\n            Maria Teresa Gomes Cardoso<br>\nPneumologia \u2013 ULS Alentejo Central        <\/div>\n        <!-- \/image-caption -->\n            <\/div>\n    <!-- \/image-content -->\n        <\/div>\n<!-- \/module image -->        <\/div>\n                    <\/div>\n                <\/div>\n                        <\/div>\n        <\/div>\n                        <div  data-lazy=\"1\" class=\"module_row themify_builder_row tb_zgc122 tf_w\">\n                        <div class=\"row_inner col_align_top tb_col_count_1 tf_box tf_rel\">\n                        <div  data-lazy=\"1\" class=\"module_column tb-column col-full tb_jw6k22 first\">\n                            <\/div>\n                        <\/div>\n        <\/div>\n                        <div  data-lazy=\"1\" class=\"module_row themify_builder_row tb_485r152 tf_w\">\n                        <div class=\"row_inner col_align_top tb_col_count_1 tf_box tf_rel\">\n                        <div  data-lazy=\"1\" class=\"module_column tb-column col-full tb_oiu1153 first\">\n                    <!-- module text -->\n<div  class=\"module module-text tb_2e5s153\" data-lazy=\"1\">\n        <div  class=\"tb_text_wrap\">\n        <h4 style=\"text-align: center;\"><strong>Fiscal Council<\/strong><\/h4>    <\/div>\n<\/div>\n<!-- \/module text -->        <\/div>\n                        <\/div>\n        <\/div>\n                        <div  data-lazy=\"1\" class=\"module_row themify_builder_row tb_fjtj925 tf_w\">\n                        <div class=\"row_inner col_align_top tb_col_count_1 tf_box tf_rel\">\n                        <div  data-lazy=\"1\" class=\"module_column tb-column col-full tb_dyq9926 first\">\n                            <div  data-lazy=\"1\" class=\"module_subrow themify_builder_sub_row tf_w col_align_top gutter-none tb_col_count_3 tb_tq0h926\">\n                <div  data-lazy=\"1\" class=\"module_column sub_column col3-1 tb_ttjf926 first\">\n                    <!-- module image -->\n<div  class=\"module module-image tb_9zh0926 image-center circle  tf_mw\" data-lazy=\"1\">\n        <div class=\"image-wrap tf_rel tf_mw\">\n            <img src=\"https:\/\/www.gecp.pt\/wp-content\/uploads\/2020\/04\/ulisses_brito_gecp-150x150.jpg\" width=\"150\" height=\"150\" class=\"wp-post-image wp-image-3720\" title=\"PRESIDENT\" alt=\"Ulisses Saturnino Duarte de BritoPneumologia \u2013 ULS Algarve\" srcset=\"https:\/\/www.gecp.pt\/wp-content\/uploads\/2020\/04\/ulisses_brito_gecp-150x150.jpg 150w, https:\/\/www.gecp.pt\/wp-content\/uploads\/2020\/04\/ulisses_brito_gecp.jpg 200w\" sizes=\"(max-width: 150px) 100vw, 150px\" \/>    \n        <\/div>\n    <!-- \/image-wrap -->\n    \n        <div class=\"image-content\">\n                    <h3 class=\"image-title\">\n                                    PRESIDENT                            <\/h3>\n                        <div class=\"image-caption tb_text_wrap\">\n            Ulisses Saturnino Duarte de Brito<br>Pneumologia \u2013 ULS Algarve        <\/div>\n        <!-- \/image-caption -->\n            <\/div>\n    <!-- \/image-content -->\n        <\/div>\n<!-- \/module image -->        <\/div>\n                    <div  data-lazy=\"1\" class=\"module_column sub_column col3-1 tb_lqip926\">\n                    <!-- module image -->\n<div  class=\"module module-image tb_o3ky927 image-center circle  tf_mw\" data-lazy=\"1\">\n        <div class=\"image-wrap tf_rel tf_mw\">\n            <img src=\"https:\/\/www.gecp.pt\/wp-content\/uploads\/2023\/10\/Maria-Valente-gecp-150x150.jpg\" width=\"150\" height=\"150\" class=\"wp-post-image wp-image-13571\" title=\"1\u00ba VOWEL\" alt=\"Maria de la Salete Beir\u00e3o ValentePneumologia \u2013 ULS Cova da Beira\" srcset=\"https:\/\/www.gecp.pt\/wp-content\/uploads\/2023\/10\/Maria-Valente-gecp-150x150.jpg 150w, https:\/\/www.gecp.pt\/wp-content\/uploads\/2023\/10\/Maria-Valente-gecp-300x300.jpg 300w, https:\/\/www.gecp.pt\/wp-content\/uploads\/2023\/10\/Maria-Valente-gecp-12x12.jpg 12w, https:\/\/www.gecp.pt\/wp-content\/uploads\/2023\/10\/Maria-Valente-gecp.jpg 311w\" sizes=\"(max-width: 150px) 100vw, 150px\" \/>    \n        <\/div>\n    <!-- \/image-wrap -->\n    \n        <div class=\"image-content\">\n                    <h3 class=\"image-title\">\n                                    1\u00ba VOWEL                            <\/h3>\n                        <div class=\"image-caption tb_text_wrap\">\n            Maria de la Salete Beir\u00e3o Valente<br>Pneumologia \u2013 ULS Cova da Beira        <\/div>\n        <!-- \/image-caption -->\n            <\/div>\n    <!-- \/image-content -->\n        <\/div>\n<!-- \/module image -->        <\/div>\n                    <div  data-lazy=\"1\" class=\"module_column sub_column col3-1 tb_brzq927 last\">\n                    <!-- module image -->\n<div  class=\"module module-image tb_7l4a927 image-center circle  tf_mw\" data-lazy=\"1\">\n        <div class=\"image-wrap tf_rel tf_mw\">\n            <img src=\"https:\/\/www.gecp.pt\/wp-content\/uploads\/2023\/10\/Maria-de-Lurdes-Ferreira-gecp-150x150.jpg\" width=\"150\" height=\"150\" class=\"wp-post-image wp-image-13196\" title=\"2\u00ba VOWEL\" alt=\"Maria de Lurdes Silva FerreiraPneumologia \u2013 ULS Braga\" srcset=\"https:\/\/www.gecp.pt\/wp-content\/uploads\/2023\/10\/Maria-de-Lurdes-Ferreira-gecp-150x150.jpg 150w, https:\/\/www.gecp.pt\/wp-content\/uploads\/2023\/10\/Maria-de-Lurdes-Ferreira-gecp-12x12.jpg 12w, https:\/\/www.gecp.pt\/wp-content\/uploads\/2023\/10\/Maria-de-Lurdes-Ferreira-gecp.jpg 292w\" sizes=\"(max-width: 150px) 100vw, 150px\" \/>    \n        <\/div>\n    <!-- \/image-wrap -->\n    \n        <div class=\"image-content\">\n                    <h3 class=\"image-title\">\n                                    2\u00ba VOWEL                            <\/h3>\n                        <div class=\"image-caption tb_text_wrap\">\n            Maria de Lurdes Silva Ferreira<br>\nPneumologia \u2013 ULS Braga        <\/div>\n        <!-- \/image-caption -->\n            <\/div>\n    <!-- \/image-content -->\n        <\/div>\n<!-- \/module image -->        <\/div>\n                    <\/div>\n                <\/div>\n                        <\/div>\n        <\/div>\n                        <div  data-css_id=\"o6l4467\" data-lazy=\"1\" class=\"module_row themify_builder_row fullwidth tb_o6l4467 tf_w\">\n                        <div class=\"row_inner col_align_top tb_col_count_1 tf_box tf_rel\">\n                        <div  data-lazy=\"1\" class=\"module_column tb-column col-full tb_azh4467 first\">\n                            <\/div>\n                        <\/div>\n        <\/div>\n        <\/div>\n<!--\/themify_builder_content--><!-- AddThis Advanced Settings generic via filter on the_content --><!-- AddThis Share Buttons generic via filter on the_content -->","protected":false},"excerpt":{"rendered":"<p>CORPOS SOCIAIS DIRE\u00c7\u00c3O EXECUTIVA PRESIDENTE Ana Maria Ferreira Rodrigues Figueiredo Pneumologia &#8211; ULS Coimbra SECRET\u00c1RIA Maria Gabriela Oliveira Fernandes Pneumologia \u2013 ULS S\u00e3o Jo\u00e3o SECRET\u00c1RIA Ana Maria Paix\u00e3o Barroso Pneumologia \u2013 ULS Gaia e Espinho TESOUREIRA Catarina Dias Nobre Paiva&#8230;<!-- AddThis Advanced Settings generic via filter on get_the_excerpt --><!-- AddThis Share Buttons generic via filter on get_the_excerpt --><\/p>","protected":false},"author":1,"featured_media":0,"parent":0,"menu_order":0,"comment_status":"closed","ping_status":"closed","template":"","meta":{"om_disable_all_campaigns":false,"_monsterinsights_skip_tracking":false,"_monsterinsights_sitenote_active":false,"_monsterinsights_sitenote_note":"","_monsterinsights_sitenote_category":0,"ngg_post_thumbnail":0},"_links":{"self":[{"href":"https:\/\/www.gecp.pt\/en\/wp-json\/wp\/v2\/pages\/13141"}],"collection":[{"href":"https:\/\/www.gecp.pt\/en\/wp-json\/wp\/v2\/pages"}],"about":[{"href":"https:\/\/www.gecp.pt\/en\/wp-json\/wp\/v2\/types\/page"}],"author":[{"embeddable":true,"href":"https:\/\/www.gecp.pt\/en\/wp-json\/wp\/v2\/users\/1"}],"replies":[{"embeddable":true,"href":"https:\/\/www.gecp.pt\/en\/wp-json\/wp\/v2\/comments?post=13141"}],"version-history":[{"count":24,"href":"https:\/\/www.gecp.pt\/en\/wp-json\/wp\/v2\/pages\/13141\/revisions"}],"predecessor-version":[{"id":14848,"href":"https:\/\/www.gecp.pt\/en\/wp-json\/wp\/v2\/pages\/13141\/revisions\/14848"}],"wp:attachment":[{"href":"https:\/\/www.gecp.pt\/en\/wp-json\/wp\/v2\/media?parent=13141"}],"curies":[{"name":"wp","href":"https:\/\/api.w.org\/{rel}","templated":true}]}}