{"id":10241,"date":"2022-03-20T13:30:48","date_gmt":"2022-03-20T13:30:48","guid":{"rendered":"https:\/\/www.gecp.pt\/?page_id=10241"},"modified":"2022-03-20T14:18:23","modified_gmt":"2022-03-20T14:18:23","slug":"home-teste","status":"publish","type":"page","link":"https:\/\/www.gecp.pt\/en\/home-teste\/","title":{"rendered":"(Portugu\u00eas) home-teste"},"content":{"rendered":"<p class=\"qtranxs-available-languages-message qtranxs-available-languages-message-en translation-block\">Sorry, this entry is only available in      <a href=\"https:\/\/www.gecp.pt\/pt\/?trp-edit-translation=preview\" class=\"qtranxs-available-language-link qtranxs-available-language-link-pt\" title=\"Portugu\u00eas\" target=\"_self\">European Portuguese<\/a>.<\/p>","protected":false},"excerpt":{"rendered":"<p>GECP QUEM SOMOS? ESTATUTOS ORG\u00c3OS SOCIAIS COMISS\u00c3O CIENT\u00cdFICA PLANO DE A\u00c7\u00c3O CONTACTOS CENTROS ASSOCIADOS NOVOS S\u00d3CIOS CANCRO DO PULM\u00c3O CANCRO DO PULM\u00c3O COVID-19 E O CANCRO ENSAIOS O QUE S\u00c3O? ENSAIOS GECP PUBLICA\u00c7\u00d5ES EVENTOS BOLSAS E PR\u00c9MIOS DOENTES E CUIDADORES&#8230;<!-- AddThis Advanced Settings generic via filter on get_the_excerpt --><!-- AddThis Share Buttons generic via filter on get_the_excerpt --><\/p>","protected":false},"author":1,"featured_media":0,"parent":0,"menu_order":0,"comment_status":"closed","ping_status":"closed","template":"","meta":{"om_disable_all_campaigns":false,"_monsterinsights_skip_tracking":false,"_monsterinsights_sitenote_active":false,"_monsterinsights_sitenote_note":"","_monsterinsights_sitenote_category":0,"ngg_post_thumbnail":0},"_links":{"self":[{"href":"https:\/\/www.gecp.pt\/en\/wp-json\/wp\/v2\/pages\/10241"}],"collection":[{"href":"https:\/\/www.gecp.pt\/en\/wp-json\/wp\/v2\/pages"}],"about":[{"href":"https:\/\/www.gecp.pt\/en\/wp-json\/wp\/v2\/types\/page"}],"author":[{"embeddable":true,"href":"https:\/\/www.gecp.pt\/en\/wp-json\/wp\/v2\/users\/1"}],"replies":[{"embeddable":true,"href":"https:\/\/www.gecp.pt\/en\/wp-json\/wp\/v2\/comments?post=10241"}],"version-history":[{"count":3,"href":"https:\/\/www.gecp.pt\/en\/wp-json\/wp\/v2\/pages\/10241\/revisions"}],"predecessor-version":[{"id":10244,"href":"https:\/\/www.gecp.pt\/en\/wp-json\/wp\/v2\/pages\/10241\/revisions\/10244"}],"wp:attachment":[{"href":"https:\/\/www.gecp.pt\/en\/wp-json\/wp\/v2\/media?parent=10241"}],"curies":[{"name":"wp","href":"https:\/\/api.w.org\/{rel}","templated":true}]}}