{"id":5018,"date":"2020-04-28T19:02:29","date_gmt":"2020-04-28T19:02:29","guid":{"rendered":"https:\/\/www.gecp.pt\/?page_id=5018"},"modified":"2020-04-29T00:52:01","modified_gmt":"2020-04-29T00:52:01","slug":"tabaco","status":"publish","type":"page","link":"http:\/\/www.gecp.pt\/en\/tabaco\/","title":{"rendered":"TOBACCO"},"content":{"rendered":"<!--themify_builder_content-->\n<div id=\"themify_builder_content-5018\" data-postid=\"5018\" class=\"themify_builder_content themify_builder_content-5018 themify_builder tf_clear\">\n                    <div  data-lazy=\"1\" class=\"module_row themify_builder_row tb_p1rs427 tb_first tf_w\">\n                        <div class=\"row_inner col_align_top tb_col_count_1 tf_box tf_rel\">\n                        <div  data-lazy=\"1\" class=\"module_column tb-column col-full tb_7soy427 first\">\n                    <!-- module fancy heading -->\n<div  class=\"module module-fancy-heading tb_ii1x637  tb_hide_divider\" data-lazy=\"1\">\n        <h3 class=\"fancy-heading tf_textc\">\n    <span class=\"main-head tf_block\">\n                    TOBACCO            <\/span>\n\n    \n    <span class=\"sub-head tf_block tf_rel\">\n                                <\/span>\n    <\/h3>\n<\/div>\n<!-- \/module fancy heading -->\n        <\/div>\n                        <\/div>\n        <\/div>\n                        <div  data-css_id=\"ikpv929\" data-lazy=\"1\" class=\"module_row themify_builder_row fullwidth_row_container tb_ikpv929 tf_w\">\n                        <div class=\"row_inner col_align_middle tb_col_count_2 tf_box tf_rel\">\n                        <div  data-lazy=\"1\" class=\"module_column tb-column col4-2 tb_mhiv929 first\">\n                    <!-- module image -->\n<div  class=\"module module-image tb_0j39930 image-center   tf_mw\" data-lazy=\"1\">\n        <div class=\"image-wrap tf_rel tf_mw\">\n            <img src=\"https:\/\/www.gecp.pt\/wp-content\/uploads\/2020\/04\/pulmaodefumo_gecp.jpg\" class=\"wp-post-image wp-image-5046\" title=\"pulmaodefumo_gecp\" alt=\"pulmaodefumo_gecp\" srcset=\"https:\/\/www.gecp.pt\/wp-content\/uploads\/2020\/04\/pulmaodefumo_gecp.jpg 2000w, https:\/\/www.gecp.pt\/wp-content\/uploads\/2020\/04\/pulmaodefumo_gecp-300x224.jpg 300w, https:\/\/www.gecp.pt\/wp-content\/uploads\/2020\/04\/pulmaodefumo_gecp-1024x766.jpg 1024w, https:\/\/www.gecp.pt\/wp-content\/uploads\/2020\/04\/pulmaodefumo_gecp-768x574.jpg 768w, https:\/\/www.gecp.pt\/wp-content\/uploads\/2020\/04\/pulmaodefumo_gecp-1536x1149.jpg 1536w\" sizes=\"(max-width: 2000px) 100vw, 2000px\" \/>    \n        <\/div>\n    <!-- \/image-wrap -->\n    \n        <\/div>\n<!-- \/module image -->        <\/div>\n                    <div  data-lazy=\"1\" class=\"module_column tb-column col4-2 tb_j6rw930 last\">\n                    <!-- module feature -->\n<div  class=\"module module-feature tb_lr5c930 with-chart layout-icon-left size-small\" data-layout-mobile=\"icon-top\" data-layout-desktop=\"icon-left\" data-lazy=\"1\">\n        <div class=\"module-feature-image tf_textc tf_rel\">\n                            <a href=\"https:\/\/www.gecp.pt\/5-razoes-para-parar-de-fumar\/\" aria-label=\"5 REASONS TO STOP SMOKING\">\n                        <span class=\"module-feature-chart-html5 tf_box tf_rel tf_inline_b\">\n                                    <svg class=\"tf_abs tf_w tf_h\">\n                    <circle class=\"tb_feature_fill\" r=\"calc(50% - 2.00px)\" cx=\"50%\" cy=\"50%\" stroke-width=\"4\"\/>\n                    <circle class=\"tb_feature_stroke\" r=\"calc(50% - 2.00px)\" cx=\"50%\" cy=\"50%\" stroke=\"#286fa0\" stroke-width=\"4\" data-progress=\"100\" stroke-dasharray=\"0,10000\"\/>\n                                        <\/svg>\n                                <span class=\"chart-html5-circle tf_w tf_h\">\n                                            <em class=\"module-feature-icon tf_rel\" style=\"color:#286fa0\"><svg  class=\"tf_fa tf-fas-smoking\" aria-hidden=\"true\"><use href=\"#tf-fas-smoking\"><\/use><\/svg><\/em>\n                                    <\/span>\n\n                \n            <\/span>\n                        <\/a>\n            <\/div>\n    <div class=\"module-feature-content tf_textc\">\n                    <h3 class=\"module-feature-title\">\n                            <a href=\"https:\/\/www.gecp.pt\/5-razoes-para-parar-de-fumar\/\" aria-label=\"5 REASONS TO STOP SMOKING\">5 REASONS TO STOP SMOKING<\/a>\n                        <\/h3>\n                    <div class=\"tb_text_wrap\">\n            <p>5 Reasons to quit smoking after cancer diagnosis<\/p>        <\/div>\n    <\/div>\n<\/div>\n<!-- \/module feature -->\n<!-- module feature -->\n<div  class=\"module module-feature tb_wwbd930 with-chart layout-icon-left size-small\" data-layout-mobile=\"icon-top\" data-layout-desktop=\"icon-left\" data-lazy=\"1\">\n        <div class=\"module-feature-image tf_textc tf_rel\">\n                            <a href=\"https:\/\/www.gecp.pt\/info-nacional\/\" aria-label=\"NATIONAL INFORMATION\">\n                        <span class=\"module-feature-chart-html5 tf_box tf_rel tf_inline_b\">\n                                    <svg class=\"tf_abs tf_w tf_h\">\n                    <circle class=\"tb_feature_fill\" r=\"calc(50% - 2.00px)\" cx=\"50%\" cy=\"50%\" stroke-width=\"4\"\/>\n                    <circle class=\"tb_feature_stroke\" r=\"calc(50% - 2.00px)\" cx=\"50%\" cy=\"50%\" stroke=\"#286fa0\" stroke-width=\"4\" data-progress=\"100\" stroke-dasharray=\"0,10000\"\/>\n                                        <\/svg>\n                                <span class=\"chart-html5-circle tf_w tf_h\">\n                                            <em class=\"module-feature-icon tf_rel\" style=\"color:#286fa0\"><svg  class=\"tf_fa tf-fas-flag\" aria-hidden=\"true\"><use href=\"#tf-fas-flag\"><\/use><\/svg><\/em>\n                                    <\/span>\n\n                \n            <\/span>\n                        <\/a>\n            <\/div>\n    <div class=\"module-feature-content tf_textc\">\n                    <h3 class=\"module-feature-title\">\n                            <a href=\"https:\/\/www.gecp.pt\/info-nacional\/\" aria-label=\"NATIONAL INFORMATION\">NATIONAL INFORMATION<\/a>\n                        <\/h3>\n                    <div class=\"tb_text_wrap\">\n            <p>Link for documents and site<\/p>        <\/div>\n    <\/div>\n<\/div>\n<!-- \/module feature -->\n<!-- module feature -->\n<div  class=\"module module-feature tb_ts1h930 with-chart layout-icon-left size-small\" data-layout-mobile=\"icon-top\" data-layout-desktop=\"icon-left\" data-lazy=\"1\">\n        <div class=\"module-feature-image tf_textc tf_rel\">\n                            <a href=\"https:\/\/www.gecp.pt\/info-internacional\/\" aria-label=\"INTERNATIONAL INFORMATION\">\n                        <span class=\"module-feature-chart-html5 tf_box tf_rel tf_inline_b\">\n                                    <svg class=\"tf_abs tf_w tf_h\">\n                    <circle class=\"tb_feature_fill\" r=\"calc(50% - 2.00px)\" cx=\"50%\" cy=\"50%\" stroke-width=\"4\"\/>\n                    <circle class=\"tb_feature_stroke\" r=\"calc(50% - 2.00px)\" cx=\"50%\" cy=\"50%\" stroke=\"#286fa0\" stroke-width=\"4\" data-progress=\"100\" stroke-dasharray=\"0,10000\"\/>\n                                        <\/svg>\n                                <span class=\"chart-html5-circle tf_w tf_h\">\n                                            <em class=\"module-feature-icon tf_rel\" style=\"color:#286fa0\"><svg  class=\"tf_fa tf-fab-font-awesome-flag\" aria-hidden=\"true\"><use href=\"#tf-fab-font-awesome-flag\"><\/use><\/svg><\/em>\n                                    <\/span>\n\n                \n            <\/span>\n                        <\/a>\n            <\/div>\n    <div class=\"module-feature-content tf_textc\">\n                    <h3 class=\"module-feature-title\">\n                            <a href=\"https:\/\/www.gecp.pt\/info-internacional\/\" aria-label=\"INTERNATIONAL INFORMATION\">INTERNATIONAL INFORMATION<\/a>\n                        <\/h3>\n                    <div class=\"tb_text_wrap\">\n            <p>Link for documents and sites<\/p>        <\/div>\n    <\/div>\n<\/div>\n<!-- \/module feature -->\n        <\/div>\n                        <\/div>\n        <\/div>\n        <\/div>\n<!--\/themify_builder_content--><!-- AddThis Advanced Settings generic via filter on the_content --><!-- AddThis Share Buttons generic via filter on the_content -->","protected":false},"excerpt":{"rendered":"<p>TABACO 5 RAZ\u00d5ES PARA PARAR DE FUMAR 5 Raz\u00f5es para parar de fumar depois do diagn\u00f3stico de cancro Info Nacional Links para documentos e sites nacionais. Info Internacional Links para documentos e sites internacionais.<!-- AddThis Advanced Settings generic via filter on get_the_excerpt --><!-- AddThis Share Buttons generic via filter on get_the_excerpt --><\/p>","protected":false},"author":1,"featured_media":0,"parent":0,"menu_order":0,"comment_status":"closed","ping_status":"closed","template":"","meta":{"om_disable_all_campaigns":false,"_monsterinsights_skip_tracking":false,"_monsterinsights_sitenote_active":false,"_monsterinsights_sitenote_note":"","_monsterinsights_sitenote_category":0,"ngg_post_thumbnail":0},"_links":{"self":[{"href":"http:\/\/www.gecp.pt\/en\/wp-json\/wp\/v2\/pages\/5018"}],"collection":[{"href":"http:\/\/www.gecp.pt\/en\/wp-json\/wp\/v2\/pages"}],"about":[{"href":"http:\/\/www.gecp.pt\/en\/wp-json\/wp\/v2\/types\/page"}],"author":[{"embeddable":true,"href":"http:\/\/www.gecp.pt\/en\/wp-json\/wp\/v2\/users\/1"}],"replies":[{"embeddable":true,"href":"http:\/\/www.gecp.pt\/en\/wp-json\/wp\/v2\/comments?post=5018"}],"version-history":[{"count":23,"href":"http:\/\/www.gecp.pt\/en\/wp-json\/wp\/v2\/pages\/5018\/revisions"}],"predecessor-version":[{"id":5129,"href":"http:\/\/www.gecp.pt\/en\/wp-json\/wp\/v2\/pages\/5018\/revisions\/5129"}],"wp:attachment":[{"href":"http:\/\/www.gecp.pt\/en\/wp-json\/wp\/v2\/media?parent=5018"}],"curies":[{"name":"wp","href":"https:\/\/api.w.org\/{rel}","templated":true}]}}