{"id":4723,"date":"2020-04-26T16:18:25","date_gmt":"2020-04-26T16:18:25","guid":{"rendered":"https:\/\/www.gecp.pt\/?page_id=4723"},"modified":"2020-05-07T18:22:15","modified_gmt":"2020-05-07T18:22:15","slug":"ensaios","status":"publish","type":"page","link":"http:\/\/www.gecp.pt\/en\/ensaios\/","title":{"rendered":"Ensaios"},"content":{"rendered":"<!--themify_builder_content-->\n<div id=\"themify_builder_content-4723\" data-postid=\"4723\" class=\"themify_builder_content themify_builder_content-4723 themify_builder tf_clear\">\n                    <div  data-lazy=\"1\" class=\"module_row themify_builder_row tb_q4pd383 tb_first tf_w\">\n                        <div class=\"row_inner col_align_top tb_col_count_1 tf_box tf_rel\">\n                        <div  data-lazy=\"1\" class=\"module_column tb-column col-full tb_23k7384 first\">\n                    <!-- module fancy heading -->\n<div  class=\"module module-fancy-heading tb_1ynb657  tb_hide_divider\" data-lazy=\"1\">\n        <h3 class=\"fancy-heading tf_textc\">\n    <span class=\"main-head tf_block\">\n                    CLINICAL TRIALS            <\/span>\n\n    \n    <span class=\"sub-head tf_block tf_rel\">\n                                <\/span>\n    <\/h3>\n<\/div>\n<!-- \/module fancy heading -->\n        <\/div>\n                        <\/div>\n        <\/div>\n                        <div  data-lazy=\"1\" class=\"module_row themify_builder_row tb_iaw727 tf_w\">\n                        <div class=\"row_inner col_align_top tb_col_count_2 tf_box tf_rel\">\n                        <div  data-lazy=\"1\" class=\"module_column tb-column col4-3 tb_94b828 first\">\n                    <!-- module text -->\n<div  class=\"module module-text tb_n9fh551\" data-lazy=\"1\">\n        <div  class=\"tb_text_wrap\">\n        <p style=\"text-align: left;\">A clinical trial is a controlled trial, carried out with the maximum ethical, regulatory and medical guarantees, which allows to improve the knowledge in a given area. When new treatments emerge, we have to guarantee that they are more effective and safer than those already existing. This comparison is made through a clinical trial to ensure that it has scientific validity and meets ethical standards. \u00a0\u00a0\u00a0\u00a0\u00a0<\/p>\n<p>When trials are created, the drugs under study have already been tested to ensure their safety in humans. Clinical trials are carefully designed by a vast team to be useful and safe. The physicians responsible for the trial in each Centre re-evaluate the trial, and if they consider it appropriate for their patients, submit it to the hospital's ethics committee and the Portuguese health regulatory authorities who have to give their approval before it can be started.\u00a0\u00a0\u00a0\u00a0<\/p>\n<p>According to the Declaration of Helsinki, the patient is always the highest priority for a doctor, above knowledge and his desire to investigate. The patient participating in a clinical trial will be treated under the best conditions and will always be protected so that the study does not harm him. The patient is free to abandon the study at any time without giving any explanation, and this decision will never jeopardize his future treatments.\u00a0<\/p>\n<p>To participate in a clinical trial is, above all, an act of generosity, because most of the time the conclusions will benefit mainly future patients.<\/p>    <\/div>\n<\/div>\n<!-- \/module text -->        <\/div>\n                    <div  data-lazy=\"1\" class=\"module_column tb-column col4-1 tb_r1rs28 last\">\n                    <!-- module image -->\n<div  class=\"module module-image tb_mq3e228 image-center   tf_mw\" data-lazy=\"1\">\n        <div class=\"image-wrap tf_rel tf_mw\">\n            <img src=\"https:\/\/www.gecp.pt\/wp-content\/uploads\/2020\/04\/ensaios_gecp_-400x299.jpg\" width=\"400\" height=\"299\" class=\"wp-post-image wp-image-4724\" title=\"ensaios_gecp_\" alt=\"ensaios_gecp_\" srcset=\"https:\/\/www.gecp.pt\/wp-content\/uploads\/2020\/04\/ensaios_gecp_-400x299.jpg 400w, https:\/\/www.gecp.pt\/wp-content\/uploads\/2020\/04\/ensaios_gecp_-300x224.jpg 300w, https:\/\/www.gecp.pt\/wp-content\/uploads\/2020\/04\/ensaios_gecp_-340x254.jpg 340w, https:\/\/www.gecp.pt\/wp-content\/uploads\/2020\/04\/ensaios_gecp_-430x322.jpg 430w, https:\/\/www.gecp.pt\/wp-content\/uploads\/2020\/04\/ensaios_gecp_-500x374.jpg 500w, https:\/\/www.gecp.pt\/wp-content\/uploads\/2020\/04\/ensaios_gecp_.jpg 567w\" sizes=\"(max-width: 400px) 100vw, 400px\" \/>    \n        <\/div>\n    <!-- \/image-wrap -->\n    \n        <\/div>\n<!-- \/module image -->        <\/div>\n                        <\/div>\n        <\/div>\n        <\/div>\n<!--\/themify_builder_content--><!-- AddThis Advanced Settings generic via filter on the_content --><!-- AddThis Share Buttons generic via filter on the_content -->","protected":false},"excerpt":{"rendered":"<p>ENSAIOS Um ensaio cl\u00ednico \u00e9 uma experi\u00eancia controlada, realizada com as m\u00e1ximas garantias \u00e9ticas, regulamentares e m\u00e9dicas, que permite avan\u00e7ar o conhecimento numa determinada \u00e1rea. Quando surgem tratamentos novos, temos que ter a certeza que s\u00e3o mais eficazes e mais&#8230;<!-- AddThis Advanced Settings generic via filter on get_the_excerpt --><!-- AddThis Share Buttons generic via filter on get_the_excerpt --><\/p>","protected":false},"author":1,"featured_media":0,"parent":0,"menu_order":0,"comment_status":"closed","ping_status":"closed","template":"","meta":{"om_disable_all_campaigns":false,"_monsterinsights_skip_tracking":false,"_monsterinsights_sitenote_active":false,"_monsterinsights_sitenote_note":"","_monsterinsights_sitenote_category":0,"ngg_post_thumbnail":0},"_links":{"self":[{"href":"http:\/\/www.gecp.pt\/en\/wp-json\/wp\/v2\/pages\/4723"}],"collection":[{"href":"http:\/\/www.gecp.pt\/en\/wp-json\/wp\/v2\/pages"}],"about":[{"href":"http:\/\/www.gecp.pt\/en\/wp-json\/wp\/v2\/types\/page"}],"author":[{"embeddable":true,"href":"http:\/\/www.gecp.pt\/en\/wp-json\/wp\/v2\/users\/1"}],"replies":[{"embeddable":true,"href":"http:\/\/www.gecp.pt\/en\/wp-json\/wp\/v2\/comments?post=4723"}],"version-history":[{"count":26,"href":"http:\/\/www.gecp.pt\/en\/wp-json\/wp\/v2\/pages\/4723\/revisions"}],"predecessor-version":[{"id":6500,"href":"http:\/\/www.gecp.pt\/en\/wp-json\/wp\/v2\/pages\/4723\/revisions\/6500"}],"wp:attachment":[{"href":"http:\/\/www.gecp.pt\/en\/wp-json\/wp\/v2\/media?parent=4723"}],"curies":[{"name":"wp","href":"https:\/\/api.w.org\/{rel}","templated":true}]}}