{"id":3130,"date":"2020-03-24T10:31:17","date_gmt":"2020-03-24T10:31:17","guid":{"rendered":"https:\/\/www.gecp.pt\/?page_id=3130"},"modified":"2022-04-06T17:17:57","modified_gmt":"2022-04-06T16:17:57","slug":"publicacoes_","status":"publish","type":"page","link":"http:\/\/www.gecp.pt\/en\/publicacoes_\/","title":{"rendered":"PUBLICATIONS"},"content":{"rendered":"<p class=\"qtranxs-available-languages-message qtranxs-available-languages-message-en translation-block\">Sorry, this entry is only available in      <a href=\"https:\/\/www.gecp.pt\/pt\/?trp-edit-translation=preview\" class=\"qtranxs-available-language-link qtranxs-available-language-link-pt\" title=\"Portugu\u00eas\" target=\"_self\">European Portuguese<\/a>.<\/p>","protected":false},"excerpt":{"rendered":"<p>PUBLICA\u00c7\u00d5ESConsulte as seguintes publica\u00e7\u00f5es CANCRO DO PULM\u00c3O O QUE DEVO SABER Guia para doentes e cuidadores PARAR DE FUMAR DEPOIS DO DIAGN\u00d3STICO DE CANCRO Orienta\u00e7\u00f5es para doentes e familiares PARAR DE FUMAR DEPOIS DO DIAGN\u00d3STICO DE CANCRO 5 Raz\u00f5es para&#8230;<!-- AddThis Advanced Settings generic via filter on get_the_excerpt --><!-- AddThis Share Buttons generic via filter on get_the_excerpt --><\/p>","protected":false},"author":1,"featured_media":0,"parent":0,"menu_order":0,"comment_status":"closed","ping_status":"closed","template":"","meta":{"om_disable_all_campaigns":false,"_monsterinsights_skip_tracking":false,"_monsterinsights_sitenote_active":false,"_monsterinsights_sitenote_note":"","_monsterinsights_sitenote_category":0,"ngg_post_thumbnail":0},"_links":{"self":[{"href":"http:\/\/www.gecp.pt\/en\/wp-json\/wp\/v2\/pages\/3130"}],"collection":[{"href":"http:\/\/www.gecp.pt\/en\/wp-json\/wp\/v2\/pages"}],"about":[{"href":"http:\/\/www.gecp.pt\/en\/wp-json\/wp\/v2\/types\/page"}],"author":[{"embeddable":true,"href":"http:\/\/www.gecp.pt\/en\/wp-json\/wp\/v2\/users\/1"}],"replies":[{"embeddable":true,"href":"http:\/\/www.gecp.pt\/en\/wp-json\/wp\/v2\/comments?post=3130"}],"version-history":[{"count":43,"href":"http:\/\/www.gecp.pt\/en\/wp-json\/wp\/v2\/pages\/3130\/revisions"}],"predecessor-version":[{"id":10679,"href":"http:\/\/www.gecp.pt\/en\/wp-json\/wp\/v2\/pages\/3130\/revisions\/10679"}],"wp:attachment":[{"href":"http:\/\/www.gecp.pt\/en\/wp-json\/wp\/v2\/media?parent=3130"}],"curies":[{"name":"wp","href":"https:\/\/api.w.org\/{rel}","templated":true}]}}