{"id":2955,"date":"2020-03-23T17:39:14","date_gmt":"2020-03-23T17:39:14","guid":{"rendered":"https:\/\/www.gecp.pt\/?page_id=2955"},"modified":"2025-05-20T17:37:06","modified_gmt":"2025-05-20T16:37:06","slug":"apresentacao","status":"publish","type":"page","link":"http:\/\/www.gecp.pt\/en\/apresentacao\/","title":{"rendered":"WHO WE ARE"},"content":{"rendered":"<div style=\"height:30px\" aria-hidden=\"true\" class=\"wp-block-spacer\"><\/div>\r\n\r\n\r<!--themify_builder_content-->\n<div id=\"themify_builder_content-2955\" data-postid=\"2955\" class=\"themify_builder_content themify_builder_content-2955 themify_builder tf_clear\">\n                    <div  data-lazy=\"1\" class=\"module_row themify_builder_row tb_eg16334 tb_first tf_w\">\n                        <div class=\"row_inner col_align_top tb_col_count_1 tf_box tf_rel\">\n                        <div  data-lazy=\"1\" class=\"module_column tb-column col-full tb_roit335 first\">\n                    <!-- module fancy heading -->\n<div  class=\"module module-fancy-heading tb_sm6x716  tb_hide_divider\" data-lazy=\"1\">\n        <h3 class=\"fancy-heading tf_textc\">\n    <span class=\"main-head tf_block\">\n                    WHO WE ARE            <\/span>\n\n    \n    <span class=\"sub-head tf_block tf_rel\">\n                                <\/span>\n    <\/h3>\n<\/div>\n<!-- \/module fancy heading -->\n        <\/div>\n                        <\/div>\n        <\/div>\n                        <div  data-lazy=\"1\" class=\"module_row themify_builder_row tb_b82w113 tf_w\">\n                        <div class=\"row_inner col_align_top tb_col_count_2 tf_box tf_rel\">\n                        <div  data-lazy=\"1\" class=\"module_column tb-column col4-2 tb_iact114 first\">\n                    <!-- module text -->\n<div  class=\"module module-text tb_lsp4114\" data-lazy=\"1\">\n        <div  class=\"tb_text_wrap\">\n        <p>The Lung Cancer Study Group (GECP) emerged in 2000 as a result of a widespread need to join up efforts in promoting knowledge in Pulmonary Oncology.<\/p>\n<p>We seek to grow in a multidisciplinary way, bringing together pneumologists, oncologists, thoracic surgeons, radioncologists, imaging specialists, pathologists and molecular biologists.<\/p>\n<p>We are a large family focused on the well-being of our patient. We maintain\u00a0a close relationship with other scientific groups or societies, universities and  civil society organizations.<\/p>    <\/div>\n<\/div>\n<!-- \/module text -->        <\/div>\n                    <div  data-lazy=\"1\" class=\"module_column tb-column col4-2 tb_c0vr115 last\">\n                    <!-- module text -->\n<div  class=\"module module-text tb_pjvn392\" data-lazy=\"1\">\n        <div  class=\"tb_text_wrap\">\n        <p>Nestes 25 anos realiz\u00e1mos v\u00e1rios estudos cl\u00ednicos multic\u00eantricos e multidisciplinares, promovemos duas reuni\u00f5es anuais e bianualmente realizamos o nosso congresso, colabor\u00e1mos na elabora\u00e7\u00e3o de normas de orienta\u00e7\u00e3o cl\u00ednica, cri\u00e1mos e distribu\u00edmos informa\u00e7\u00e3o para os nossos doentes. Cri\u00e1mos e mantemos uma revista peri\u00f3dica exclusivamente dedicada \u00e0 oncologia pulmonar. Cri\u00e1mos e agora renov\u00e1mos o nosso site procurando partilhar e dar visibilidade ao\u00a0 trabalho que dia a dia realizamos em Portugal no \u00e2mbito desta patologia.<\/p>\n<p>You can count on us! We are counting on each of you.<\/p>    <\/div>\n<\/div>\n<!-- \/module text -->        <\/div>\n                        <\/div>\n        <\/div>\n                        <div  data-lazy=\"1\" class=\"module_row themify_builder_row tb_ymed647 tf_w\">\n                        <div class=\"row_inner col_align_top tb_col_count_1 tf_box tf_rel\">\n                        <div  data-lazy=\"1\" class=\"module_column tb-column col-full tb_w059647 first\">\n                    <!-- module fancy heading -->\n<div  class=\"module module-fancy-heading tb_ksol905  tb_hide_divider\" data-lazy=\"1\">\n        <h3 class=\"fancy-heading tf_textc\">\n    <span class=\"main-head tf_block\">\n                    OUR GOALS!            <\/span>\n\n    \n    <span class=\"sub-head tf_block tf_rel\">\n                                <\/span>\n    <\/h3>\n<\/div>\n<!-- \/module fancy heading -->\n        <\/div>\n                        <\/div>\n        <\/div>\n                        <div  data-lazy=\"1\" class=\"module_row themify_builder_row tb_fh4b718 tf_w\">\n                        <div class=\"row_inner col_align_top tb_col_count_4 tf_box tf_rel\">\n                        <div  data-lazy=\"1\" class=\"module_column tb-column col4-1 tb_36rs718 first\">\n                    <!-- module feature -->\n<div  class=\"module module-feature tb_cjx5176 with-chart layout-icon-top size-small\" data-layout-mobile=\"icon-top\" data-layout-desktop=\"icon-top\" data-lazy=\"1\">\n        <div class=\"module-feature-image tf_textc tf_rel\">\n                            <span class=\"module-feature-chart-html5 tf_box tf_rel tf_inline_b\">\n                                    <svg class=\"tf_abs tf_w tf_h\">\n                    <circle class=\"tb_feature_fill\" r=\"calc(50% - 1.50px)\" cx=\"50%\" cy=\"50%\" stroke-width=\"3\"\/>\n                    <circle class=\"tb_feature_stroke\" r=\"calc(50% - 1.50px)\" cx=\"50%\" cy=\"50%\" stroke=\"#286fa0\" stroke-width=\"3\" data-progress=\"100\" stroke-dasharray=\"0,10000\"\/>\n                                        <\/svg>\n                                <span class=\"chart-html5-circle tf_w tf_h\">\n                                            <em class=\"module-feature-icon tf_rel\" style=\"color:#286fa0\"><svg  class=\"tf_fa tf-fas-chart-line\" aria-hidden=\"true\"><use href=\"#tf-fas-chart-line\"><\/use><\/svg><\/em>\n                                    <\/span>\n\n                \n            <\/span>\n                <\/div>\n    <div class=\"module-feature-content tf_textc\">\n                <div class=\"tb_text_wrap\">\n            <p style=\"color: #000000\">Promote and dignify the exercise of Pulmonary Oncology and improve the quality of health services provided to patients.<\/p>        <\/div>\n    <\/div>\n<\/div>\n<!-- \/module feature -->\n        <\/div>\n                    <div  data-lazy=\"1\" class=\"module_column tb-column col4-1 tb_4xc4718\">\n                    <!-- module feature -->\n<div  class=\"module module-feature tb_ib2z176 with-chart layout-icon-top size-small\" data-layout-mobile=\"icon-top\" data-layout-desktop=\"icon-top\" data-lazy=\"1\">\n        <div class=\"module-feature-image tf_textc tf_rel\">\n                            <span class=\"module-feature-chart-html5 tf_box tf_rel tf_inline_b\">\n                                    <svg class=\"tf_abs tf_w tf_h\">\n                    <circle class=\"tb_feature_fill\" r=\"calc(50% - 1.50px)\" cx=\"50%\" cy=\"50%\" stroke-width=\"3\"\/>\n                    <circle class=\"tb_feature_stroke\" r=\"calc(50% - 1.50px)\" cx=\"50%\" cy=\"50%\" stroke=\"#286fa0\" stroke-width=\"3\" data-progress=\"100\" stroke-dasharray=\"0,10000\"\/>\n                                        <\/svg>\n                                <span class=\"chart-html5-circle tf_w tf_h\">\n                                            <em class=\"module-feature-icon tf_rel\" style=\"color:#286fa0\"><svg  class=\"tf_fa tf-fas-cogs\" aria-hidden=\"true\"><use href=\"#tf-fas-cogs\"><\/use><\/svg><\/em>\n                                    <\/span>\n\n                \n            <\/span>\n                <\/div>\n    <div class=\"module-feature-content tf_textc\">\n                <div class=\"tb_text_wrap\">\n            <p style=\"color: #000000\">Develop, coordinate and stimulate clinical research in this area.<\/p>        <\/div>\n    <\/div>\n<\/div>\n<!-- \/module feature -->\n        <\/div>\n                    <div  data-lazy=\"1\" class=\"module_column tb-column col4-1 tb_pjtz718\">\n                    <!-- module feature -->\n<div  class=\"module module-feature tb_uhop176 with-chart layout-icon-top size-small\" data-layout-mobile=\"icon-top\" data-layout-desktop=\"icon-top\" data-lazy=\"1\">\n        <div class=\"module-feature-image tf_textc tf_rel\">\n                            <span class=\"module-feature-chart-html5 tf_box tf_rel tf_inline_b\">\n                                    <svg class=\"tf_abs tf_w tf_h\">\n                    <circle class=\"tb_feature_fill\" r=\"calc(50% - 1.50px)\" cx=\"50%\" cy=\"50%\" stroke-width=\"3\"\/>\n                    <circle class=\"tb_feature_stroke\" r=\"calc(50% - 1.50px)\" cx=\"50%\" cy=\"50%\" stroke=\"#286fa0\" stroke-width=\"3\" data-progress=\"100\" stroke-dasharray=\"0,10000\"\/>\n                                        <\/svg>\n                                <span class=\"chart-html5-circle tf_w tf_h\">\n                                            <em class=\"module-feature-icon tf_rel\" style=\"color:#286fa0\"><svg  class=\"tf_fa tf-far-comments\" aria-hidden=\"true\"><use href=\"#tf-far-comments\"><\/use><\/svg><\/em>\n                                    <\/span>\n\n                \n            <\/span>\n                <\/div>\n    <div class=\"module-feature-content tf_textc\">\n                <div class=\"tb_text_wrap\">\n            <p style=\"color: #000000\">Advise and support patients with thoracic cancer disease.<\/p>        <\/div>\n    <\/div>\n<\/div>\n<!-- \/module feature -->\n        <\/div>\n                    <div  data-lazy=\"1\" class=\"module_column tb-column col4-1 tb_eixw719 last\">\n                    <!-- module feature -->\n<div  class=\"module module-feature tb_o7eo176 with-chart layout-icon-top size-small\" data-layout-mobile=\"icon-top\" data-layout-desktop=\"icon-top\" data-lazy=\"1\">\n        <div class=\"module-feature-image tf_textc tf_rel\">\n                            <span class=\"module-feature-chart-html5 tf_box tf_rel tf_inline_b\">\n                                    <svg class=\"tf_abs tf_w tf_h\">\n                    <circle class=\"tb_feature_fill\" r=\"calc(50% - 1.50px)\" cx=\"50%\" cy=\"50%\" stroke-width=\"3\"\/>\n                    <circle class=\"tb_feature_stroke\" r=\"calc(50% - 1.50px)\" cx=\"50%\" cy=\"50%\" stroke=\"#286fa0\" stroke-width=\"3\" data-progress=\"100\" stroke-dasharray=\"0,10000\"\/>\n                                        <\/svg>\n                                <span class=\"chart-html5-circle tf_w tf_h\">\n                                            <em class=\"module-feature-icon tf_rel\" style=\"color:#286fa0\"><svg  class=\"tf_fa tf-fas-puzzle-piece\" aria-hidden=\"true\"><use href=\"#tf-fas-puzzle-piece\"><\/use><\/svg><\/em>\n                                    <\/span>\n\n                \n            <\/span>\n                <\/div>\n    <div class=\"module-feature-content tf_textc\">\n                <div class=\"tb_text_wrap\">\n            <p style=\"color: #000000\">Carry out and cooperate in the training of all those dedicated to the study, diagnosis and treatment of patients with lung cancer.<\/p>        <\/div>\n    <\/div>\n<\/div>\n<!-- \/module feature -->\n        <\/div>\n                        <\/div>\n        <\/div>\n        <\/div>\n<!--\/themify_builder_content-->\r\n\r\n\r\n<div style=\"height:20px\" aria-hidden=\"true\" class=\"wp-block-spacer\"><\/div>\r\n\r\n\r\n\r\n<p><\/p><!-- AddThis Advanced Settings generic via filter on the_content --><!-- AddThis Share Buttons generic via filter on the_content -->","protected":false},"excerpt":{"rendered":"<p><!-- AddThis Advanced Settings generic via filter on get_the_excerpt --><!-- AddThis Share Buttons generic via filter on get_the_excerpt --><\/p>","protected":false},"author":1,"featured_media":0,"parent":0,"menu_order":0,"comment_status":"closed","ping_status":"closed","template":"","meta":{"om_disable_all_campaigns":false,"_monsterinsights_skip_tracking":false,"_monsterinsights_sitenote_active":false,"_monsterinsights_sitenote_note":"","_monsterinsights_sitenote_category":0,"ngg_post_thumbnail":0},"_links":{"self":[{"href":"http:\/\/www.gecp.pt\/en\/wp-json\/wp\/v2\/pages\/2955"}],"collection":[{"href":"http:\/\/www.gecp.pt\/en\/wp-json\/wp\/v2\/pages"}],"about":[{"href":"http:\/\/www.gecp.pt\/en\/wp-json\/wp\/v2\/types\/page"}],"author":[{"embeddable":true,"href":"http:\/\/www.gecp.pt\/en\/wp-json\/wp\/v2\/users\/1"}],"replies":[{"embeddable":true,"href":"http:\/\/www.gecp.pt\/en\/wp-json\/wp\/v2\/comments?post=2955"}],"version-history":[{"count":58,"href":"http:\/\/www.gecp.pt\/en\/wp-json\/wp\/v2\/pages\/2955\/revisions"}],"predecessor-version":[{"id":17122,"href":"http:\/\/www.gecp.pt\/en\/wp-json\/wp\/v2\/pages\/2955\/revisions\/17122"}],"wp:attachment":[{"href":"http:\/\/www.gecp.pt\/en\/wp-json\/wp\/v2\/media?parent=2955"}],"curies":[{"name":"wp","href":"https:\/\/api.w.org\/{rel}","templated":true}]}}