{"id":2876,"date":"2020-03-23T12:53:16","date_gmt":"2020-03-23T12:53:16","guid":{"rendered":"https:\/\/www.gecp.pt\/?page_id=2876"},"modified":"2024-03-12T09:25:38","modified_gmt":"2024-03-12T09:25:38","slug":"criterios-de-publicacao","status":"publish","type":"page","link":"http:\/\/www.gecp.pt\/en\/criterios-de-publicacao\/","title":{"rendered":"Crit\u00e9rios de publica\u00e7\u00e3o"},"content":{"rendered":"<!--themify_builder_content-->\n<div id=\"themify_builder_content-2876\" data-postid=\"2876\" class=\"themify_builder_content themify_builder_content-2876 themify_builder tf_clear\">\n                    <div  data-lazy=\"1\" class=\"module_row themify_builder_row tb_s2qz748 tb_first tf_w\">\n                        <div class=\"row_inner col_align_top tb_col_count_1 tf_box tf_rel\">\n                        <div  data-lazy=\"1\" class=\"module_column tb-column col-full tb_u2td748 first\">\n                    <!-- module fancy heading -->\n<div  class=\"module module-fancy-heading tb_f1z6459  tb_hide_divider\" data-lazy=\"1\">\n        <h3 class=\"fancy-heading tf_textc\">\n    <span class=\"main-head tf_block\">\n                    Submission Preparation Checklist            <\/span>\n\n    \n    <span class=\"sub-head tf_block tf_rel\">\n                    OFF GECP JOURNAL            <\/span>\n    <\/h3>\n<\/div>\n<!-- \/module fancy heading -->\n<!-- module text -->\n<div  class=\"module module-text tb_b083206\" data-lazy=\"1\">\n        <div  class=\"tb_text_wrap\">\n        <p class=\" translation-block\"><strong>\"Revista do GECP\"<\/strong> accepts for publication works (original articles, reviews, updating updates, clinical cases, letters to the editor, critical comments on scientific articles, etc.) directly or indirectly related to thoracic tumors.<\/p>\n<p>The opinions expressed are the sole responsibility of the authors.<\/p>\n<p>The GECP Magazine is freely accessible. All articles are available, free of charge, at <a href=\"https:\/\/www.gecp.pt\/revistas\/\">gecp.pt<\/a>.<\/p>\n<p>The acceptance of the originals sent for publication is conditioned to the evaluation by the Scientific Council of the Journal. In this evaluation the articles may be:<\/p>\n<p>a) accepted without changes;<\/p>\n<p>b) accepted after the changes proposed to the authors by the Scientific Council;<\/p>\n<p>c) refused.<\/p>\n<p>Papers already published or sent simultaneously to other Journals will not be accepted.<\/p>    <\/div>\n<\/div>\n<!-- \/module text --><!-- module accordion -->\n<div  class=\"module module-accordion tb_351n115\" data-behavior=\"accordion\" data-lazy=\"1\">\n    \n    <ul class=\"ui module-accordion separate  transparent\">\n            <li>\n            <div class=\"accordion-title tf_rel\">\n                <a href=\"#acc-351n115-0\" class=\"tb_title_accordion\" aria-controls=\"acc-351n115-0-content\" aria-expanded=\"false\">\n                    <i class=\"accordion-icon\"><svg  class=\"tf_fa tf-fas-caret-down\" aria-hidden=\"true\"><use href=\"#tf-fas-caret-down\"><\/use><\/svg><\/i>                    <i class=\"accordion-active-icon tf_hide\"><svg  class=\"tf_fa tf-fas-caret-up\" aria-hidden=\"true\"><use href=\"#tf-fas-caret-up\"><\/use><\/svg><\/i>                    <span class=\"accordion-title-wrap\">SUBMISSION PREPARATION CHECKLIST<\/span>                <\/a>\n            <\/div><!-- .accordion-title -->\n            <div id=\"acc-351n115-0-content\" data-id=\"acc-351n115-0\" aria-hidden=\"true\" class=\"accordion-content tf_hide tf_clearfix\">\n                                    <div class=\"tb_text_wrap\">\n                        <p>Texts must be written in Portuguese or English, with all pages numbered and sent in a Word file (they will not be accepted in PDF).<\/p>\n<p>Manuscripts must be referenced, by the authors themselves, as original, review articles, letters to the editor, or others.<\/p>\n<p>It should be noted, in Annex I, whether or not the text was written according to the rules of the new Portuguese orthographic agreement.<\/p>                    <\/div>\n                            <\/div><!-- .accordion-content -->\n        <\/li>\n            <li>\n            <div class=\"accordion-title tf_rel\">\n                <a href=\"#acc-351n115-1\" class=\"tb_title_accordion\" aria-controls=\"acc-351n115-1-content\" aria-expanded=\"false\">\n                    <i class=\"accordion-icon\"><svg  class=\"tf_fa tf-fas-caret-down\" aria-hidden=\"true\"><use href=\"#tf-fas-caret-down\"><\/use><\/svg><\/i>                    <i class=\"accordion-active-icon tf_hide\"><svg  class=\"tf_fa tf-fas-caret-up\" aria-hidden=\"true\"><use href=\"#tf-fas-caret-up\"><\/use><\/svg><\/i>                    <span class=\"accordion-title-wrap\">STRUCTURE<\/span>                <\/a>\n            <\/div><!-- .accordion-title -->\n            <div id=\"acc-351n115-1-content\" data-id=\"acc-351n115-1\" aria-hidden=\"true\" class=\"accordion-content tf_hide tf_clearfix\">\n                                    <div class=\"tb_text_wrap\">\n                        <p>Whenever possible, the following scheme will be adopted:<\/p>\n<ol>\n<li>a) On the first page:<\/li>\n<\/ol>\n<p>- title of the work in Portuguese and English; name of the authors (first name and surname) with the respective academic and \/ or professional titles; place of work or Institution where the work was carried out; e-mail address of the first author and optionally of the co-authors.<\/p>\n<ol>\n<li>b) On the following page(s):<\/li>\n<\/ol>\n<p>- the structured summary (Introduction and objectives; Materials and methods; Results; Discussion and conclusions) in Portuguese, which should not exceed 250 words for original and review papers and 150 for clinical cases;<\/p>\n<p>- the abstract in English with identical characteristics;<\/p>\n<p>- the keywords, in Portuguese and English (3 to 10), which will serve as the basis for indexing the article, according to the terminology of the Medical Subject Headings (www.nlm.nihgov \/ mesh \/ meshhome.html).<\/p>\n<p>c) The text that, in the case of original articles, will generally have:<\/p>\n<p>Introduction, Material and Methods, Results, Discussion and Conclusions<\/p>\n<p>d) Acknowledgments<\/p>\n<p>e) Bibliography<\/p>\n<p>f) Tables and Figures.<\/p>                    <\/div>\n                            <\/div><!-- .accordion-content -->\n        <\/li>\n            <li>\n            <div class=\"accordion-title tf_rel\">\n                <a href=\"#acc-351n115-2\" class=\"tb_title_accordion\" aria-controls=\"acc-351n115-2-content\" aria-expanded=\"false\">\n                    <i class=\"accordion-icon\"><svg  class=\"tf_fa tf-fas-caret-down\" aria-hidden=\"true\"><use href=\"#tf-fas-caret-down\"><\/use><\/svg><\/i>                    <i class=\"accordion-active-icon tf_hide\"><svg  class=\"tf_fa tf-fas-caret-up\" aria-hidden=\"true\"><use href=\"#tf-fas-caret-up\"><\/use><\/svg><\/i>                    <span class=\"accordion-title-wrap\">BIBLIOGRAPHY<\/span>                <\/a>\n            <\/div><!-- .accordion-title -->\n            <div id=\"acc-351n115-2-content\" data-id=\"acc-351n115-2\" aria-hidden=\"true\" class=\"accordion-content tf_hide tf_clearfix\">\n                                    <div class=\"tb_text_wrap\">\n                        <p>Bibliographic references must be numbered in consecutive order of their first citation in the text.<\/p>\n<p>They must be identified in the text with Arabic numbers in superscript format. In the case of Magazines, references must contain:<\/p>\n<p>the name of the author (s) (surname and initial of the first name), the title of the article, the name of the publication (abbreviated) in italics and its identification (year, volume, number and pages).<\/p>\n<p>Example: Lung C, GE Magazine. Collaboration with the Magazine.<\/p>\n<p>GECP 20YY Magazine; Vol. XX (9): zz \u2011 ww.<\/p>\n<p>If the number of authors is equal to or less than 5, all must be included; if higher, include the first 3 authors followed by the Latin abbreviation et al.<\/p>                    <\/div>\n                            <\/div><!-- .accordion-content -->\n        <\/li>\n            <li>\n            <div class=\"accordion-title tf_rel\">\n                <a href=\"#acc-351n115-3\" class=\"tb_title_accordion\" aria-controls=\"acc-351n115-3-content\" aria-expanded=\"false\">\n                    <i class=\"accordion-icon\"><svg  class=\"tf_fa tf-fas-caret-down\" aria-hidden=\"true\"><use href=\"#tf-fas-caret-down\"><\/use><\/svg><\/i>                    <i class=\"accordion-active-icon tf_hide\"><svg  class=\"tf_fa tf-fas-caret-up\" aria-hidden=\"true\"><use href=\"#tf-fas-caret-up\"><\/use><\/svg><\/i>                    <span class=\"accordion-title-wrap\">IMAGES<\/span>                <\/a>\n            <\/div><!-- .accordion-title -->\n            <div id=\"acc-351n115-3-content\" data-id=\"acc-351n115-3\" aria-hidden=\"true\" class=\"accordion-content tf_hide tf_clearfix\">\n                                    <div class=\"tb_text_wrap\">\n                        <p>All pictures - tables, figures, photographs, graphics, etc. - should be presented with quality that allows their reproduction in legible condition, numbered and accompanied by the appropriate heading and legend.<\/p>\n<p>The place of its insertion in the text must be indicated.<\/p>\n<p>Photographs and other illustrations may not contain any references that allow the identification of patients.<\/p>\n<p>Tables should be numbered, in Roman numerals, at the top with the corresponding title. Figures should be numbered, with Arabic numbers, at the bottom with the corresponding title.<\/p>\n<p>Figures, which include photographs, must be sent in a separate file in TIFF or JPEG format with a minimum resolution of 300 dpi. Figures containing lines or sets of dots must be engraved with a minimum resolution of 800 dpi.<\/p>                    <\/div>\n                            <\/div><!-- .accordion-content -->\n        <\/li>\n            <li>\n            <div class=\"accordion-title tf_rel\">\n                <a href=\"#acc-351n115-4\" class=\"tb_title_accordion\" aria-controls=\"acc-351n115-4-content\" aria-expanded=\"false\">\n                    <i class=\"accordion-icon\"><svg  class=\"tf_fa tf-fas-caret-down\" aria-hidden=\"true\"><use href=\"#tf-fas-caret-down\"><\/use><\/svg><\/i>                    <i class=\"accordion-active-icon tf_hide\"><svg  class=\"tf_fa tf-fas-caret-up\" aria-hidden=\"true\"><use href=\"#tf-fas-caret-up\"><\/use><\/svg><\/i>                    <span class=\"accordion-title-wrap\">CONFLIT OF INTEREST<\/span>                <\/a>\n            <\/div><!-- .accordion-title -->\n            <div id=\"acc-351n115-4-content\" data-id=\"acc-351n115-4\" aria-hidden=\"true\" class=\"accordion-content tf_hide tf_clearfix\">\n                                    <div class=\"tb_text_wrap\">\n                        <p>All the authors must indicate in Annex I whether or not there is a conflict of interest in the manuscript.<\/p>                    <\/div>\n                            <\/div><!-- .accordion-content -->\n        <\/li>\n            <li>\n            <div class=\"accordion-title tf_rel\">\n                <a href=\"#acc-351n115-5\" class=\"tb_title_accordion\" aria-controls=\"acc-351n115-5-content\" aria-expanded=\"false\">\n                    <i class=\"accordion-icon\"><svg  class=\"tf_fa tf-fas-caret-down\" aria-hidden=\"true\"><use href=\"#tf-fas-caret-down\"><\/use><\/svg><\/i>                    <i class=\"accordion-active-icon tf_hide\"><svg  class=\"tf_fa tf-fas-caret-up\" aria-hidden=\"true\"><use href=\"#tf-fas-caret-up\"><\/use><\/svg><\/i>                    <span class=\"accordion-title-wrap\">MODIFICATIONS AND REVISIONS<\/span>                <\/a>\n            <\/div><!-- .accordion-title -->\n            <div id=\"acc-351n115-5-content\" data-id=\"acc-351n115-5\" aria-hidden=\"true\" class=\"accordion-content tf_hide tf_clearfix\">\n                                    <div class=\"tb_text_wrap\">\n                        <p>If the acceptance of the article is subject to changes, these must be made by the authors within a maximum period of twenty days.<\/p>\n<p>Typographic proofs will be carried out by the Editor, if the authors do not indicate otherwise. In this case, they must be made within the deadline determined by the Editorial Office, according to the editorial needs of the Magazine.<\/p>                    <\/div>\n                            <\/div><!-- .accordion-content -->\n        <\/li>\n            <li>\n            <div class=\"accordion-title tf_rel\">\n                <a href=\"#acc-351n115-6\" class=\"tb_title_accordion\" aria-controls=\"acc-351n115-6-content\" aria-expanded=\"false\">\n                    <i class=\"accordion-icon\"><svg  class=\"tf_fa tf-fas-caret-down\" aria-hidden=\"true\"><use href=\"#tf-fas-caret-down\"><\/use><\/svg><\/i>                    <i class=\"accordion-active-icon tf_hide\"><svg  class=\"tf_fa tf-fas-caret-up\" aria-hidden=\"true\"><use href=\"#tf-fas-caret-up\"><\/use><\/svg><\/i>                    <span class=\"accordion-title-wrap\">OFFPRINTS<\/span>                <\/a>\n            <\/div><!-- .accordion-title -->\n            <div id=\"acc-351n115-6-content\" data-id=\"acc-351n115-6\" aria-hidden=\"true\" class=\"accordion-content tf_hide tf_clearfix\">\n                                    <div class=\"tb_text_wrap\">\n                        <p>Typographic proofs will be carried out by the Editor, if the authors do not indicate otherwise. In this case, they must be made within the deadline determined by the Editorial Office, according to the editorial needs of the Magazine.<\/p>                    <\/div>\n                            <\/div><!-- .accordion-content -->\n        <\/li>\n            <li>\n            <div class=\"accordion-title tf_rel\">\n                <a href=\"#acc-351n115-7\" class=\"tb_title_accordion\" aria-controls=\"acc-351n115-7-content\" aria-expanded=\"false\">\n                    <i class=\"accordion-icon\"><svg  class=\"tf_fa tf-fas-caret-down\" aria-hidden=\"true\"><use href=\"#tf-fas-caret-down\"><\/use><\/svg><\/i>                    <i class=\"accordion-active-icon tf_hide\"><svg  class=\"tf_fa tf-fas-caret-up\" aria-hidden=\"true\"><use href=\"#tf-fas-caret-up\"><\/use><\/svg><\/i>                    <span class=\"accordion-title-wrap\">SUBMISSION<\/span>                <\/a>\n            <\/div><!-- .accordion-title -->\n            <div id=\"acc-351n115-7-content\" data-id=\"acc-351n115-7\" aria-hidden=\"true\" class=\"accordion-content tf_hide tf_clearfix\">\n                                    <div class=\"tb_text_wrap\">\n                        <p>The submission must be accompanied by a declaration (Annex I), which is available at gecp.pt, signed by all authors.<\/p>                    <\/div>\n                            <\/div><!-- .accordion-content -->\n        <\/li>\n        <\/ul>\n\n<\/div><!-- \/module accordion --><!-- module text -->\n<div  class=\"module module-text tb_92r5307\" data-lazy=\"1\">\n        <div  class=\"tb_text_wrap\">\n        <p class=\" translation-block\">Final note - For a more complete explanation on this subject, it is advisable to read the Publication Standards of Acta M\u00e9dica Portuguesa, 2013 available at www.actamedicaportuguesa.com and the Uniform Requirements for Manuscripts Submitted to Biomedical Journals accessible at ICMJE.org.<\/p>    <\/div>\n<\/div>\n<!-- \/module text -->        <\/div>\n                        <\/div>\n        <\/div>\n                        <div  data-lazy=\"1\" class=\"module_row themify_builder_row tb_kreo798 tf_w\">\n                        <div class=\"row_inner col_align_top tb_col_count_1 tf_box tf_rel\">\n                        <div  data-lazy=\"1\" class=\"module_column tb-column col-full tb_4eeo798 first\">\n                    <!-- module divider -->\n<div  class=\"module tf_mw module-divider tb_8c40798 solid\" style=\"border-width: 40px;border-color: #ffffff;\" data-lazy=\"1\">\n    <\/div>\n<!-- \/module divider -->\n<!-- module buttons -->\n<div  class=\"module module-buttons tb_furp798 buttons-horizontal solid  rounded\" data-lazy=\"1\">\n        <div class=\"module-buttons-item tf_in_flx\">\n                        <a href=\"mailto:%20revista@gecp.pt\" class=\"ui builder_button tf_in_flx tb_default_color\" >\n                                    <em><svg  class=\"tf_fa tf-fas-envelope\" aria-hidden=\"true\"><use href=\"#tf-fas-envelope\"><\/use><\/svg><\/em>                                        Revista                                        <\/a>\n                <\/div>\n            <\/div>\n<!-- \/module buttons -->\n<!-- module divider -->\n<div  class=\"module tf_mw module-divider tb_owye798 solid\" style=\"border-width: 40px;border-color: #ffffff;\" data-lazy=\"1\">\n    <\/div>\n<!-- \/module divider -->\n<!-- module buttons -->\n<div  class=\"module module-buttons tb_704n798 buttons-horizontal solid  rounded\" data-lazy=\"1\">\n        <div class=\"module-buttons-item tf_in_flx\">\n                        <a href=\"mailto:%20editor.revista@gecp.pt\" class=\"ui builder_button tf_in_flx tb_default_color\" >\n                                    <em><svg  class=\"tf_fa tf-fas-envelope\" aria-hidden=\"true\"><use href=\"#tf-fas-envelope\"><\/use><\/svg><\/em>                                        Editor-in-chief                                        <\/a>\n                <\/div>\n            <\/div>\n<!-- \/module buttons -->\n<!-- module divider -->\n<div  class=\"module tf_mw module-divider tb_ajol798 solid\" style=\"border-width: 40px;border-color: #ffffff;\" data-lazy=\"1\">\n    <\/div>\n<!-- \/module divider -->\n        <\/div>\n                        <\/div>\n        <\/div>\n        <\/div>\n<!--\/themify_builder_content--><!-- AddThis Advanced Settings generic via filter on the_content --><!-- AddThis Share Buttons generic via filter on the_content -->","protected":false},"excerpt":{"rendered":"<p>Normas de Publica\u00e7\u00e3oDA REVISTA DO GECP A Revista do GECP aceita para publica\u00e7\u00e3o trabalhos (artigos originais, de revis\u00e3o, de actualiza\u00e7\u00e3o, casos cl\u00ednicos, cartas ao\u00a0editor, coment\u00e1rios cr\u00edticos a artigos cient\u00edficos, etc.) relacionados directa ou indirectamente com tumores tor\u00e1cicos. As opini\u00f5es expressas&#8230;<!-- AddThis Advanced Settings generic via filter on get_the_excerpt --><!-- AddThis Share Buttons generic via filter on get_the_excerpt --><\/p>","protected":false},"author":1,"featured_media":0,"parent":0,"menu_order":0,"comment_status":"closed","ping_status":"closed","template":"","meta":{"om_disable_all_campaigns":false,"_monsterinsights_skip_tracking":false,"_monsterinsights_sitenote_active":false,"_monsterinsights_sitenote_note":"","_monsterinsights_sitenote_category":0,"ngg_post_thumbnail":0},"_links":{"self":[{"href":"http:\/\/www.gecp.pt\/en\/wp-json\/wp\/v2\/pages\/2876"}],"collection":[{"href":"http:\/\/www.gecp.pt\/en\/wp-json\/wp\/v2\/pages"}],"about":[{"href":"http:\/\/www.gecp.pt\/en\/wp-json\/wp\/v2\/types\/page"}],"author":[{"embeddable":true,"href":"http:\/\/www.gecp.pt\/en\/wp-json\/wp\/v2\/users\/1"}],"replies":[{"embeddable":true,"href":"http:\/\/www.gecp.pt\/en\/wp-json\/wp\/v2\/comments?post=2876"}],"version-history":[{"count":43,"href":"http:\/\/www.gecp.pt\/en\/wp-json\/wp\/v2\/pages\/2876\/revisions"}],"predecessor-version":[{"id":14165,"href":"http:\/\/www.gecp.pt\/en\/wp-json\/wp\/v2\/pages\/2876\/revisions\/14165"}],"wp:attachment":[{"href":"http:\/\/www.gecp.pt\/en\/wp-json\/wp\/v2\/media?parent=2876"}],"curies":[{"name":"wp","href":"https:\/\/api.w.org\/{rel}","templated":true}]}}