{"id":10678,"date":"2022-04-06T20:02:05","date_gmt":"2022-04-06T19:02:05","guid":{"rendered":"https:\/\/www.gecp.pt\/?page_id=10678"},"modified":"2022-04-06T20:04:20","modified_gmt":"2022-04-06T19:04:20","slug":"livros","status":"publish","type":"page","link":"http:\/\/www.gecp.pt\/en\/livros\/","title":{"rendered":"Livros"},"content":{"rendered":"<p><\/p>\n\n\n\n<p><\/p><!-- AddThis Advanced Settings generic via filter on the_content --><!-- AddThis Share Buttons generic via filter on the_content -->","protected":false},"excerpt":{"rendered":"<p>LIVROSPublica\u00e7\u00f5es para Profissionais 100 Perguntas Chave no Cancro do Pulm\u00e3o ASSOCIA\u00c7\u00d5ES DE IMUNOTERAPIA EM DOENTES CPNPC EM ESTADIO IV Novas abordagens terap\u00eauticas<!-- AddThis Advanced Settings generic via filter on get_the_excerpt --><!-- AddThis Share Buttons generic via filter on get_the_excerpt --><\/p>","protected":false},"author":1,"featured_media":0,"parent":0,"menu_order":0,"comment_status":"closed","ping_status":"closed","template":"","meta":{"om_disable_all_campaigns":false,"_monsterinsights_skip_tracking":false,"_monsterinsights_sitenote_active":false,"_monsterinsights_sitenote_note":"","_monsterinsights_sitenote_category":0,"ngg_post_thumbnail":0},"_links":{"self":[{"href":"http:\/\/www.gecp.pt\/en\/wp-json\/wp\/v2\/pages\/10678"}],"collection":[{"href":"http:\/\/www.gecp.pt\/en\/wp-json\/wp\/v2\/pages"}],"about":[{"href":"http:\/\/www.gecp.pt\/en\/wp-json\/wp\/v2\/types\/page"}],"author":[{"embeddable":true,"href":"http:\/\/www.gecp.pt\/en\/wp-json\/wp\/v2\/users\/1"}],"replies":[{"embeddable":true,"href":"http:\/\/www.gecp.pt\/en\/wp-json\/wp\/v2\/comments?post=10678"}],"version-history":[{"count":3,"href":"http:\/\/www.gecp.pt\/en\/wp-json\/wp\/v2\/pages\/10678\/revisions"}],"predecessor-version":[{"id":10685,"href":"http:\/\/www.gecp.pt\/en\/wp-json\/wp\/v2\/pages\/10678\/revisions\/10685"}],"wp:attachment":[{"href":"http:\/\/www.gecp.pt\/en\/wp-json\/wp\/v2\/media?parent=10678"}],"curies":[{"name":"wp","href":"https:\/\/api.w.org\/{rel}","templated":true}]}}